{"id":109,"date":"2019-08-21T15:40:56","date_gmt":"2019-08-21T15:40:56","guid":{"rendered":"https:\/\/acheterbilletindetectable.com\/?page_id=109"},"modified":"2022-01-18T13:39:06","modified_gmt":"2022-01-18T13:39:06","slug":"paiement-et-livraison","status":"publish","type":"page","link":"https:\/\/acheterbilletindetectable.com\/de\/paiement-et-livraison\/","title":{"rendered":"Zahlung und Lieferung"},"content":{"rendered":"<div class=\"vc_row wpb_row vc_row-fluid\"><div class=\"wpb_column vc_column_container vc_col-sm-12\"><div class=\"vc_column-inner\"><div class=\"wpb_wrapper\">\n\t<div class=\"wpb_text_column wpb_content_element\" >\n\t\t<div class=\"wpb_wrapper\">\n\t\t\t<p>Zahlung und Lieferung Realistischer Euro-Banknoten, Bitcoin-Zahlung, Pcs-Zahlung<\/p>\n<p>Die folgenden Zahlungsm\u00f6glichkeiten stehen zur Verf\u00fcgung Bank\u00fcberweisung, <a href=\"https:\/\/www.recharge.fr\/\" target=\"_blank\" rel=\"noopener noreferrer\">recharges pcs<\/a>, Western Union, Bitcoins \u00fcberweisen.<\/p>\n<p>ICH M\u00d6CHTE BESTELLEN!<\/p>\n<p>Nichts einfacher als das: Kontaktieren Sie uns \u00fcber das Formular oder direkt \u00fcber die EMAIL-Adresse und geben Sie an, was Sie brauchen.<\/p>\n<p><a href=\"https:\/\/acheterbilletindetectable.com\/de\/product\/billet-de-20-euros\/\">WIE WERDE ICH AUSGELIEFERT?<\/a><\/p>\n<p>Sobald Ihre Bestellung registriert ist, werden Sie innerhalb von 24 bis maximal 48 Stunden beliefert. Je nach Umfang Ihrer Bestellung und der Lieferadresse werden Sie entweder per Post (dank unserer internen Kontakte) oder durch einen unserer spezialisierten Kuriere an die Adresse Ihrer Wahl geliefert. Der Service ist schnell, effizient und unabh\u00e4ngig von Ihrem Aufenthaltsort verf\u00fcgbar.<\/p>\n<p>WAS IST, WENN MEIN PAKET NICHT BEI MIR ANKOMMT?<\/p>\n<p>Bei nicht fristgerechter Lieferung, f\u00fcr die wir verantwortlich sind, erhalten Sie automatisch einen Bonus von 10% auf Ihre Bestellung oder eine R\u00fcckerstattung, wenn Sie dies w\u00fcnschen.<\/p>\n<p>Zahlung und Lieferung Realistischer Euro-Banknoten, Bitcoin-Zahlung, Pcs-Zahlung<\/p>\n\n\t\t<\/div>\n\t<\/div>\n<\/div><\/div><\/div><\/div>","protected":false},"excerpt":{"rendered":"Paiement et Livraison billet euro realiste, payment bitcoin, payment pcs Les moyens de paiement suivants sont disponibles virement bancaire, recharges pcs, transfert western union, bitcoins. JE VEUX COMMANDER! Rien de plus simple, contactez-nous via le formulaire ou directement via l'adresse EMAIL et pr\u00e9cisez votre besoin. COMMENT SERAI-JE LIVRE? Une fois la commande enregistr\u00e9e, vous serez [...]","protected":false},"author":1,"featured_media":0,"parent":0,"menu_order":0,"comment_status":"closed","ping_status":"closed","template":"template-fullwidth.php","meta":{"_joinchat":[],"footnotes":""},"class_list":["post-109","page","type-page","status-publish","hentry"],"yoast_head":"<!-- This site is optimized with the Yoast SEO plugin v20.11 - https:\/\/yoast.com\/wordpress\/plugins\/seo\/ -->\n<title>Paiement et Livraison billet euro realiste, payment bitcoin, payment pcs<\/title>\n<meta name=\"description\" content=\"Paiement et Livraison billet euro realiste, payment bitcoin, payment pcs. Les moyens de paiement suivants sont disponibles recharges pcs, bitcoins.\" \/>\n<meta name=\"robots\" content=\"index, follow, max-snippet:-1, max-image-preview:large, max-video-preview:-1\" \/>\n<link rel=\"canonical\" href=\"https:\/\/acheterbilletindetectable.com\/de\/paiement-et-livraison\/\" \/>\n<meta property=\"og:locale\" content=\"de_DE\" \/>\n<meta property=\"og:type\" content=\"article\" \/>\n<meta property=\"og:title\" content=\"Paiement et Livraison billet euro realiste, payment bitcoin, payment pcs\" \/>\n<meta property=\"og:description\" content=\"Paiement et Livraison billet euro realiste, payment bitcoin, payment pcs. Les moyens de paiement suivants sont disponibles recharges pcs, bitcoins.\" \/>\n<meta property=\"og:url\" content=\"https:\/\/acheterbilletindetectable.com\/de\/paiement-et-livraison\/\" \/>\n<meta property=\"og:site_name\" content=\"Acheter Billet Indetectable\" \/>\n<meta property=\"article:modified_time\" content=\"2022-01-18T13:39:06+00:00\" \/>\n<meta name=\"twitter:card\" content=\"summary_large_image\" \/>\n<meta name=\"twitter:label1\" content=\"Gesch\u00e4tzte Lesezeit\" \/>\n\t<meta name=\"twitter:data1\" content=\"1\u00a0Minute\" \/>\n<script type=\"application\/ld+json\" class=\"yoast-schema-graph\">{\"@context\":\"https:\/\/schema.org\",\"@graph\":[{\"@type\":\"WebPage\",\"@id\":\"https:\/\/acheterbilletindetectable.com\/paiement-et-livraison\/\",\"url\":\"https:\/\/acheterbilletindetectable.com\/paiement-et-livraison\/\",\"name\":\"Paiement et Livraison billet euro realiste, payment bitcoin, payment pcs\",\"isPartOf\":{\"@id\":\"https:\/\/acheterbilletindetectable.com\/#website\"},\"datePublished\":\"2019-08-21T15:40:56+00:00\",\"dateModified\":\"2022-01-18T13:39:06+00:00\",\"description\":\"Paiement et Livraison billet euro realiste, payment bitcoin, payment pcs. Les moyens de paiement suivants sont disponibles recharges pcs, bitcoins.\",\"breadcrumb\":{\"@id\":\"https:\/\/acheterbilletindetectable.com\/paiement-et-livraison\/#breadcrumb\"},\"inLanguage\":\"de\",\"potentialAction\":[{\"@type\":\"ReadAction\",\"target\":[\"https:\/\/acheterbilletindetectable.com\/paiement-et-livraison\/\"]}]},{\"@type\":\"BreadcrumbList\",\"@id\":\"https:\/\/acheterbilletindetectable.com\/paiement-et-livraison\/#breadcrumb\",\"itemListElement\":[{\"@type\":\"ListItem\",\"position\":1,\"name\":\"Accueil\",\"item\":\"https:\/\/acheterbilletindetectable.com\/\"},{\"@type\":\"ListItem\",\"position\":2,\"name\":\"Paiement et Livraison\"}]},{\"@type\":\"WebSite\",\"@id\":\"https:\/\/acheterbilletindetectable.com\/#website\",\"url\":\"https:\/\/acheterbilletindetectable.com\/\",\"name\":\"Acheter Billet Indetectable\",\"description\":\"Acheter Billet Indetectable\",\"publisher\":{\"@id\":\"https:\/\/acheterbilletindetectable.com\/#organization\"},\"potentialAction\":[{\"@type\":\"SearchAction\",\"target\":{\"@type\":\"EntryPoint\",\"urlTemplate\":\"https:\/\/acheterbilletindetectable.com\/?s={search_term_string}\"},\"query-input\":\"required name=search_term_string\"}],\"inLanguage\":\"de\"},{\"@type\":\"Organization\",\"@id\":\"https:\/\/acheterbilletindetectable.com\/#organization\",\"name\":\"Acheter Billet Indetectable\",\"url\":\"https:\/\/acheterbilletindetectable.com\/\",\"logo\":{\"@type\":\"ImageObject\",\"inLanguage\":\"de\",\"@id\":\"https:\/\/acheterbilletindetectable.com\/#\/schema\/logo\/image\/\",\"url\":\"https:\/\/acheterbilletindetectable.com\/wp-content\/uploads\/2022\/01\/free-euro-1.png\",\"contentUrl\":\"https:\/\/acheterbilletindetectable.com\/wp-content\/uploads\/2022\/01\/free-euro-1.png\",\"width\":150,\"height\":150,\"caption\":\"Acheter Billet Indetectable\"},\"image\":{\"@id\":\"https:\/\/acheterbilletindetectable.com\/#\/schema\/logo\/image\/\"}}]}<\/script>\n<!-- \/ Yoast SEO plugin. -->","yoast_head_json":{"title":"Paiement et Livraison billet euro realiste, payment bitcoin, payment pcs","description":"Paiement et Livraison billet euro realiste, payment bitcoin, payment pcs. Les moyens de paiement suivants sont disponibles recharges pcs, bitcoins.","robots":{"index":"index","follow":"follow","max-snippet":"max-snippet:-1","max-image-preview":"max-image-preview:large","max-video-preview":"max-video-preview:-1"},"canonical":"https:\/\/acheterbilletindetectable.com\/de\/paiement-et-livraison\/","og_locale":"de_DE","og_type":"article","og_title":"Paiement et Livraison billet euro realiste, payment bitcoin, payment pcs","og_description":"Paiement et Livraison billet euro realiste, payment bitcoin, payment pcs. Les moyens de paiement suivants sont disponibles recharges pcs, bitcoins.","og_url":"https:\/\/acheterbilletindetectable.com\/de\/paiement-et-livraison\/","og_site_name":"Acheter Billet Indetectable","article_modified_time":"2022-01-18T13:39:06+00:00","twitter_card":"summary_large_image","twitter_misc":{"Gesch\u00e4tzte Lesezeit":"1\u00a0Minute"},"schema":{"@context":"https:\/\/schema.org","@graph":[{"@type":"WebPage","@id":"https:\/\/acheterbilletindetectable.com\/paiement-et-livraison\/","url":"https:\/\/acheterbilletindetectable.com\/paiement-et-livraison\/","name":"Paiement et Livraison billet euro realiste, payment bitcoin, payment pcs","isPartOf":{"@id":"https:\/\/acheterbilletindetectable.com\/#website"},"datePublished":"2019-08-21T15:40:56+00:00","dateModified":"2022-01-18T13:39:06+00:00","description":"Paiement et Livraison billet euro realiste, payment bitcoin, payment pcs. Les moyens de paiement suivants sont disponibles recharges pcs, bitcoins.","breadcrumb":{"@id":"https:\/\/acheterbilletindetectable.com\/paiement-et-livraison\/#breadcrumb"},"inLanguage":"de","potentialAction":[{"@type":"ReadAction","target":["https:\/\/acheterbilletindetectable.com\/paiement-et-livraison\/"]}]},{"@type":"BreadcrumbList","@id":"https:\/\/acheterbilletindetectable.com\/paiement-et-livraison\/#breadcrumb","itemListElement":[{"@type":"ListItem","position":1,"name":"Accueil","item":"https:\/\/acheterbilletindetectable.com\/"},{"@type":"ListItem","position":2,"name":"Paiement et Livraison"}]},{"@type":"WebSite","@id":"https:\/\/acheterbilletindetectable.com\/#website","url":"https:\/\/acheterbilletindetectable.com\/","name":"Acheter Billet Indetectable","description":"Acheter Billet Indetectable","publisher":{"@id":"https:\/\/acheterbilletindetectable.com\/#organization"},"potentialAction":[{"@type":"SearchAction","target":{"@type":"EntryPoint","urlTemplate":"https:\/\/acheterbilletindetectable.com\/?s={search_term_string}"},"query-input":"required name=search_term_string"}],"inLanguage":"de"},{"@type":"Organization","@id":"https:\/\/acheterbilletindetectable.com\/#organization","name":"Acheter Billet Indetectable","url":"https:\/\/acheterbilletindetectable.com\/","logo":{"@type":"ImageObject","inLanguage":"de","@id":"https:\/\/acheterbilletindetectable.com\/#\/schema\/logo\/image\/","url":"https:\/\/acheterbilletindetectable.com\/wp-content\/uploads\/2022\/01\/free-euro-1.png","contentUrl":"https:\/\/acheterbilletindetectable.com\/wp-content\/uploads\/2022\/01\/free-euro-1.png","width":150,"height":150,"caption":"Acheter Billet Indetectable"},"image":{"@id":"https:\/\/acheterbilletindetectable.com\/#\/schema\/logo\/image\/"}}]}},"_links":{"self":[{"href":"https:\/\/acheterbilletindetectable.com\/de\/wp-json\/wp\/v2\/pages\/109","targetHints":{"allow":["GET"]}}],"collection":[{"href":"https:\/\/acheterbilletindetectable.com\/de\/wp-json\/wp\/v2\/pages"}],"about":[{"href":"https:\/\/acheterbilletindetectable.com\/de\/wp-json\/wp\/v2\/types\/page"}],"author":[{"embeddable":true,"href":"https:\/\/acheterbilletindetectable.com\/de\/wp-json\/wp\/v2\/users\/1"}],"replies":[{"embeddable":true,"href":"https:\/\/acheterbilletindetectable.com\/de\/wp-json\/wp\/v2\/comments?post=109"}],"version-history":[{"count":3,"href":"https:\/\/acheterbilletindetectable.com\/de\/wp-json\/wp\/v2\/pages\/109\/revisions"}],"predecessor-version":[{"id":2505,"href":"https:\/\/acheterbilletindetectable.com\/de\/wp-json\/wp\/v2\/pages\/109\/revisions\/2505"}],"wp:attachment":[{"href":"https:\/\/acheterbilletindetectable.com\/de\/wp-json\/wp\/v2\/media?parent=109"}],"curies":[{"name":"wp","href":"https:\/\/api.w.org\/{rel}","templated":true}]}}