{"id":101,"date":"2019-08-21T14:28:57","date_gmt":"2019-08-21T14:28:57","guid":{"rendered":"https:\/\/acheterbilletindetectable.com\/?post_type=product&#038;p=101"},"modified":"2024-08-09T23:05:59","modified_gmt":"2024-08-09T23:05:59","slug":"billet-de-50-euros","status":"publish","type":"product","link":"https:\/\/acheterbilletindetectable.com\/de\/product\/billet-de-50-euros\/","title":{"rendered":"Fahrkarte f\u00fcr 50 Euro"},"content":{"rendered":"<p>50-Euro-Schein, neuer 50-Euro-Schein,\u00a0 <a href=\"\/\/acheterdesfauxbillets.com\/acheter-faux-billets\/\" target=\"_blank\" rel=\"noopener noreferrer\">gef\u00e4lschte 50-Euro-Note<\/a><\/p>\n<p>Der 50-Euro-Schein ist die meistverkaufte Banknote, die am h\u00e4ufigsten zum Einkaufen verwendet wird und die am h\u00e4ufigsten hergestellt wird, da sie einen Wert hat, der zwischen den kleinen Banknoten (5 und 10 Euro) und den gro\u00dfen Banknoten (ab 100 Euro) liegt. Wenn Sie auf dieser Website gef\u00e4lschte 50-Euro-Scheine kaufen, k\u00f6nnen Sie damit in allen Gesch\u00e4ften, Superm\u00e4rkten, Superm\u00e4rkten und Einkaufszentren einkaufen, sie wechseln, um Wechselgeld zu erhalten, Ihre Rechnungen bezahlen (Garage, Telefon, Flohmarkt, Flohmarkt), Ihre Bestellungen und Wetten bezahlen, Essen in Fast-Food-Restaurants kaufen und viele andere Eink\u00e4ufe t\u00e4tigen, wo immer Sie m\u00f6chten. Warten Sie nicht l\u00e4nger! Kaufen Sie realistische 50-Euro-Scheine oder andere Banknoten auf unserer Plattform und erh\u00f6hen Sie Ihre Kaufkraft mit wenigen Klicks.<\/p>\n<p>DIE PREISE<br \/>\nUnsere realistischen und nicht erkennbaren gef\u00e4lschten Banknoten werden nach diesen Tarifen verkauft:<br \/>\n250\u20ac = 1000\u20ac (Mindesttransaktion)<br \/>\n350\u20ac=1600\u20ac<br \/>\n450\u20ac=2200\u20ac<br \/>\n550\u20ac=2700\u20ac<br \/>\nAlle Zahlungen werden in \u20ac geleistet!<br \/>\nBestellungen \u00fcber 5000Euro werden privat besprochen.<\/p>\n<p><a href=\"https:\/\/acheterbilletindetectable.com\/de\/contactez-nous\/\">Kontaktieren Sie Uns<\/a><\/p>","protected":false},"excerpt":{"rendered":"<p>50-Euro-Schein, neuer 50-Euro-Schein,\u00a0 <a href=\"\/\/acheterdesfauxbillets.com\/acheter-faux-billets\/\" target=\"_blank\" rel=\"noopener noreferrer\">gef\u00e4lschte 50-Euro-Note<\/a><\/p>\n<p>Der 50-Euro-Schein ist die meistverkaufte Banknote, die am h\u00e4ufigsten f\u00fcr Eink\u00e4ufe verwendet wird und die am h\u00e4ufigsten hergestellt wird, da sie einen Wert zwischen den kleinen Banknoten (5 und 10 Euro) und den gro\u00dfen Banknoten (ab 100 Euro) hat.<\/p>\n<p>DIE PREISE<br \/>\nUnsere realistischen und nicht erkennbaren gef\u00e4lschten Banknoten werden nach diesen Tarifen verkauft:<br \/>\n250\u20ac = 1000\u20ac (Mindesttransaktion)<br \/>\n350\u20ac=1600\u20ac<br \/>\n450\u20ac=2200\u20ac<br \/>\n550\u20ac=2700\u20ac<br \/>\nAlle Zahlungen werden in \u20ac geleistet!<br \/>\nBestellungen \u00fcber 5000Euro werden privat besprochen.<\/p>\n<p><a href=\"https:\/\/acheterbilletindetectable.com\/de\/contactez-nous\/\">Kontaktieren Sie Uns<\/a><\/p>","protected":false},"featured_media":103,"comment_status":"open","ping_status":"closed","template":"","meta":{"_joinchat":[]},"product_cat":[18],"product_tag":[51,48,46,54,50,52,53,49,47],"class_list":["post-101","product","type-product","status-publish","has-post-thumbnail","hentry","product_cat-monnaie","product_tag-billet-50","product_tag-billet-50-euros","product_tag-billet-de-50-euros","product_tag-faux-billet-50-euros","product_tag-faux-billet-de-50","product_tag-faux-billet-de-50-euros","product_tag-nouveau-billet-50","product_tag-nouveau-billet-de-50","product_tag-nouveau-billet-de-50-euros"],"yoast_head":"<!-- This site is optimized with the Yoast SEO plugin v20.11 - https:\/\/yoast.com\/wordpress\/plugins\/seo\/ -->\n<title>billet de 50 euros, nouveau billet de 50 euros, billet 50 euros<\/title>\n<meta name=\"description\" content=\"billet de 50 euros, nouveau billet de 50 euros, billet 50 euros, nouveau billet de 50, faux billet de 50, billet 50, faux billet de 50 euros\" \/>\n<meta name=\"robots\" content=\"index, follow, max-snippet:-1, max-image-preview:large, max-video-preview:-1\" \/>\n<link rel=\"canonical\" href=\"https:\/\/acheterbilletindetectable.com\/de\/product\/billet-de-50-euros\/\" \/>\n<meta property=\"og:locale\" content=\"de_DE\" \/>\n<meta property=\"og:type\" content=\"article\" \/>\n<meta property=\"og:title\" content=\"billet de 50 euros, nouveau billet de 50 euros, billet 50 euros\" \/>\n<meta property=\"og:description\" content=\"billet de 50 euros, nouveau billet de 50 euros, billet 50 euros, nouveau billet de 50, faux billet de 50, billet 50, faux billet de 50 euros\" \/>\n<meta property=\"og:url\" content=\"https:\/\/acheterbilletindetectable.com\/de\/product\/billet-de-50-euros\/\" \/>\n<meta property=\"og:site_name\" content=\"Acheter Billet Indetectable\" \/>\n<meta property=\"article:modified_time\" content=\"2024-08-09T23:05:59+00:00\" \/>\n<meta property=\"og:image\" content=\"https:\/\/acheterbilletindetectable.com\/wp-content\/uploads\/2019\/08\/billet-de-50-euros.jpg\" \/>\n\t<meta property=\"og:image:width\" content=\"1280\" \/>\n\t<meta property=\"og:image:height\" content=\"720\" \/>\n\t<meta property=\"og:image:type\" content=\"image\/jpeg\" \/>\n<meta name=\"twitter:card\" content=\"summary_large_image\" \/>\n<meta name=\"twitter:label1\" content=\"Gesch\u00e4tzte Lesezeit\" \/>\n\t<meta name=\"twitter:data1\" content=\"2\u00a0Minuten\" \/>\n<script type=\"application\/ld+json\" class=\"yoast-schema-graph\">{\"@context\":\"https:\/\/schema.org\",\"@graph\":[{\"@type\":\"WebPage\",\"@id\":\"https:\/\/acheterbilletindetectable.com\/product\/billet-de-50-euros\/\",\"url\":\"https:\/\/acheterbilletindetectable.com\/product\/billet-de-50-euros\/\",\"name\":\"billet de 50 euros, nouveau billet de 50 euros, billet 50 euros\",\"isPartOf\":{\"@id\":\"https:\/\/acheterbilletindetectable.com\/#website\"},\"datePublished\":\"2019-08-21T14:28:57+00:00\",\"dateModified\":\"2024-08-09T23:05:59+00:00\",\"description\":\"billet de 50 euros, nouveau billet de 50 euros, billet 50 euros, nouveau billet de 50, faux billet de 50, billet 50, faux billet de 50 euros\",\"breadcrumb\":{\"@id\":\"https:\/\/acheterbilletindetectable.com\/product\/billet-de-50-euros\/#breadcrumb\"},\"inLanguage\":\"de\",\"potentialAction\":[{\"@type\":\"ReadAction\",\"target\":[\"https:\/\/acheterbilletindetectable.com\/product\/billet-de-50-euros\/\"]}]},{\"@type\":\"BreadcrumbList\",\"@id\":\"https:\/\/acheterbilletindetectable.com\/product\/billet-de-50-euros\/#breadcrumb\",\"itemListElement\":[{\"@type\":\"ListItem\",\"position\":1,\"name\":\"Accueil\",\"item\":\"https:\/\/acheterbilletindetectable.com\/\"},{\"@type\":\"ListItem\",\"position\":2,\"name\":\"Boutique\",\"item\":\"https:\/\/acheterbilletindetectable.com\/boutique\/\"},{\"@type\":\"ListItem\",\"position\":3,\"name\":\"Billet de 50 euros\"}]},{\"@type\":\"WebSite\",\"@id\":\"https:\/\/acheterbilletindetectable.com\/#website\",\"url\":\"https:\/\/acheterbilletindetectable.com\/\",\"name\":\"Acheter Billet Indetectable\",\"description\":\"Acheter Billet Indetectable\",\"publisher\":{\"@id\":\"https:\/\/acheterbilletindetectable.com\/#organization\"},\"potentialAction\":[{\"@type\":\"SearchAction\",\"target\":{\"@type\":\"EntryPoint\",\"urlTemplate\":\"https:\/\/acheterbilletindetectable.com\/?s={search_term_string}\"},\"query-input\":\"required name=search_term_string\"}],\"inLanguage\":\"de\"},{\"@type\":\"Organization\",\"@id\":\"https:\/\/acheterbilletindetectable.com\/#organization\",\"name\":\"Acheter Billet Indetectable\",\"url\":\"https:\/\/acheterbilletindetectable.com\/\",\"logo\":{\"@type\":\"ImageObject\",\"inLanguage\":\"de\",\"@id\":\"https:\/\/acheterbilletindetectable.com\/#\/schema\/logo\/image\/\",\"url\":\"https:\/\/acheterbilletindetectable.com\/wp-content\/uploads\/2022\/01\/free-euro-1.png\",\"contentUrl\":\"https:\/\/acheterbilletindetectable.com\/wp-content\/uploads\/2022\/01\/free-euro-1.png\",\"width\":150,\"height\":150,\"caption\":\"Acheter Billet Indetectable\"},\"image\":{\"@id\":\"https:\/\/acheterbilletindetectable.com\/#\/schema\/logo\/image\/\"}}]}<\/script>\n<!-- \/ Yoast SEO plugin. -->","yoast_head_json":{"title":"billet de 50 euros, nouveau billet de 50 euros, billet 50 euros","description":"billet de 50 euros, nouveau billet de 50 euros, billet 50 euros, nouveau billet de 50, faux billet de 50, billet 50, faux billet de 50 euros","robots":{"index":"index","follow":"follow","max-snippet":"max-snippet:-1","max-image-preview":"max-image-preview:large","max-video-preview":"max-video-preview:-1"},"canonical":"https:\/\/acheterbilletindetectable.com\/de\/product\/billet-de-50-euros\/","og_locale":"de_DE","og_type":"article","og_title":"billet de 50 euros, nouveau billet de 50 euros, billet 50 euros","og_description":"billet de 50 euros, nouveau billet de 50 euros, billet 50 euros, nouveau billet de 50, faux billet de 50, billet 50, faux billet de 50 euros","og_url":"https:\/\/acheterbilletindetectable.com\/de\/product\/billet-de-50-euros\/","og_site_name":"Acheter Billet Indetectable","article_modified_time":"2024-08-09T23:05:59+00:00","og_image":[{"width":1280,"height":720,"url":"https:\/\/acheterbilletindetectable.com\/wp-content\/uploads\/2019\/08\/billet-de-50-euros.jpg","type":"image\/jpeg"}],"twitter_card":"summary_large_image","twitter_misc":{"Gesch\u00e4tzte Lesezeit":"2\u00a0Minuten"},"schema":{"@context":"https:\/\/schema.org","@graph":[{"@type":"WebPage","@id":"https:\/\/acheterbilletindetectable.com\/product\/billet-de-50-euros\/","url":"https:\/\/acheterbilletindetectable.com\/product\/billet-de-50-euros\/","name":"billet de 50 euros, nouveau billet de 50 euros, billet 50 euros","isPartOf":{"@id":"https:\/\/acheterbilletindetectable.com\/#website"},"datePublished":"2019-08-21T14:28:57+00:00","dateModified":"2024-08-09T23:05:59+00:00","description":"billet de 50 euros, nouveau billet de 50 euros, billet 50 euros, nouveau billet de 50, faux billet de 50, billet 50, faux billet de 50 euros","breadcrumb":{"@id":"https:\/\/acheterbilletindetectable.com\/product\/billet-de-50-euros\/#breadcrumb"},"inLanguage":"de","potentialAction":[{"@type":"ReadAction","target":["https:\/\/acheterbilletindetectable.com\/product\/billet-de-50-euros\/"]}]},{"@type":"BreadcrumbList","@id":"https:\/\/acheterbilletindetectable.com\/product\/billet-de-50-euros\/#breadcrumb","itemListElement":[{"@type":"ListItem","position":1,"name":"Accueil","item":"https:\/\/acheterbilletindetectable.com\/"},{"@type":"ListItem","position":2,"name":"Boutique","item":"https:\/\/acheterbilletindetectable.com\/boutique\/"},{"@type":"ListItem","position":3,"name":"Billet de 50 euros"}]},{"@type":"WebSite","@id":"https:\/\/acheterbilletindetectable.com\/#website","url":"https:\/\/acheterbilletindetectable.com\/","name":"Acheter Billet Indetectable","description":"Acheter Billet Indetectable","publisher":{"@id":"https:\/\/acheterbilletindetectable.com\/#organization"},"potentialAction":[{"@type":"SearchAction","target":{"@type":"EntryPoint","urlTemplate":"https:\/\/acheterbilletindetectable.com\/?s={search_term_string}"},"query-input":"required name=search_term_string"}],"inLanguage":"de"},{"@type":"Organization","@id":"https:\/\/acheterbilletindetectable.com\/#organization","name":"Acheter Billet Indetectable","url":"https:\/\/acheterbilletindetectable.com\/","logo":{"@type":"ImageObject","inLanguage":"de","@id":"https:\/\/acheterbilletindetectable.com\/#\/schema\/logo\/image\/","url":"https:\/\/acheterbilletindetectable.com\/wp-content\/uploads\/2022\/01\/free-euro-1.png","contentUrl":"https:\/\/acheterbilletindetectable.com\/wp-content\/uploads\/2022\/01\/free-euro-1.png","width":150,"height":150,"caption":"Acheter Billet Indetectable"},"image":{"@id":"https:\/\/acheterbilletindetectable.com\/#\/schema\/logo\/image\/"}}]}},"_links":{"self":[{"href":"https:\/\/acheterbilletindetectable.com\/de\/wp-json\/wp\/v2\/product\/101","targetHints":{"allow":["GET"]}}],"collection":[{"href":"https:\/\/acheterbilletindetectable.com\/de\/wp-json\/wp\/v2\/product"}],"about":[{"href":"https:\/\/acheterbilletindetectable.com\/de\/wp-json\/wp\/v2\/types\/product"}],"replies":[{"embeddable":true,"href":"https:\/\/acheterbilletindetectable.com\/de\/wp-json\/wp\/v2\/comments?post=101"}],"wp:featuredmedia":[{"embeddable":true,"href":"https:\/\/acheterbilletindetectable.com\/de\/wp-json\/wp\/v2\/media\/103"}],"wp:attachment":[{"href":"https:\/\/acheterbilletindetectable.com\/de\/wp-json\/wp\/v2\/media?parent=101"}],"wp:term":[{"taxonomy":"product_cat","embeddable":true,"href":"https:\/\/acheterbilletindetectable.com\/de\/wp-json\/wp\/v2\/product_cat?post=101"},{"taxonomy":"product_tag","embeddable":true,"href":"https:\/\/acheterbilletindetectable.com\/de\/wp-json\/wp\/v2\/product_tag?post=101"}],"curies":[{"name":"wp","href":"https:\/\/api.w.org\/{rel}","templated":true}]}}