{"id":104,"date":"2019-08-21T15:03:50","date_gmt":"2019-08-21T15:03:50","guid":{"rendered":"https:\/\/acheterbilletindetectable.com\/?post_type=product&#038;p=104"},"modified":"2025-09-24T17:01:24","modified_gmt":"2025-09-24T17:01:24","slug":"billet-de-100-euros","status":"publish","type":"product","link":"https:\/\/acheterbilletindetectable.com\/de\/product\/billet-de-100-euros\/","title":{"rendered":"100-Euro-Schein"},"content":{"rendered":"<p>100-Euro-Schein\u00a0 <a href=\"\/\/acheterdesfauxbillets.com\/acheter-faux-billets\/\" target=\"_blank\" rel=\"noopener noreferrer\">gef\u00e4lschte 100-Euro-Note<\/a><\/p>\n<p>Der 100-Euro-Schein ist die viertgr\u00f6\u00dfte Banknote und gilt als die kleinste der gro\u00dfen Banknoten (100, 200 und 500 Euro). Er ist jetzt auf unserer Website f\u00fcr den Online-Verkauf von gef\u00e4lschten Banknoten erh\u00e4ltlich. Wie alle anderen Banknoten, die wir verkaufen, durchlaufen auch die 100-Euro-Scheine, die Sie hier kaufen, einen sehr sorgf\u00e4ltigen Herstellungsprozess, der sicherstellt, dass nicht erkannt werden kann, dass es sich in Wirklichkeit um gef\u00e4lschte Banknoten handelt, da diese Banknoten in jeder Hinsicht mit den von den Notenbanken hergestellten Banknoten identisch sind. Bei allen Vorsichtsma\u00dfnahmen, die wir ergreifen, um diese Banknoten originalgetreu zu reproduzieren, besteht die einzige M\u00f6glichkeit, gef\u00e4lschte Banknoten zu erkennen, darin, ihre Nummern in den Datenbanken zu \u00fcberpr\u00fcfen.<br \/>\nKaufen Sie Banknoten im Wert von 100 Euro oder mehr und verbessern Sie Ihren Alltag und den Ihrer Lieben. Es sind nur wenige Klicks n\u00f6tig, um in allen gro\u00dfen Superm\u00e4rkten und Gesch\u00e4ften nicht erkennbare gef\u00e4lschte Banknoten zu kaufen.<\/p>\n<h2>DIE PREISE<\/h2>\n<p>Unsere realistischen und nicht erkennbaren gef\u00e4lschten Banknoten werden nach diesen Tarifen verkauft:<br \/>\n250\u20ac = 1000\u20ac (Mindesttransaktion)<br \/>\n350\u20ac=1600\u20ac<br \/>\n450\u20ac=2200\u20ac<br \/>\n550\u20ac=2700\u20ac<br \/>\nAlle Zahlungen werden in \u20ac geleistet!<br \/>\nBestellungen \u00fcber 5000Euro werden privat besprochen \u00fcber<\/p>\n<p><a href=\"https:\/\/acheterbilletindetectable.com\/de\/contactez-nous\/\">Kontaktieren Sie Uns<\/a><\/p>","protected":false},"excerpt":{"rendered":"<p>Der 100-Euro-Schein ist die viertgr\u00f6\u00dfte Banknote und gilt als die kleinste der gro\u00dfen Banknoten (100, 200 und 500 Euro).<\/p>\n<h2>DIE PREISE<\/h2>\n<p>Unsere realistischen und nicht erkennbaren gef\u00e4lschten Banknoten werden nach diesen Tarifen verkauft:<br \/>\n250\u20ac = 1000\u20ac (Mindesttransaktion)<br \/>\n350\u20ac=1600\u20ac<br \/>\n450\u20ac=2200\u20ac<br \/>\n550\u20ac=2700\u20ac<br \/>\nAlle Zahlungen werden in \u20ac geleistet!<br \/>\nBestellungen \u00fcber 5000Euro werden privat besprochen.<\/p>\n<p><a href=\"https:\/\/acheterbilletindetectable.com\/de\/contactez-nous\/\">Kontaktieren Sie Uns<\/a><\/p>","protected":false},"featured_media":105,"comment_status":"open","ping_status":"closed","template":"","meta":{"_joinchat":[]},"product_cat":[18],"product_tag":[57,62,58,55,60,59,36,33,61,56],"class_list":["post-104","product","type-product","status-publish","has-post-thumbnail","hentry","product_cat-monnaie","product_tag-billet-100-euros","product_tag-billet-100-euros-faux","product_tag-billet-de-100","product_tag-billet-de-100-euros","product_tag-billet-de-100-euros-a-imprimer","product_tag-faux-billet-de-100-euros","product_tag-les-billets-en-euros","product_tag-nouveau-billet","product_tag-nouveau-billet-100-euros","product_tag-nouveau-billet-de-100-euros"],"yoast_head":"<!-- This site is optimized with the Yoast SEO plugin v20.11 - https:\/\/yoast.com\/wordpress\/plugins\/seo\/ -->\n<title>billet de 100 euros, nouveau billet de 100 euros, billet 100 euros<\/title>\n<meta name=\"description\" content=\"billet de 100 euros, nouveau billet de 100 euros, billet 100 euros, nouveau billet, les billets en euros, billet de 100, faux billet de 100 euros\" \/>\n<meta name=\"robots\" content=\"index, follow, max-snippet:-1, max-image-preview:large, max-video-preview:-1\" \/>\n<link rel=\"canonical\" href=\"https:\/\/acheterbilletindetectable.com\/de\/product\/billet-de-100-euros\/\" \/>\n<meta property=\"og:locale\" content=\"de_DE\" \/>\n<meta property=\"og:type\" content=\"article\" \/>\n<meta property=\"og:title\" content=\"billet de 100 euros, nouveau billet de 100 euros, billet 100 euros\" \/>\n<meta property=\"og:description\" content=\"billet de 100 euros, nouveau billet de 100 euros, billet 100 euros, nouveau billet, les billets en euros, billet de 100, faux billet de 100 euros\" \/>\n<meta property=\"og:url\" content=\"https:\/\/acheterbilletindetectable.com\/de\/product\/billet-de-100-euros\/\" \/>\n<meta property=\"og:site_name\" content=\"Acheter Billet Indetectable\" \/>\n<meta property=\"article:modified_time\" content=\"2025-09-24T17:01:24+00:00\" \/>\n<meta property=\"og:image\" content=\"https:\/\/acheterbilletindetectable.com\/wp-content\/uploads\/2019\/08\/billet-de-100-euros.jpg\" \/>\n\t<meta property=\"og:image:width\" content=\"1280\" \/>\n\t<meta property=\"og:image:height\" content=\"720\" \/>\n\t<meta property=\"og:image:type\" content=\"image\/jpeg\" \/>\n<meta name=\"twitter:card\" content=\"summary_large_image\" \/>\n<meta name=\"twitter:label1\" content=\"Gesch\u00e4tzte Lesezeit\" \/>\n\t<meta name=\"twitter:data1\" content=\"2\u00a0Minuten\" \/>\n<script type=\"application\/ld+json\" class=\"yoast-schema-graph\">{\"@context\":\"https:\/\/schema.org\",\"@graph\":[{\"@type\":\"WebPage\",\"@id\":\"https:\/\/acheterbilletindetectable.com\/product\/billet-de-100-euros\/\",\"url\":\"https:\/\/acheterbilletindetectable.com\/product\/billet-de-100-euros\/\",\"name\":\"billet de 100 euros, nouveau billet de 100 euros, billet 100 euros\",\"isPartOf\":{\"@id\":\"https:\/\/acheterbilletindetectable.com\/#website\"},\"datePublished\":\"2019-08-21T15:03:50+00:00\",\"dateModified\":\"2025-09-24T17:01:24+00:00\",\"description\":\"billet de 100 euros, nouveau billet de 100 euros, billet 100 euros, nouveau billet, les billets en euros, billet de 100, faux billet de 100 euros\",\"breadcrumb\":{\"@id\":\"https:\/\/acheterbilletindetectable.com\/product\/billet-de-100-euros\/#breadcrumb\"},\"inLanguage\":\"de\",\"potentialAction\":[{\"@type\":\"ReadAction\",\"target\":[\"https:\/\/acheterbilletindetectable.com\/product\/billet-de-100-euros\/\"]}]},{\"@type\":\"BreadcrumbList\",\"@id\":\"https:\/\/acheterbilletindetectable.com\/product\/billet-de-100-euros\/#breadcrumb\",\"itemListElement\":[{\"@type\":\"ListItem\",\"position\":1,\"name\":\"Accueil\",\"item\":\"https:\/\/acheterbilletindetectable.com\/\"},{\"@type\":\"ListItem\",\"position\":2,\"name\":\"Boutique\",\"item\":\"https:\/\/acheterbilletindetectable.com\/boutique\/\"},{\"@type\":\"ListItem\",\"position\":3,\"name\":\"Billet de 100 euros\"}]},{\"@type\":\"WebSite\",\"@id\":\"https:\/\/acheterbilletindetectable.com\/#website\",\"url\":\"https:\/\/acheterbilletindetectable.com\/\",\"name\":\"Acheter Billet Indetectable\",\"description\":\"Acheter Billet Indetectable\",\"publisher\":{\"@id\":\"https:\/\/acheterbilletindetectable.com\/#organization\"},\"potentialAction\":[{\"@type\":\"SearchAction\",\"target\":{\"@type\":\"EntryPoint\",\"urlTemplate\":\"https:\/\/acheterbilletindetectable.com\/?s={search_term_string}\"},\"query-input\":\"required name=search_term_string\"}],\"inLanguage\":\"de\"},{\"@type\":\"Organization\",\"@id\":\"https:\/\/acheterbilletindetectable.com\/#organization\",\"name\":\"Acheter Billet Indetectable\",\"url\":\"https:\/\/acheterbilletindetectable.com\/\",\"logo\":{\"@type\":\"ImageObject\",\"inLanguage\":\"de\",\"@id\":\"https:\/\/acheterbilletindetectable.com\/#\/schema\/logo\/image\/\",\"url\":\"https:\/\/acheterbilletindetectable.com\/wp-content\/uploads\/2022\/01\/free-euro-1.png\",\"contentUrl\":\"https:\/\/acheterbilletindetectable.com\/wp-content\/uploads\/2022\/01\/free-euro-1.png\",\"width\":150,\"height\":150,\"caption\":\"Acheter Billet Indetectable\"},\"image\":{\"@id\":\"https:\/\/acheterbilletindetectable.com\/#\/schema\/logo\/image\/\"}}]}<\/script>\n<!-- \/ Yoast SEO plugin. -->","yoast_head_json":{"title":"billet de 100 euros, nouveau billet de 100 euros, billet 100 euros","description":"billet de 100 euros, nouveau billet de 100 euros, billet 100 euros, nouveau billet, les billets en euros, billet de 100, faux billet de 100 euros","robots":{"index":"index","follow":"follow","max-snippet":"max-snippet:-1","max-image-preview":"max-image-preview:large","max-video-preview":"max-video-preview:-1"},"canonical":"https:\/\/acheterbilletindetectable.com\/de\/product\/billet-de-100-euros\/","og_locale":"de_DE","og_type":"article","og_title":"billet de 100 euros, nouveau billet de 100 euros, billet 100 euros","og_description":"billet de 100 euros, nouveau billet de 100 euros, billet 100 euros, nouveau billet, les billets en euros, billet de 100, faux billet de 100 euros","og_url":"https:\/\/acheterbilletindetectable.com\/de\/product\/billet-de-100-euros\/","og_site_name":"Acheter Billet Indetectable","article_modified_time":"2025-09-24T17:01:24+00:00","og_image":[{"width":1280,"height":720,"url":"https:\/\/acheterbilletindetectable.com\/wp-content\/uploads\/2019\/08\/billet-de-100-euros.jpg","type":"image\/jpeg"}],"twitter_card":"summary_large_image","twitter_misc":{"Gesch\u00e4tzte Lesezeit":"2\u00a0Minuten"},"schema":{"@context":"https:\/\/schema.org","@graph":[{"@type":"WebPage","@id":"https:\/\/acheterbilletindetectable.com\/product\/billet-de-100-euros\/","url":"https:\/\/acheterbilletindetectable.com\/product\/billet-de-100-euros\/","name":"billet de 100 euros, nouveau billet de 100 euros, billet 100 euros","isPartOf":{"@id":"https:\/\/acheterbilletindetectable.com\/#website"},"datePublished":"2019-08-21T15:03:50+00:00","dateModified":"2025-09-24T17:01:24+00:00","description":"billet de 100 euros, nouveau billet de 100 euros, billet 100 euros, nouveau billet, les billets en euros, billet de 100, faux billet de 100 euros","breadcrumb":{"@id":"https:\/\/acheterbilletindetectable.com\/product\/billet-de-100-euros\/#breadcrumb"},"inLanguage":"de","potentialAction":[{"@type":"ReadAction","target":["https:\/\/acheterbilletindetectable.com\/product\/billet-de-100-euros\/"]}]},{"@type":"BreadcrumbList","@id":"https:\/\/acheterbilletindetectable.com\/product\/billet-de-100-euros\/#breadcrumb","itemListElement":[{"@type":"ListItem","position":1,"name":"Accueil","item":"https:\/\/acheterbilletindetectable.com\/"},{"@type":"ListItem","position":2,"name":"Boutique","item":"https:\/\/acheterbilletindetectable.com\/boutique\/"},{"@type":"ListItem","position":3,"name":"Billet de 100 euros"}]},{"@type":"WebSite","@id":"https:\/\/acheterbilletindetectable.com\/#website","url":"https:\/\/acheterbilletindetectable.com\/","name":"Acheter Billet Indetectable","description":"Acheter Billet Indetectable","publisher":{"@id":"https:\/\/acheterbilletindetectable.com\/#organization"},"potentialAction":[{"@type":"SearchAction","target":{"@type":"EntryPoint","urlTemplate":"https:\/\/acheterbilletindetectable.com\/?s={search_term_string}"},"query-input":"required name=search_term_string"}],"inLanguage":"de"},{"@type":"Organization","@id":"https:\/\/acheterbilletindetectable.com\/#organization","name":"Acheter Billet Indetectable","url":"https:\/\/acheterbilletindetectable.com\/","logo":{"@type":"ImageObject","inLanguage":"de","@id":"https:\/\/acheterbilletindetectable.com\/#\/schema\/logo\/image\/","url":"https:\/\/acheterbilletindetectable.com\/wp-content\/uploads\/2022\/01\/free-euro-1.png","contentUrl":"https:\/\/acheterbilletindetectable.com\/wp-content\/uploads\/2022\/01\/free-euro-1.png","width":150,"height":150,"caption":"Acheter Billet Indetectable"},"image":{"@id":"https:\/\/acheterbilletindetectable.com\/#\/schema\/logo\/image\/"}}]}},"_links":{"self":[{"href":"https:\/\/acheterbilletindetectable.com\/de\/wp-json\/wp\/v2\/product\/104","targetHints":{"allow":["GET"]}}],"collection":[{"href":"https:\/\/acheterbilletindetectable.com\/de\/wp-json\/wp\/v2\/product"}],"about":[{"href":"https:\/\/acheterbilletindetectable.com\/de\/wp-json\/wp\/v2\/types\/product"}],"replies":[{"embeddable":true,"href":"https:\/\/acheterbilletindetectable.com\/de\/wp-json\/wp\/v2\/comments?post=104"}],"wp:featuredmedia":[{"embeddable":true,"href":"https:\/\/acheterbilletindetectable.com\/de\/wp-json\/wp\/v2\/media\/105"}],"wp:attachment":[{"href":"https:\/\/acheterbilletindetectable.com\/de\/wp-json\/wp\/v2\/media?parent=104"}],"wp:term":[{"taxonomy":"product_cat","embeddable":true,"href":"https:\/\/acheterbilletindetectable.com\/de\/wp-json\/wp\/v2\/product_cat?post=104"},{"taxonomy":"product_tag","embeddable":true,"href":"https:\/\/acheterbilletindetectable.com\/de\/wp-json\/wp\/v2\/product_tag?post=104"}],"curies":[{"name":"wp","href":"https:\/\/api.w.org\/{rel}","templated":true}]}}