{"id":106,"date":"2019-08-21T15:37:08","date_gmt":"2019-08-21T15:37:08","guid":{"rendered":"https:\/\/acheterbilletindetectable.com\/?post_type=product&#038;p=106"},"modified":"2025-10-05T00:00:33","modified_gmt":"2025-10-05T00:00:33","slug":"les-billets-de-200-et-500-euros","status":"publish","type":"product","link":"https:\/\/acheterbilletindetectable.com\/de\/product\/les-billets-de-200-et-500-euros\/","title":{"rendered":"Die 200- und 500-Euro-Scheine"},"content":{"rendered":"<p>500-Euro-Schein, 200-Euro-Schein, 200-Euro-Schein, Ein-Euro-Schein, Euro-Scheine zum Ausdrucken, 200-Euro-Schein zum Ausdrucken, <a href=\"\/\/acheterdesfauxbillets.com\" target=\"_blank\" rel=\"noopener noreferrer\">gef\u00e4lschter 500-Euro-Schein<\/a><\/p>\n<p>200- und 500-Euro-Scheine sind auf Bestellung erh\u00e4ltlich. Wir stellen sie nur f\u00fcr Gro\u00dfauftr\u00e4ge oder f\u00fcr Kunden her, die sie im Ausland verwenden werden. Andere Modalit\u00e4ten werden privat besprochen. F\u00fcr weitere Einzelheiten wenden Sie sich bitte an uns<\/p>\n<h2>DIE PREISE<\/h2>\n<p>Unsere realistischen und nicht erkennbaren gef\u00e4lschten Banknoten werden nach diesen Tarifen verkauft:<br \/>\n250\u20ac = 1000\u20ac (Mindesttransaktion)<br \/>\n350\u20ac=1600\u20ac<br \/>\n450\u20ac=2200\u20ac<br \/>\n550\u20ac=2700\u20ac<br \/>\nAlle Zahlungen werden in \u20ac geleistet!<br \/>\nBestellungen \u00fcber 5000Euro werden privat besprochen.<\/p>\n<p><a href=\"https:\/\/acheterbilletindetectable.com\/de\/contactez-nous\/\">Kontaktieren Sie Uns<\/a><\/p>","protected":false},"excerpt":{"rendered":"<p>200- und 500-Euro-Scheine sind auf Bestellung erh\u00e4ltlich. Wir stellen sie nur f\u00fcr gro\u00dfe Bestellungen oder f\u00fcr Kunden her, die sie im Ausland verwenden werden, andere Modalit\u00e4ten werden privat besprochen.<\/p>\n<h2>DIE PREISE<\/h2>\n<p>Unsere realistischen und nicht erkennbaren gef\u00e4lschten Banknoten werden nach diesen Tarifen verkauft:<br \/>\n250\u20ac = 1000\u20ac (Mindesttransaktion)<br \/>\n350\u20ac=1600\u20ac<br \/>\n450\u20ac=2200\u20ac<br \/>\n550\u20ac=2700\u20ac<br \/>\nAlle Zahlungen werden in \u20ac geleistet!<br \/>\nBestellungen \u00fcber 5000Euro werden privat besprochen.<\/p>\n<p><a href=\"https:\/\/acheterbilletindetectable.com\/de\/contactez-nous\/\">Kontaktieren Sie Uns<\/a><\/p>","protected":false},"featured_media":108,"comment_status":"open","ping_status":"closed","template":"","meta":{"_joinchat":[]},"product_cat":[18],"product_tag":[64,66,65,69,63,67,68,71,70],"class_list":["post-106","product","type-product","status-publish","has-post-thumbnail","hentry","product_cat-monnaie","product_tag-billet-200-euros","product_tag-billet-500-euros","product_tag-billet-de-200-euros","product_tag-billet-de-200-euros-a-imprimer","product_tag-billet-de-500-euros","product_tag-billet-un-euro","product_tag-billets-euros-a-imprimer","product_tag-faux-billet-500-euros","product_tag-nouveau-billet-de-500-euros"],"yoast_head":"<!-- This site is optimized with the Yoast SEO plugin v20.11 - https:\/\/yoast.com\/wordpress\/plugins\/seo\/ -->\n<title>billet de 500 euros, billet 200 euros, billet de 200 euros, billet 500 euros<\/title>\n<meta name=\"description\" content=\"billet de 500 euros, billet 200 euros, billet de 200 euros, billet 500 euros, billet un euro, billets euros \u00e0 imprimer, billet de 200 euros \u00e0 imprimer\" \/>\n<meta name=\"robots\" content=\"index, follow, max-snippet:-1, max-image-preview:large, max-video-preview:-1\" \/>\n<link rel=\"canonical\" href=\"https:\/\/acheterbilletindetectable.com\/de\/product\/les-billets-de-200-et-500-euros\/\" \/>\n<meta property=\"og:locale\" content=\"de_DE\" \/>\n<meta property=\"og:type\" content=\"article\" \/>\n<meta property=\"og:title\" content=\"billet de 500 euros, billet 200 euros, billet de 200 euros, billet 500 euros\" \/>\n<meta property=\"og:description\" content=\"billet de 500 euros, billet 200 euros, billet de 200 euros, billet 500 euros, billet un euro, billets euros \u00e0 imprimer, billet de 200 euros \u00e0 imprimer\" \/>\n<meta property=\"og:url\" content=\"https:\/\/acheterbilletindetectable.com\/de\/product\/les-billets-de-200-et-500-euros\/\" \/>\n<meta property=\"og:site_name\" content=\"Acheter Billet Indetectable\" \/>\n<meta property=\"article:modified_time\" content=\"2025-10-05T00:00:33+00:00\" \/>\n<meta property=\"og:image\" content=\"https:\/\/acheterbilletindetectable.com\/wp-content\/uploads\/2019\/08\/billet-de-500-euros.jpg\" \/>\n\t<meta property=\"og:image:width\" content=\"1280\" \/>\n\t<meta property=\"og:image:height\" content=\"720\" \/>\n\t<meta property=\"og:image:type\" content=\"image\/jpeg\" \/>\n<meta name=\"twitter:card\" content=\"summary_large_image\" \/>\n<meta name=\"twitter:label1\" content=\"Gesch\u00e4tzte Lesezeit\" \/>\n\t<meta name=\"twitter:data1\" content=\"1\u00a0Minute\" \/>\n<script type=\"application\/ld+json\" class=\"yoast-schema-graph\">{\"@context\":\"https:\/\/schema.org\",\"@graph\":[{\"@type\":\"WebPage\",\"@id\":\"https:\/\/acheterbilletindetectable.com\/product\/les-billets-de-200-et-500-euros\/\",\"url\":\"https:\/\/acheterbilletindetectable.com\/product\/les-billets-de-200-et-500-euros\/\",\"name\":\"billet de 500 euros, billet 200 euros, billet de 200 euros, billet 500 euros\",\"isPartOf\":{\"@id\":\"https:\/\/acheterbilletindetectable.com\/#website\"},\"datePublished\":\"2019-08-21T15:37:08+00:00\",\"dateModified\":\"2025-10-05T00:00:33+00:00\",\"description\":\"billet de 500 euros, billet 200 euros, billet de 200 euros, billet 500 euros, billet un euro, billets euros \u00e0 imprimer, billet de 200 euros \u00e0 imprimer\",\"breadcrumb\":{\"@id\":\"https:\/\/acheterbilletindetectable.com\/product\/les-billets-de-200-et-500-euros\/#breadcrumb\"},\"inLanguage\":\"de\",\"potentialAction\":[{\"@type\":\"ReadAction\",\"target\":[\"https:\/\/acheterbilletindetectable.com\/product\/les-billets-de-200-et-500-euros\/\"]}]},{\"@type\":\"BreadcrumbList\",\"@id\":\"https:\/\/acheterbilletindetectable.com\/product\/les-billets-de-200-et-500-euros\/#breadcrumb\",\"itemListElement\":[{\"@type\":\"ListItem\",\"position\":1,\"name\":\"Accueil\",\"item\":\"https:\/\/acheterbilletindetectable.com\/\"},{\"@type\":\"ListItem\",\"position\":2,\"name\":\"Boutique\",\"item\":\"https:\/\/acheterbilletindetectable.com\/boutique\/\"},{\"@type\":\"ListItem\",\"position\":3,\"name\":\"Les billets de 200 et 500 euros\"}]},{\"@type\":\"WebSite\",\"@id\":\"https:\/\/acheterbilletindetectable.com\/#website\",\"url\":\"https:\/\/acheterbilletindetectable.com\/\",\"name\":\"Acheter Billet Indetectable\",\"description\":\"Acheter Billet Indetectable\",\"publisher\":{\"@id\":\"https:\/\/acheterbilletindetectable.com\/#organization\"},\"potentialAction\":[{\"@type\":\"SearchAction\",\"target\":{\"@type\":\"EntryPoint\",\"urlTemplate\":\"https:\/\/acheterbilletindetectable.com\/?s={search_term_string}\"},\"query-input\":\"required name=search_term_string\"}],\"inLanguage\":\"de\"},{\"@type\":\"Organization\",\"@id\":\"https:\/\/acheterbilletindetectable.com\/#organization\",\"name\":\"Acheter Billet Indetectable\",\"url\":\"https:\/\/acheterbilletindetectable.com\/\",\"logo\":{\"@type\":\"ImageObject\",\"inLanguage\":\"de\",\"@id\":\"https:\/\/acheterbilletindetectable.com\/#\/schema\/logo\/image\/\",\"url\":\"https:\/\/acheterbilletindetectable.com\/wp-content\/uploads\/2022\/01\/free-euro-1.png\",\"contentUrl\":\"https:\/\/acheterbilletindetectable.com\/wp-content\/uploads\/2022\/01\/free-euro-1.png\",\"width\":150,\"height\":150,\"caption\":\"Acheter Billet Indetectable\"},\"image\":{\"@id\":\"https:\/\/acheterbilletindetectable.com\/#\/schema\/logo\/image\/\"}}]}<\/script>\n<!-- \/ Yoast SEO plugin. -->","yoast_head_json":{"title":"billet de 500 euros, billet 200 euros, billet de 200 euros, billet 500 euros","description":"billet de 500 euros, billet 200 euros, billet de 200 euros, billet 500 euros, billet un euro, billets euros \u00e0 imprimer, billet de 200 euros \u00e0 imprimer","robots":{"index":"index","follow":"follow","max-snippet":"max-snippet:-1","max-image-preview":"max-image-preview:large","max-video-preview":"max-video-preview:-1"},"canonical":"https:\/\/acheterbilletindetectable.com\/de\/product\/les-billets-de-200-et-500-euros\/","og_locale":"de_DE","og_type":"article","og_title":"billet de 500 euros, billet 200 euros, billet de 200 euros, billet 500 euros","og_description":"billet de 500 euros, billet 200 euros, billet de 200 euros, billet 500 euros, billet un euro, billets euros \u00e0 imprimer, billet de 200 euros \u00e0 imprimer","og_url":"https:\/\/acheterbilletindetectable.com\/de\/product\/les-billets-de-200-et-500-euros\/","og_site_name":"Acheter Billet Indetectable","article_modified_time":"2025-10-05T00:00:33+00:00","og_image":[{"width":1280,"height":720,"url":"https:\/\/acheterbilletindetectable.com\/wp-content\/uploads\/2019\/08\/billet-de-500-euros.jpg","type":"image\/jpeg"}],"twitter_card":"summary_large_image","twitter_misc":{"Gesch\u00e4tzte Lesezeit":"1\u00a0Minute"},"schema":{"@context":"https:\/\/schema.org","@graph":[{"@type":"WebPage","@id":"https:\/\/acheterbilletindetectable.com\/product\/les-billets-de-200-et-500-euros\/","url":"https:\/\/acheterbilletindetectable.com\/product\/les-billets-de-200-et-500-euros\/","name":"billet de 500 euros, billet 200 euros, billet de 200 euros, billet 500 euros","isPartOf":{"@id":"https:\/\/acheterbilletindetectable.com\/#website"},"datePublished":"2019-08-21T15:37:08+00:00","dateModified":"2025-10-05T00:00:33+00:00","description":"billet de 500 euros, billet 200 euros, billet de 200 euros, billet 500 euros, billet un euro, billets euros \u00e0 imprimer, billet de 200 euros \u00e0 imprimer","breadcrumb":{"@id":"https:\/\/acheterbilletindetectable.com\/product\/les-billets-de-200-et-500-euros\/#breadcrumb"},"inLanguage":"de","potentialAction":[{"@type":"ReadAction","target":["https:\/\/acheterbilletindetectable.com\/product\/les-billets-de-200-et-500-euros\/"]}]},{"@type":"BreadcrumbList","@id":"https:\/\/acheterbilletindetectable.com\/product\/les-billets-de-200-et-500-euros\/#breadcrumb","itemListElement":[{"@type":"ListItem","position":1,"name":"Accueil","item":"https:\/\/acheterbilletindetectable.com\/"},{"@type":"ListItem","position":2,"name":"Boutique","item":"https:\/\/acheterbilletindetectable.com\/boutique\/"},{"@type":"ListItem","position":3,"name":"Les billets de 200 et 500 euros"}]},{"@type":"WebSite","@id":"https:\/\/acheterbilletindetectable.com\/#website","url":"https:\/\/acheterbilletindetectable.com\/","name":"Acheter Billet Indetectable","description":"Acheter Billet Indetectable","publisher":{"@id":"https:\/\/acheterbilletindetectable.com\/#organization"},"potentialAction":[{"@type":"SearchAction","target":{"@type":"EntryPoint","urlTemplate":"https:\/\/acheterbilletindetectable.com\/?s={search_term_string}"},"query-input":"required name=search_term_string"}],"inLanguage":"de"},{"@type":"Organization","@id":"https:\/\/acheterbilletindetectable.com\/#organization","name":"Acheter Billet Indetectable","url":"https:\/\/acheterbilletindetectable.com\/","logo":{"@type":"ImageObject","inLanguage":"de","@id":"https:\/\/acheterbilletindetectable.com\/#\/schema\/logo\/image\/","url":"https:\/\/acheterbilletindetectable.com\/wp-content\/uploads\/2022\/01\/free-euro-1.png","contentUrl":"https:\/\/acheterbilletindetectable.com\/wp-content\/uploads\/2022\/01\/free-euro-1.png","width":150,"height":150,"caption":"Acheter Billet Indetectable"},"image":{"@id":"https:\/\/acheterbilletindetectable.com\/#\/schema\/logo\/image\/"}}]}},"_links":{"self":[{"href":"https:\/\/acheterbilletindetectable.com\/de\/wp-json\/wp\/v2\/product\/106","targetHints":{"allow":["GET"]}}],"collection":[{"href":"https:\/\/acheterbilletindetectable.com\/de\/wp-json\/wp\/v2\/product"}],"about":[{"href":"https:\/\/acheterbilletindetectable.com\/de\/wp-json\/wp\/v2\/types\/product"}],"replies":[{"embeddable":true,"href":"https:\/\/acheterbilletindetectable.com\/de\/wp-json\/wp\/v2\/comments?post=106"}],"wp:featuredmedia":[{"embeddable":true,"href":"https:\/\/acheterbilletindetectable.com\/de\/wp-json\/wp\/v2\/media\/108"}],"wp:attachment":[{"href":"https:\/\/acheterbilletindetectable.com\/de\/wp-json\/wp\/v2\/media?parent=106"}],"wp:term":[{"taxonomy":"product_cat","embeddable":true,"href":"https:\/\/acheterbilletindetectable.com\/de\/wp-json\/wp\/v2\/product_cat?post=106"},{"taxonomy":"product_tag","embeddable":true,"href":"https:\/\/acheterbilletindetectable.com\/de\/wp-json\/wp\/v2\/product_tag?post=106"}],"curies":[{"name":"wp","href":"https:\/\/api.w.org\/{rel}","templated":true}]}}