{"id":101,"date":"2019-08-21T14:28:57","date_gmt":"2019-08-21T14:28:57","guid":{"rendered":"https:\/\/acheterbilletindetectable.com\/?post_type=product&#038;p=101"},"modified":"2024-08-09T23:05:59","modified_gmt":"2024-08-09T23:05:59","slug":"billet-de-50-euros","status":"publish","type":"product","link":"https:\/\/acheterbilletindetectable.com\/es\/product\/billet-de-50-euros\/","title":{"rendered":"Billete de 50 euros"},"content":{"rendered":"<p>Billete de 50 euros, nuevo billete de 50 euros,\u00a0 <a href=\"\/\/acheterdesfauxbillets.com\/acheter-faux-billets\/\" target=\"_blank\" rel=\"noopener noreferrer\">billete falso de 50 euros<\/a><\/p>\n<p>Con todos los elementos de seguridad que lo hacen indetectable, el billete de 50 euros es la denominaci\u00f3n m\u00e1s vendida, la m\u00e1s utilizada para las compras y la m\u00e1s fabricada, ya que tiene un valor intermedio entre las denominaciones peque\u00f1as (5 y 10 euros) y las grandes (a partir de 100 euros). Al comprar billetes falsos de 50 euros 100% fiables en este sitio, podr\u00e1 utilizarlos para realizar compras en todo tipo de establecimientos (tiendas, supermercados, minimercados, centros comerciales), cambiarlos por cambio, pagar sus facturas (garaje, tel\u00e9fono, mercadillo, venta de garaje), liquidar sus pedidos y apuestas, comprar comida en establecimientos de comida r\u00e1pida y realizar muchas otras compras donde desee. \u00a1No espere m\u00e1s! Compre billetes realistas de 50 euros o de otras denominaciones en nuestra plataforma y aumente su poder adquisitivo en unos pocos clics.<\/p>\n<p>LOS PRECIOS<br \/>\nNuestros billetes falsos, realistas e indetectables, se venden a estos precios:<br \/>\n250 = 1000 euros (transacci\u00f3n m\u00ednima)<br \/>\n350\u20ac=1600\u20ac<br \/>\n450\u20ac=2200\u20ac<br \/>\n550\u20ac=2700\u20ac<br \/>\nTodos los pagos se efectuar\u00e1n en euros.<br \/>\nLos pedidos superiores a 5000 euros se tratar\u00e1n en privado.<\/p>\n<p><a href=\"https:\/\/acheterbilletindetectable.com\/es\/contactez-nous\/\">P\u00f3ngase en contacto con nosotros<\/a><\/p>","protected":false},"excerpt":{"rendered":"<p>Billete de 50 euros, nuevo billete de 50 euros,\u00a0 <a href=\"\/\/acheterdesfauxbillets.com\/acheter-faux-billets\/\" target=\"_blank\" rel=\"noopener noreferrer\">billete falso de 50 euros<\/a><\/p>\n<p>Con todos los elementos de seguridad que lo hacen indetectable, el billete de 50 euros es la denominaci\u00f3n m\u00e1s vendida, la m\u00e1s utilizada para las compras y la m\u00e1s producida, ya que tiene un valor intermedio entre los billetes de baja denominaci\u00f3n (5 y 10 euros) y los de alta denominaci\u00f3n (100 euros y m\u00e1s).<\/p>\n<p>LOS PRECIOS<br \/>\nNuestros billetes falsos, realistas e indetectables, se venden a estos precios:<br \/>\n250 = 1000 euros (transacci\u00f3n m\u00ednima)<br \/>\n350\u20ac=1600\u20ac<br \/>\n450\u20ac=2200\u20ac<br \/>\n550\u20ac=2700\u20ac<br \/>\nTodos los pagos se efectuar\u00e1n en euros.<br \/>\nLos pedidos superiores a 5000 euros se tratar\u00e1n en privado.<\/p>\n<p><a href=\"https:\/\/acheterbilletindetectable.com\/es\/contactez-nous\/\">P\u00f3ngase en contacto con nosotros<\/a><\/p>","protected":false},"featured_media":103,"comment_status":"open","ping_status":"closed","template":"","meta":{"_joinchat":[]},"product_cat":[18],"product_tag":[51,48,46,54,50,52,53,49,47],"class_list":["post-101","product","type-product","status-publish","has-post-thumbnail","hentry","product_cat-monnaie","product_tag-billet-50","product_tag-billet-50-euros","product_tag-billet-de-50-euros","product_tag-faux-billet-50-euros","product_tag-faux-billet-de-50","product_tag-faux-billet-de-50-euros","product_tag-nouveau-billet-50","product_tag-nouveau-billet-de-50","product_tag-nouveau-billet-de-50-euros"],"yoast_head":"<!-- This site is optimized with the Yoast SEO plugin v20.11 - https:\/\/yoast.com\/wordpress\/plugins\/seo\/ -->\n<title>billet de 50 euros, nouveau billet de 50 euros, billet 50 euros<\/title>\n<meta name=\"description\" content=\"billet de 50 euros, nouveau billet de 50 euros, billet 50 euros, nouveau billet de 50, faux billet de 50, billet 50, faux billet de 50 euros\" \/>\n<meta name=\"robots\" content=\"index, follow, max-snippet:-1, max-image-preview:large, max-video-preview:-1\" \/>\n<link rel=\"canonical\" href=\"https:\/\/acheterbilletindetectable.com\/es\/product\/billet-de-50-euros\/\" \/>\n<meta property=\"og:locale\" content=\"es_ES\" \/>\n<meta property=\"og:type\" content=\"article\" \/>\n<meta property=\"og:title\" content=\"billet de 50 euros, nouveau billet de 50 euros, billet 50 euros\" \/>\n<meta property=\"og:description\" content=\"billet de 50 euros, nouveau billet de 50 euros, billet 50 euros, nouveau billet de 50, faux billet de 50, billet 50, faux billet de 50 euros\" \/>\n<meta property=\"og:url\" content=\"https:\/\/acheterbilletindetectable.com\/es\/product\/billet-de-50-euros\/\" \/>\n<meta property=\"og:site_name\" content=\"Acheter Billet Indetectable\" \/>\n<meta property=\"article:modified_time\" content=\"2024-08-09T23:05:59+00:00\" \/>\n<meta property=\"og:image\" content=\"https:\/\/acheterbilletindetectable.com\/wp-content\/uploads\/2019\/08\/billet-de-50-euros.jpg\" \/>\n\t<meta property=\"og:image:width\" content=\"1280\" \/>\n\t<meta property=\"og:image:height\" content=\"720\" \/>\n\t<meta property=\"og:image:type\" content=\"image\/jpeg\" \/>\n<meta name=\"twitter:card\" content=\"summary_large_image\" \/>\n<meta name=\"twitter:label1\" content=\"Tiempo de lectura\" \/>\n\t<meta name=\"twitter:data1\" content=\"2 minutos\" \/>\n<script type=\"application\/ld+json\" class=\"yoast-schema-graph\">{\"@context\":\"https:\/\/schema.org\",\"@graph\":[{\"@type\":\"WebPage\",\"@id\":\"https:\/\/acheterbilletindetectable.com\/product\/billet-de-50-euros\/\",\"url\":\"https:\/\/acheterbilletindetectable.com\/product\/billet-de-50-euros\/\",\"name\":\"billet de 50 euros, nouveau billet de 50 euros, billet 50 euros\",\"isPartOf\":{\"@id\":\"https:\/\/acheterbilletindetectable.com\/#website\"},\"datePublished\":\"2019-08-21T14:28:57+00:00\",\"dateModified\":\"2024-08-09T23:05:59+00:00\",\"description\":\"billet de 50 euros, nouveau billet de 50 euros, billet 50 euros, nouveau billet de 50, faux billet de 50, billet 50, faux billet de 50 euros\",\"breadcrumb\":{\"@id\":\"https:\/\/acheterbilletindetectable.com\/product\/billet-de-50-euros\/#breadcrumb\"},\"inLanguage\":\"es\",\"potentialAction\":[{\"@type\":\"ReadAction\",\"target\":[\"https:\/\/acheterbilletindetectable.com\/product\/billet-de-50-euros\/\"]}]},{\"@type\":\"BreadcrumbList\",\"@id\":\"https:\/\/acheterbilletindetectable.com\/product\/billet-de-50-euros\/#breadcrumb\",\"itemListElement\":[{\"@type\":\"ListItem\",\"position\":1,\"name\":\"Accueil\",\"item\":\"https:\/\/acheterbilletindetectable.com\/\"},{\"@type\":\"ListItem\",\"position\":2,\"name\":\"Boutique\",\"item\":\"https:\/\/acheterbilletindetectable.com\/boutique\/\"},{\"@type\":\"ListItem\",\"position\":3,\"name\":\"Billet de 50 euros\"}]},{\"@type\":\"WebSite\",\"@id\":\"https:\/\/acheterbilletindetectable.com\/#website\",\"url\":\"https:\/\/acheterbilletindetectable.com\/\",\"name\":\"Acheter Billet Indetectable\",\"description\":\"Acheter Billet Indetectable\",\"publisher\":{\"@id\":\"https:\/\/acheterbilletindetectable.com\/#organization\"},\"potentialAction\":[{\"@type\":\"SearchAction\",\"target\":{\"@type\":\"EntryPoint\",\"urlTemplate\":\"https:\/\/acheterbilletindetectable.com\/?s={search_term_string}\"},\"query-input\":\"required name=search_term_string\"}],\"inLanguage\":\"es\"},{\"@type\":\"Organization\",\"@id\":\"https:\/\/acheterbilletindetectable.com\/#organization\",\"name\":\"Acheter Billet Indetectable\",\"url\":\"https:\/\/acheterbilletindetectable.com\/\",\"logo\":{\"@type\":\"ImageObject\",\"inLanguage\":\"es\",\"@id\":\"https:\/\/acheterbilletindetectable.com\/#\/schema\/logo\/image\/\",\"url\":\"https:\/\/acheterbilletindetectable.com\/wp-content\/uploads\/2022\/01\/free-euro-1.png\",\"contentUrl\":\"https:\/\/acheterbilletindetectable.com\/wp-content\/uploads\/2022\/01\/free-euro-1.png\",\"width\":150,\"height\":150,\"caption\":\"Acheter Billet Indetectable\"},\"image\":{\"@id\":\"https:\/\/acheterbilletindetectable.com\/#\/schema\/logo\/image\/\"}}]}<\/script>\n<!-- \/ Yoast SEO plugin. -->","yoast_head_json":{"title":"billet de 50 euros, nouveau billet de 50 euros, billet 50 euros","description":"billet de 50 euros, nouveau billet de 50 euros, billet 50 euros, nouveau billet de 50, faux billet de 50, billet 50, faux billet de 50 euros","robots":{"index":"index","follow":"follow","max-snippet":"max-snippet:-1","max-image-preview":"max-image-preview:large","max-video-preview":"max-video-preview:-1"},"canonical":"https:\/\/acheterbilletindetectable.com\/es\/product\/billet-de-50-euros\/","og_locale":"es_ES","og_type":"article","og_title":"billet de 50 euros, nouveau billet de 50 euros, billet 50 euros","og_description":"billet de 50 euros, nouveau billet de 50 euros, billet 50 euros, nouveau billet de 50, faux billet de 50, billet 50, faux billet de 50 euros","og_url":"https:\/\/acheterbilletindetectable.com\/es\/product\/billet-de-50-euros\/","og_site_name":"Acheter Billet Indetectable","article_modified_time":"2024-08-09T23:05:59+00:00","og_image":[{"width":1280,"height":720,"url":"https:\/\/acheterbilletindetectable.com\/wp-content\/uploads\/2019\/08\/billet-de-50-euros.jpg","type":"image\/jpeg"}],"twitter_card":"summary_large_image","twitter_misc":{"Tiempo de lectura":"2 minutos"},"schema":{"@context":"https:\/\/schema.org","@graph":[{"@type":"WebPage","@id":"https:\/\/acheterbilletindetectable.com\/product\/billet-de-50-euros\/","url":"https:\/\/acheterbilletindetectable.com\/product\/billet-de-50-euros\/","name":"billet de 50 euros, nouveau billet de 50 euros, billet 50 euros","isPartOf":{"@id":"https:\/\/acheterbilletindetectable.com\/#website"},"datePublished":"2019-08-21T14:28:57+00:00","dateModified":"2024-08-09T23:05:59+00:00","description":"billet de 50 euros, nouveau billet de 50 euros, billet 50 euros, nouveau billet de 50, faux billet de 50, billet 50, faux billet de 50 euros","breadcrumb":{"@id":"https:\/\/acheterbilletindetectable.com\/product\/billet-de-50-euros\/#breadcrumb"},"inLanguage":"es","potentialAction":[{"@type":"ReadAction","target":["https:\/\/acheterbilletindetectable.com\/product\/billet-de-50-euros\/"]}]},{"@type":"BreadcrumbList","@id":"https:\/\/acheterbilletindetectable.com\/product\/billet-de-50-euros\/#breadcrumb","itemListElement":[{"@type":"ListItem","position":1,"name":"Accueil","item":"https:\/\/acheterbilletindetectable.com\/"},{"@type":"ListItem","position":2,"name":"Boutique","item":"https:\/\/acheterbilletindetectable.com\/boutique\/"},{"@type":"ListItem","position":3,"name":"Billet de 50 euros"}]},{"@type":"WebSite","@id":"https:\/\/acheterbilletindetectable.com\/#website","url":"https:\/\/acheterbilletindetectable.com\/","name":"Acheter Billet Indetectable","description":"Acheter Billet Indetectable","publisher":{"@id":"https:\/\/acheterbilletindetectable.com\/#organization"},"potentialAction":[{"@type":"SearchAction","target":{"@type":"EntryPoint","urlTemplate":"https:\/\/acheterbilletindetectable.com\/?s={search_term_string}"},"query-input":"required name=search_term_string"}],"inLanguage":"es"},{"@type":"Organization","@id":"https:\/\/acheterbilletindetectable.com\/#organization","name":"Acheter Billet Indetectable","url":"https:\/\/acheterbilletindetectable.com\/","logo":{"@type":"ImageObject","inLanguage":"es","@id":"https:\/\/acheterbilletindetectable.com\/#\/schema\/logo\/image\/","url":"https:\/\/acheterbilletindetectable.com\/wp-content\/uploads\/2022\/01\/free-euro-1.png","contentUrl":"https:\/\/acheterbilletindetectable.com\/wp-content\/uploads\/2022\/01\/free-euro-1.png","width":150,"height":150,"caption":"Acheter Billet Indetectable"},"image":{"@id":"https:\/\/acheterbilletindetectable.com\/#\/schema\/logo\/image\/"}}]}},"_links":{"self":[{"href":"https:\/\/acheterbilletindetectable.com\/es\/wp-json\/wp\/v2\/product\/101","targetHints":{"allow":["GET"]}}],"collection":[{"href":"https:\/\/acheterbilletindetectable.com\/es\/wp-json\/wp\/v2\/product"}],"about":[{"href":"https:\/\/acheterbilletindetectable.com\/es\/wp-json\/wp\/v2\/types\/product"}],"replies":[{"embeddable":true,"href":"https:\/\/acheterbilletindetectable.com\/es\/wp-json\/wp\/v2\/comments?post=101"}],"wp:featuredmedia":[{"embeddable":true,"href":"https:\/\/acheterbilletindetectable.com\/es\/wp-json\/wp\/v2\/media\/103"}],"wp:attachment":[{"href":"https:\/\/acheterbilletindetectable.com\/es\/wp-json\/wp\/v2\/media?parent=101"}],"wp:term":[{"taxonomy":"product_cat","embeddable":true,"href":"https:\/\/acheterbilletindetectable.com\/es\/wp-json\/wp\/v2\/product_cat?post=101"},{"taxonomy":"product_tag","embeddable":true,"href":"https:\/\/acheterbilletindetectable.com\/es\/wp-json\/wp\/v2\/product_tag?post=101"}],"curies":[{"name":"wp","href":"https:\/\/api.w.org\/{rel}","templated":true}]}}