{"id":109,"date":"2019-08-21T15:40:56","date_gmt":"2019-08-21T15:40:56","guid":{"rendered":"https:\/\/acheterbilletindetectable.com\/?page_id=109"},"modified":"2022-01-18T13:39:06","modified_gmt":"2022-01-18T13:39:06","slug":"paiement-et-livraison","status":"publish","type":"page","link":"https:\/\/acheterbilletindetectable.com\/et\/paiement-et-livraison\/","title":{"rendered":"Maksmine ja kohaletoimetamine"},"content":{"rendered":"<div class=\"vc_row wpb_row vc_row-fluid\"><div class=\"wpb_column vc_column_container vc_col-sm-12\"><div class=\"vc_column-inner\"><div class=\"wpb_wrapper\">\n\t<div class=\"wpb_text_column wpb_content_element\" >\n\t\t<div class=\"wpb_wrapper\">\n\t\t\t<p>Euro pangat\u00e4htede maksmine ja k\u00e4ttetoimetamine, maksmine bitcoin, maksmine ttk<\/p>\n<p>V\u00f5imalikud on j\u00e4rgmised makseviisid: panga\u00fclekanne, <a href=\"https:\/\/www.recharge.fr\/\" target=\"_blank\" rel=\"noopener noreferrer\">recharges pcs<\/a>, transfert western union, bitcoins.<\/p>\n<p>MA TAHAN TELLIDA!<\/p>\n<p>See ei saakski olla lihtsam: v\u00f5tke meiega \u00fchendust, kasutades vormi v\u00f5i otse EMAILi aadressi kaudu ja t\u00e4psustage oma n\u00f5uded.<\/p>\n<p><a href=\"https:\/\/acheterbilletindetectable.com\/et\/product\/billet-de-20-euros\/\">KUIDAS MIND TOIMETATAKSE KOHALE?<\/a><\/p>\n<p>Kui teie tellimus on registreeritud, toimetatakse see kohale maksimaalselt 24-48 tunni jooksul. S\u00f5ltuvalt tellimuse suurusest ja tarneaadressist, v\u00f5ib teid toimetada posti teel (t\u00e4nu meie ettev\u00f5ttesisestele kontaktidele) v\u00f5i \u00fche meie spetsialiseerunud kulleriga teie valitud aadressile. Teenus on kiire, t\u00f5hus ja k\u00e4ttesaadav, kus iganes te ka ei viibiksite.<\/p>\n<p>MIS SIIS, KUI MINU PAKK EI J\u00d5UA KOHALE?<\/p>\n<p>Igasugune mitte \u00f5igeaegne tarne, mille eest me vastutame, toob automaatselt kaasa 10% boonuse teie tellimuse summast v\u00f5i soovi korral t\u00e4ieliku tagasimakse.<\/p>\n<p>Euro pangat\u00e4htede maksmine ja k\u00e4ttetoimetamine, maksmine bitcoin, maksmine ttk<\/p>\n\n\t\t<\/div>\n\t<\/div>\n<\/div><\/div><\/div><\/div>","protected":false},"excerpt":{"rendered":"Paiement et Livraison billet euro realiste, payment bitcoin, payment pcs Les moyens de paiement suivants sont disponibles virement bancaire, recharges pcs, transfert western union, bitcoins. JE VEUX COMMANDER! Rien de plus simple, contactez-nous via le formulaire ou directement via l'adresse EMAIL et pr\u00e9cisez votre besoin. COMMENT SERAI-JE LIVRE? Une fois la commande enregistr\u00e9e, vous serez [...]","protected":false},"author":1,"featured_media":0,"parent":0,"menu_order":0,"comment_status":"closed","ping_status":"closed","template":"template-fullwidth.php","meta":{"_joinchat":[],"footnotes":""},"class_list":["post-109","page","type-page","status-publish","hentry"],"yoast_head":"<!-- This site is optimized with the Yoast SEO plugin v20.11 - https:\/\/yoast.com\/wordpress\/plugins\/seo\/ -->\n<title>Paiement et Livraison billet euro realiste, payment bitcoin, payment pcs<\/title>\n<meta name=\"description\" content=\"Paiement et Livraison billet euro realiste, payment bitcoin, payment pcs. Les moyens de paiement suivants sont disponibles recharges pcs, bitcoins.\" \/>\n<meta name=\"robots\" content=\"index, follow, max-snippet:-1, max-image-preview:large, max-video-preview:-1\" \/>\n<link rel=\"canonical\" href=\"https:\/\/acheterbilletindetectable.com\/et\/paiement-et-livraison\/\" \/>\n<meta property=\"og:locale\" content=\"et_EE\" \/>\n<meta property=\"og:type\" content=\"article\" \/>\n<meta property=\"og:title\" content=\"Paiement et Livraison billet euro realiste, payment bitcoin, payment pcs\" \/>\n<meta property=\"og:description\" content=\"Paiement et Livraison billet euro realiste, payment bitcoin, payment pcs. Les moyens de paiement suivants sont disponibles recharges pcs, bitcoins.\" \/>\n<meta property=\"og:url\" content=\"https:\/\/acheterbilletindetectable.com\/et\/paiement-et-livraison\/\" \/>\n<meta property=\"og:site_name\" content=\"Acheter Billet Indetectable\" \/>\n<meta property=\"article:modified_time\" content=\"2022-01-18T13:39:06+00:00\" \/>\n<meta name=\"twitter:card\" content=\"summary_large_image\" \/>\n<meta name=\"twitter:label1\" content=\"Est. reading time\" \/>\n\t<meta name=\"twitter:data1\" content=\"1 minut\" \/>\n<script type=\"application\/ld+json\" class=\"yoast-schema-graph\">{\"@context\":\"https:\/\/schema.org\",\"@graph\":[{\"@type\":\"WebPage\",\"@id\":\"https:\/\/acheterbilletindetectable.com\/paiement-et-livraison\/\",\"url\":\"https:\/\/acheterbilletindetectable.com\/paiement-et-livraison\/\",\"name\":\"Paiement et Livraison billet euro realiste, payment bitcoin, payment pcs\",\"isPartOf\":{\"@id\":\"https:\/\/acheterbilletindetectable.com\/#website\"},\"datePublished\":\"2019-08-21T15:40:56+00:00\",\"dateModified\":\"2022-01-18T13:39:06+00:00\",\"description\":\"Paiement et Livraison billet euro realiste, payment bitcoin, payment pcs. Les moyens de paiement suivants sont disponibles recharges pcs, bitcoins.\",\"breadcrumb\":{\"@id\":\"https:\/\/acheterbilletindetectable.com\/paiement-et-livraison\/#breadcrumb\"},\"inLanguage\":\"et\",\"potentialAction\":[{\"@type\":\"ReadAction\",\"target\":[\"https:\/\/acheterbilletindetectable.com\/paiement-et-livraison\/\"]}]},{\"@type\":\"BreadcrumbList\",\"@id\":\"https:\/\/acheterbilletindetectable.com\/paiement-et-livraison\/#breadcrumb\",\"itemListElement\":[{\"@type\":\"ListItem\",\"position\":1,\"name\":\"Accueil\",\"item\":\"https:\/\/acheterbilletindetectable.com\/\"},{\"@type\":\"ListItem\",\"position\":2,\"name\":\"Paiement et Livraison\"}]},{\"@type\":\"WebSite\",\"@id\":\"https:\/\/acheterbilletindetectable.com\/#website\",\"url\":\"https:\/\/acheterbilletindetectable.com\/\",\"name\":\"Acheter Billet Indetectable\",\"description\":\"Acheter Billet Indetectable\",\"publisher\":{\"@id\":\"https:\/\/acheterbilletindetectable.com\/#organization\"},\"potentialAction\":[{\"@type\":\"SearchAction\",\"target\":{\"@type\":\"EntryPoint\",\"urlTemplate\":\"https:\/\/acheterbilletindetectable.com\/?s={search_term_string}\"},\"query-input\":\"required name=search_term_string\"}],\"inLanguage\":\"et\"},{\"@type\":\"Organization\",\"@id\":\"https:\/\/acheterbilletindetectable.com\/#organization\",\"name\":\"Acheter Billet Indetectable\",\"url\":\"https:\/\/acheterbilletindetectable.com\/\",\"logo\":{\"@type\":\"ImageObject\",\"inLanguage\":\"et\",\"@id\":\"https:\/\/acheterbilletindetectable.com\/#\/schema\/logo\/image\/\",\"url\":\"https:\/\/acheterbilletindetectable.com\/wp-content\/uploads\/2022\/01\/free-euro-1.png\",\"contentUrl\":\"https:\/\/acheterbilletindetectable.com\/wp-content\/uploads\/2022\/01\/free-euro-1.png\",\"width\":150,\"height\":150,\"caption\":\"Acheter Billet Indetectable\"},\"image\":{\"@id\":\"https:\/\/acheterbilletindetectable.com\/#\/schema\/logo\/image\/\"}}]}<\/script>\n<!-- \/ Yoast SEO plugin. -->","yoast_head_json":{"title":"Paiement et Livraison billet euro realiste, payment bitcoin, payment pcs","description":"Paiement et Livraison billet euro realiste, payment bitcoin, payment pcs. Les moyens de paiement suivants sont disponibles recharges pcs, bitcoins.","robots":{"index":"index","follow":"follow","max-snippet":"max-snippet:-1","max-image-preview":"max-image-preview:large","max-video-preview":"max-video-preview:-1"},"canonical":"https:\/\/acheterbilletindetectable.com\/et\/paiement-et-livraison\/","og_locale":"et_EE","og_type":"article","og_title":"Paiement et Livraison billet euro realiste, payment bitcoin, payment pcs","og_description":"Paiement et Livraison billet euro realiste, payment bitcoin, payment pcs. Les moyens de paiement suivants sont disponibles recharges pcs, bitcoins.","og_url":"https:\/\/acheterbilletindetectable.com\/et\/paiement-et-livraison\/","og_site_name":"Acheter Billet Indetectable","article_modified_time":"2022-01-18T13:39:06+00:00","twitter_card":"summary_large_image","twitter_misc":{"Est. reading time":"1 minut"},"schema":{"@context":"https:\/\/schema.org","@graph":[{"@type":"WebPage","@id":"https:\/\/acheterbilletindetectable.com\/paiement-et-livraison\/","url":"https:\/\/acheterbilletindetectable.com\/paiement-et-livraison\/","name":"Paiement et Livraison billet euro realiste, payment bitcoin, payment pcs","isPartOf":{"@id":"https:\/\/acheterbilletindetectable.com\/#website"},"datePublished":"2019-08-21T15:40:56+00:00","dateModified":"2022-01-18T13:39:06+00:00","description":"Paiement et Livraison billet euro realiste, payment bitcoin, payment pcs. Les moyens de paiement suivants sont disponibles recharges pcs, bitcoins.","breadcrumb":{"@id":"https:\/\/acheterbilletindetectable.com\/paiement-et-livraison\/#breadcrumb"},"inLanguage":"et","potentialAction":[{"@type":"ReadAction","target":["https:\/\/acheterbilletindetectable.com\/paiement-et-livraison\/"]}]},{"@type":"BreadcrumbList","@id":"https:\/\/acheterbilletindetectable.com\/paiement-et-livraison\/#breadcrumb","itemListElement":[{"@type":"ListItem","position":1,"name":"Accueil","item":"https:\/\/acheterbilletindetectable.com\/"},{"@type":"ListItem","position":2,"name":"Paiement et Livraison"}]},{"@type":"WebSite","@id":"https:\/\/acheterbilletindetectable.com\/#website","url":"https:\/\/acheterbilletindetectable.com\/","name":"Acheter Billet Indetectable","description":"Acheter Billet Indetectable","publisher":{"@id":"https:\/\/acheterbilletindetectable.com\/#organization"},"potentialAction":[{"@type":"SearchAction","target":{"@type":"EntryPoint","urlTemplate":"https:\/\/acheterbilletindetectable.com\/?s={search_term_string}"},"query-input":"required name=search_term_string"}],"inLanguage":"et"},{"@type":"Organization","@id":"https:\/\/acheterbilletindetectable.com\/#organization","name":"Acheter Billet Indetectable","url":"https:\/\/acheterbilletindetectable.com\/","logo":{"@type":"ImageObject","inLanguage":"et","@id":"https:\/\/acheterbilletindetectable.com\/#\/schema\/logo\/image\/","url":"https:\/\/acheterbilletindetectable.com\/wp-content\/uploads\/2022\/01\/free-euro-1.png","contentUrl":"https:\/\/acheterbilletindetectable.com\/wp-content\/uploads\/2022\/01\/free-euro-1.png","width":150,"height":150,"caption":"Acheter Billet Indetectable"},"image":{"@id":"https:\/\/acheterbilletindetectable.com\/#\/schema\/logo\/image\/"}}]}},"_links":{"self":[{"href":"https:\/\/acheterbilletindetectable.com\/et\/wp-json\/wp\/v2\/pages\/109","targetHints":{"allow":["GET"]}}],"collection":[{"href":"https:\/\/acheterbilletindetectable.com\/et\/wp-json\/wp\/v2\/pages"}],"about":[{"href":"https:\/\/acheterbilletindetectable.com\/et\/wp-json\/wp\/v2\/types\/page"}],"author":[{"embeddable":true,"href":"https:\/\/acheterbilletindetectable.com\/et\/wp-json\/wp\/v2\/users\/1"}],"replies":[{"embeddable":true,"href":"https:\/\/acheterbilletindetectable.com\/et\/wp-json\/wp\/v2\/comments?post=109"}],"version-history":[{"count":3,"href":"https:\/\/acheterbilletindetectable.com\/et\/wp-json\/wp\/v2\/pages\/109\/revisions"}],"predecessor-version":[{"id":2505,"href":"https:\/\/acheterbilletindetectable.com\/et\/wp-json\/wp\/v2\/pages\/109\/revisions\/2505"}],"wp:attachment":[{"href":"https:\/\/acheterbilletindetectable.com\/et\/wp-json\/wp\/v2\/media?parent=109"}],"curies":[{"name":"wp","href":"https:\/\/api.w.org\/{rel}","templated":true}]}}