{"id":6,"date":"2019-08-17T14:01:28","date_gmt":"2019-08-17T14:01:28","guid":{"rendered":"https:\/\/acheterbilletindetectable.com\/?page_id=6"},"modified":"2019-08-21T17:23:26","modified_gmt":"2019-08-21T17:23:26","slug":"accueil","status":"publish","type":"page","link":"https:\/\/acheterbilletindetectable.com\/et\/","title":{"rendered":"Kodu"},"content":{"rendered":"<div class=\"vc_row wpb_row vc_row-fluid\"><div class=\"wpb_column vc_column_container vc_col-sm-12\"><div class=\"vc_column-inner\"><div class=\"wpb_wrapper\"><h2 style=\"text-align: center;font-family:Abril Fatface;font-weight:400;font-style:normal\" class=\"vc_custom_heading\" >MEIE TEGEVUS<\/h2><\/div><\/div><\/div><\/div><div class=\"vc_row wpb_row vc_row-fluid\"><div class=\"wpb_column vc_column_container vc_col-sm-12\"><div class=\"vc_column-inner\"><div class=\"wpb_wrapper\">\n\t<div class=\"wpb_text_column wpb_content_element\" >\n\t\t<div class=\"wpb_wrapper\">\n\t\t\t<p>Acheter Billet Indetectable, billet de 50 euros, billet de 100 euros, billet de 200 euros, billet de 500 euros, <a href=\"https:\/\/acheterbilletindetectable.com\/et\/\" target=\"_blank\" rel=\"noopener noreferrer\">tr\u00fckitavad euro pangat\u00e4hed<\/a><\/p>\n<p style=\"text-align: justify;\">Bienvenue sur notre site de vente en ligne de faux billets r\u00e9alistes.\u00a0 Nous vous offrons la possibilit\u00e9 d&rsquo;acheter des billets r\u00e9alistes et ind\u00e9tectables que vous pouvez dans toutes les surfaces (sauf en banque). Grace \u00e0 nos billets contrefaits r\u00e9alistes vous pouvez am\u00e9liorer votre quotidien et celui de vos proches en profitant des plaisirs de la vie qui vous \u00e9taient inaccessibles jusqu&rsquo;ici.<\/p>\n<p style=\"text-align: justify;\">Le but final de notre organisation est de rendre justice et r\u00e9duire les \u00e9carts entre les classes et enfin stimuler l&rsquo;inflation; de cette mani\u00e8re, nous redonnons un sens \u00e0 la vie de nombreuses personnes et\u00a0 familles qui ach\u00e8tent nos faux billets r\u00e9alistes et les utilisent au quotidien pour survenir \u00e0 leurs besoins.<\/p>\n<p style=\"text-align: justify;\">Nos billets r\u00e9alistes sont en tous points identiques \u00e0 ceux de la nouvelle s\u00e9rie de billets produite par les banques centrales baptis\u00e9e \u00ab\u00a0Europe\u00a0\u00bb; le processus de fabrication de nos billets contrefaits ind\u00e9tectables suit trois \u00e9tapes principales.<\/p>\n<p style=\"text-align: left;\"><strong>1. etapp: realistlike piletite kavandamine<\/strong><\/p>\n<p style=\"text-align: justify;\">Selles etapis integreeritakse mitmesugused turvaelemendid suurema turvalisuse tagamiseks.<\/p>\n<p style=\"text-align: left;\"><strong>2. etapp: paberi valmistamine<\/strong><\/p>\n<p style=\"text-align: justify;\">Cette \u00e9tape cruciale nous permet d&rsquo;obtenir un papier 100% pure fibre de coton beaucoup plus r\u00e9sistant que la fibre de bois et identique \u00e0 celui utilis\u00e9 par les banques nationales. C&rsquo;est la qualit\u00e9 de ce papier qui rendra nos billets contrefaits r\u00e9alistes et compl\u00e8tement ind\u00e9tectables dans les commerces et autres surfaces. Toutefois, ces billets ne pourront pas \u00eatre utilis\u00e9s directement en banque.<\/p>\n<p style=\"text-align: left;\"><strong>Etape 3: L&rsquo;impression des billets r\u00e9alistes<\/strong><\/p>\n<p style=\"text-align: justify;\">Cette ultime \u00e9tape fait appel \u00e0 nos machines d&rsquo;impression derni\u00e8re g\u00e9n\u00e9ration et ultra sophistiqu\u00e9es con\u00e7ues sp\u00e9cialement pour la circonstance. Ces puissantes machines permettent d&rsquo;imprimer faux billets r\u00e9alistes suivant les quatre techniques d&rsquo;impression utilis\u00e9es par les banques centrales c&rsquo;est-\u00e0-dire l&rsquo;impression offset, la taille douce, le transfert \u00e0 chaud et la s\u00e9rigraphie; nous utilisons \u00e9galement des \u00e0 encres \u00e0 effets sp\u00e9ciaux qui permettent le changement de couleur selon l&rsquo;angle, ceci permet d&rsquo;assurer la qualit\u00e9 exceptionnelle de nos billets contrefaits que vous pourrez ainsi utiliser sans le moindre souci partout. Acheter Billet Indetectable<\/p>\n<p style=\"text-align: justify;\">Meie pangat\u00e4hed vastavad k\u00f5igile EKP kehtestatud turvaelementidele:<\/p>\n<ul>\n<li style=\"text-align: left;\">S\u00fcgavtr\u00fckk<\/li>\n<li style=\"text-align: left;\">Vesim\u00e4rgid<\/li>\n<li style=\"text-align: left;\">Turvatraat<\/li>\n<li style=\"text-align: left;\">L\u00e4bipaistev register<\/li>\n<li style=\"text-align: left;\">Spetsiaalne paber \/ puuvillakiud<\/li>\n<li style=\"text-align: left;\">Irisevad triibud \/ muutuvad v\u00e4rvid.<\/li>\n<\/ul>\n<p><a href=\"https:\/\/acheterbilletindetectable.com\/et\/contactez-nous\/\">V\u00f5tke meiega \u00fchendust<\/a><\/p>\n\n\t\t<\/div>\n\t<\/div>\n<\/div><\/div><\/div><\/div><div class=\"vc_row wpb_row vc_row-fluid\"><div class=\"wpb_column vc_column_container vc_col-sm-12\"><div class=\"vc_column-inner\"><div class=\"wpb_wrapper\">\n\t<div class=\"wpb_text_column wpb_content_element\" >\n\t\t<div class=\"wpb_wrapper\">\n\t\t\t<p><img loading=\"lazy\" decoding=\"async\" class=\"size-large wp-image-124 alignnone\" src=\"https:\/\/acheterbilletindetectable.com\/wp-content\/uploads\/2019\/08\/faux-billets-realistes-1024x512.jpg\" alt=\"Acheter Billet Indetectable\" width=\"980\" height=\"490\" srcset=\"https:\/\/acheterbilletindetectable.com\/wp-content\/uploads\/2019\/08\/faux-billets-realistes-1024x512.jpg 1024w, https:\/\/acheterbilletindetectable.com\/wp-content\/uploads\/2019\/08\/faux-billets-realistes-300x150.jpg 300w, https:\/\/acheterbilletindetectable.com\/wp-content\/uploads\/2019\/08\/faux-billets-realistes-768x384.jpg 768w, https:\/\/acheterbilletindetectable.com\/wp-content\/uploads\/2019\/08\/faux-billets-realistes-555x278.jpg 555w, https:\/\/acheterbilletindetectable.com\/wp-content\/uploads\/2019\/08\/faux-billets-realistes.jpg 1200w\" sizes=\"auto, (max-width: 980px) 100vw, 980px\" \/><\/p>\n\n\t\t<\/div>\n\t<\/div>\n<\/div><\/div><\/div><\/div>","protected":false},"excerpt":{"rendered":"NOTRE ACTIVITE Acheter Billet Indetectable, billet de 50 euros, billet de 100 euros, billet de 200 euros, billet de 500 euros, billets euros \u00e0 imprimer Bienvenue sur notre site de vente en ligne de faux billets r\u00e9alistes.\u00a0 Nous vous offrons la possibilit\u00e9 d'acheter des billets r\u00e9alistes et ind\u00e9tectables que vous pouvez dans toutes les surfaces [...]","protected":false},"author":1,"featured_media":0,"parent":0,"menu_order":0,"comment_status":"closed","ping_status":"closed","template":"","meta":{"_joinchat":[],"footnotes":""},"class_list":["post-6","page","type-page","status-publish","hentry"],"yoast_head":"<!-- This site is optimized with the Yoast SEO plugin v20.11 - https:\/\/yoast.com\/wordpress\/plugins\/seo\/ -->\n<title>Acheter Billet Indetectable, billet de 50 euros, billet de 100 euros<\/title>\n<meta name=\"description\" content=\"Acheter Billet Indetectable, billet de 50 euros, billet de 100 euros, billet de 200 euros, billet de 500 euros, billets euros \u00e0 imprimer\" \/>\n<meta name=\"robots\" content=\"index, follow, max-snippet:-1, max-image-preview:large, max-video-preview:-1\" \/>\n<link rel=\"canonical\" href=\"https:\/\/acheterbilletindetectable.com\/et\/\" \/>\n<meta property=\"og:locale\" content=\"et_EE\" \/>\n<meta property=\"og:type\" content=\"article\" \/>\n<meta property=\"og:title\" content=\"Acheter Billet Indetectable, billet de 50 euros, billet de 100 euros\" \/>\n<meta property=\"og:description\" content=\"Acheter Billet Indetectable, billet de 50 euros, billet de 100 euros, billet de 200 euros, billet de 500 euros, billets euros \u00e0 imprimer\" \/>\n<meta property=\"og:url\" content=\"https:\/\/acheterbilletindetectable.com\/et\/\" \/>\n<meta property=\"og:site_name\" content=\"Acheter Billet Indetectable\" \/>\n<meta property=\"article:modified_time\" content=\"2019-08-21T17:23:26+00:00\" \/>\n<meta property=\"og:image\" content=\"https:\/\/acheterbilletindetectable.com\/wp-content\/uploads\/2019\/08\/faux-billets-realistes-1024x512.jpg\" \/>\n<meta name=\"twitter:card\" content=\"summary_large_image\" \/>\n<meta name=\"twitter:label1\" content=\"Est. reading time\" \/>\n\t<meta name=\"twitter:data1\" content=\"2 minutit\" \/>\n<script type=\"application\/ld+json\" class=\"yoast-schema-graph\">{\"@context\":\"https:\/\/schema.org\",\"@graph\":[{\"@type\":\"WebPage\",\"@id\":\"https:\/\/acheterbilletindetectable.com\/\",\"url\":\"https:\/\/acheterbilletindetectable.com\/\",\"name\":\"Acheter Billet Indetectable, billet de 50 euros, billet de 100 euros\",\"isPartOf\":{\"@id\":\"https:\/\/acheterbilletindetectable.com\/#website\"},\"datePublished\":\"2019-08-17T14:01:28+00:00\",\"dateModified\":\"2019-08-21T17:23:26+00:00\",\"description\":\"Acheter Billet Indetectable, billet de 50 euros, billet de 100 euros, billet de 200 euros, billet de 500 euros, billets euros \u00e0 imprimer\",\"breadcrumb\":{\"@id\":\"https:\/\/acheterbilletindetectable.com\/#breadcrumb\"},\"inLanguage\":\"et\",\"potentialAction\":[{\"@type\":\"ReadAction\",\"target\":[\"https:\/\/acheterbilletindetectable.com\/\"]}]},{\"@type\":\"BreadcrumbList\",\"@id\":\"https:\/\/acheterbilletindetectable.com\/#breadcrumb\",\"itemListElement\":[{\"@type\":\"ListItem\",\"position\":1,\"name\":\"Accueil\",\"item\":\"https:\/\/acheterbilletindetectable.com\/\"},{\"@type\":\"ListItem\",\"position\":2,\"name\":\"Accueil\"}]},{\"@type\":\"WebSite\",\"@id\":\"https:\/\/acheterbilletindetectable.com\/#website\",\"url\":\"https:\/\/acheterbilletindetectable.com\/\",\"name\":\"Acheter Billet Indetectable\",\"description\":\"Acheter Billet Indetectable\",\"publisher\":{\"@id\":\"https:\/\/acheterbilletindetectable.com\/#organization\"},\"potentialAction\":[{\"@type\":\"SearchAction\",\"target\":{\"@type\":\"EntryPoint\",\"urlTemplate\":\"https:\/\/acheterbilletindetectable.com\/?s={search_term_string}\"},\"query-input\":\"required name=search_term_string\"}],\"inLanguage\":\"et\"},{\"@type\":\"Organization\",\"@id\":\"https:\/\/acheterbilletindetectable.com\/#organization\",\"name\":\"Acheter Billet Indetectable\",\"url\":\"https:\/\/acheterbilletindetectable.com\/\",\"logo\":{\"@type\":\"ImageObject\",\"inLanguage\":\"et\",\"@id\":\"https:\/\/acheterbilletindetectable.com\/#\/schema\/logo\/image\/\",\"url\":\"https:\/\/acheterbilletindetectable.com\/wp-content\/uploads\/2022\/01\/free-euro-1.png\",\"contentUrl\":\"https:\/\/acheterbilletindetectable.com\/wp-content\/uploads\/2022\/01\/free-euro-1.png\",\"width\":150,\"height\":150,\"caption\":\"Acheter Billet Indetectable\"},\"image\":{\"@id\":\"https:\/\/acheterbilletindetectable.com\/#\/schema\/logo\/image\/\"}}]}<\/script>\n<!-- \/ Yoast SEO plugin. -->","yoast_head_json":{"title":"Acheter Billet Indetectable, billet de 50 euros, billet de 100 euros","description":"Acheter Billet Indetectable, billet de 50 euros, billet de 100 euros, billet de 200 euros, billet de 500 euros, billets euros \u00e0 imprimer","robots":{"index":"index","follow":"follow","max-snippet":"max-snippet:-1","max-image-preview":"max-image-preview:large","max-video-preview":"max-video-preview:-1"},"canonical":"https:\/\/acheterbilletindetectable.com\/et\/","og_locale":"et_EE","og_type":"article","og_title":"Acheter Billet Indetectable, billet de 50 euros, billet de 100 euros","og_description":"Acheter Billet Indetectable, billet de 50 euros, billet de 100 euros, billet de 200 euros, billet de 500 euros, billets euros \u00e0 imprimer","og_url":"https:\/\/acheterbilletindetectable.com\/et\/","og_site_name":"Acheter Billet Indetectable","article_modified_time":"2019-08-21T17:23:26+00:00","og_image":[{"url":"https:\/\/acheterbilletindetectable.com\/wp-content\/uploads\/2019\/08\/faux-billets-realistes-1024x512.jpg"}],"twitter_card":"summary_large_image","twitter_misc":{"Est. reading time":"2 minutit"},"schema":{"@context":"https:\/\/schema.org","@graph":[{"@type":"WebPage","@id":"https:\/\/acheterbilletindetectable.com\/","url":"https:\/\/acheterbilletindetectable.com\/","name":"Acheter Billet Indetectable, billet de 50 euros, billet de 100 euros","isPartOf":{"@id":"https:\/\/acheterbilletindetectable.com\/#website"},"datePublished":"2019-08-17T14:01:28+00:00","dateModified":"2019-08-21T17:23:26+00:00","description":"Acheter Billet Indetectable, billet de 50 euros, billet de 100 euros, billet de 200 euros, billet de 500 euros, billets euros \u00e0 imprimer","breadcrumb":{"@id":"https:\/\/acheterbilletindetectable.com\/#breadcrumb"},"inLanguage":"et","potentialAction":[{"@type":"ReadAction","target":["https:\/\/acheterbilletindetectable.com\/"]}]},{"@type":"BreadcrumbList","@id":"https:\/\/acheterbilletindetectable.com\/#breadcrumb","itemListElement":[{"@type":"ListItem","position":1,"name":"Accueil","item":"https:\/\/acheterbilletindetectable.com\/"},{"@type":"ListItem","position":2,"name":"Accueil"}]},{"@type":"WebSite","@id":"https:\/\/acheterbilletindetectable.com\/#website","url":"https:\/\/acheterbilletindetectable.com\/","name":"Acheter Billet Indetectable","description":"Acheter Billet Indetectable","publisher":{"@id":"https:\/\/acheterbilletindetectable.com\/#organization"},"potentialAction":[{"@type":"SearchAction","target":{"@type":"EntryPoint","urlTemplate":"https:\/\/acheterbilletindetectable.com\/?s={search_term_string}"},"query-input":"required name=search_term_string"}],"inLanguage":"et"},{"@type":"Organization","@id":"https:\/\/acheterbilletindetectable.com\/#organization","name":"Acheter Billet Indetectable","url":"https:\/\/acheterbilletindetectable.com\/","logo":{"@type":"ImageObject","inLanguage":"et","@id":"https:\/\/acheterbilletindetectable.com\/#\/schema\/logo\/image\/","url":"https:\/\/acheterbilletindetectable.com\/wp-content\/uploads\/2022\/01\/free-euro-1.png","contentUrl":"https:\/\/acheterbilletindetectable.com\/wp-content\/uploads\/2022\/01\/free-euro-1.png","width":150,"height":150,"caption":"Acheter Billet Indetectable"},"image":{"@id":"https:\/\/acheterbilletindetectable.com\/#\/schema\/logo\/image\/"}}]}},"_links":{"self":[{"href":"https:\/\/acheterbilletindetectable.com\/et\/wp-json\/wp\/v2\/pages\/6","targetHints":{"allow":["GET"]}}],"collection":[{"href":"https:\/\/acheterbilletindetectable.com\/et\/wp-json\/wp\/v2\/pages"}],"about":[{"href":"https:\/\/acheterbilletindetectable.com\/et\/wp-json\/wp\/v2\/types\/page"}],"author":[{"embeddable":true,"href":"https:\/\/acheterbilletindetectable.com\/et\/wp-json\/wp\/v2\/users\/1"}],"replies":[{"embeddable":true,"href":"https:\/\/acheterbilletindetectable.com\/et\/wp-json\/wp\/v2\/comments?post=6"}],"version-history":[{"count":4,"href":"https:\/\/acheterbilletindetectable.com\/et\/wp-json\/wp\/v2\/pages\/6\/revisions"}],"predecessor-version":[{"id":125,"href":"https:\/\/acheterbilletindetectable.com\/et\/wp-json\/wp\/v2\/pages\/6\/revisions\/125"}],"wp:attachment":[{"href":"https:\/\/acheterbilletindetectable.com\/et\/wp-json\/wp\/v2\/media?parent=6"}],"curies":[{"name":"wp","href":"https:\/\/api.w.org\/{rel}","templated":true}]}}