{"id":101,"date":"2019-08-21T14:28:57","date_gmt":"2019-08-21T14:28:57","guid":{"rendered":"https:\/\/acheterbilletindetectable.com\/?post_type=product&#038;p=101"},"modified":"2024-08-09T23:05:59","modified_gmt":"2024-08-09T23:05:59","slug":"billet-de-50-euros","status":"publish","type":"product","link":"https:\/\/acheterbilletindetectable.com\/et\/product\/billet-de-50-euros\/","title":{"rendered":"50 euro suurune pilet"},"content":{"rendered":"<p>50-eurone pangat\u00e4ht, uus 50-eurone pangat\u00e4ht,\u00a0 <a href=\"\/\/acheterdesfauxbillets.com\/acheter-faux-billets\/\" target=\"_blank\" rel=\"noopener noreferrer\">v\u00f5ltsitud 50 euro pangat\u00e4ht<\/a><\/p>\n<p>T\u00e4nu k\u00f5igile turvaelementidele, mis muudavad selle m\u00e4rkamatuks, on 50-eurone pangat\u00e4ht enim m\u00fc\u00fcdud nimiv\u00e4\u00e4rtus, mida kasutatakse k\u00f5ige rohkem ostude tegemiseks ja mida toodetakse k\u00f5ige rohkem, sest see on v\u00e4ikeste nimiv\u00e4\u00e4rtuste (5 ja 10 eurot) ja suurte nimiv\u00e4\u00e4rtuste (alates 100 eurost) vahepealne v\u00e4\u00e4rtus. Ostes sellelt veebisaidilt 100%-liselt usaldusv\u00e4\u00e4rseid v\u00f5ltsitud 50-euroseid pangat\u00e4hti, saate nendega teha oste k\u00f5ikv\u00f5imalikes kauplustes (kauplused, supermarketid, miniturud, kaubanduskeskused), vahetada neid vahetusraha vastu, maksta arveid (garaa\u017e, telefon, kirbuturg, garaa\u017eim\u00fc\u00fck), arveldada tellimusi ja panuseid, osta toitu kiirtoidupunktides ja teha palju muid oste, kus iganes soovite. \u00c4rge oodake enam! Ostke meie platvormilt realistlikke 50-euroseid v\u00f5i muid rahat\u00e4hti ja suurendage oma ostuj\u00f5udu vaid paari klikiga.<\/p>\n<p>HINNAD<br \/>\nMeie realistlikud, tuvastamatud v\u00f5ltsitud pangat\u00e4hed m\u00fc\u00fcakse nende hindadega:<br \/>\n250 = 1000 eurot (minimaalne tehing)<br \/>\n350\u20ac=1600\u20ac<br \/>\n450\u20ac=2200\u20ac<br \/>\n550\u20ac=2700\u20ac<br \/>\nK\u00f5ik maksed tehakse eurodes!<br \/>\n\u00dcle 5000-euroseid tellimusi arutatakse eraviisiliselt.<\/p>\n<p><a href=\"https:\/\/acheterbilletindetectable.com\/et\/contactez-nous\/\">V\u00f5tke meiega \u00fchendust<\/a><\/p>","protected":false},"excerpt":{"rendered":"<p>50-eurone pangat\u00e4ht, uus 50-eurone pangat\u00e4ht,\u00a0 <a href=\"\/\/acheterdesfauxbillets.com\/acheter-faux-billets\/\" target=\"_blank\" rel=\"noopener noreferrer\">v\u00f5ltsitud 50 euro pangat\u00e4ht<\/a><\/p>\n<p>T\u00e4nu k\u00f5igile turvaelementidele, mis muudavad selle m\u00e4rkamatuks, on 50-eurone pangat\u00e4ht enim m\u00fc\u00fcdud nimiv\u00e4\u00e4rtus, mida kasutatakse k\u00f5ige rohkem ostudeks ja mida toodetakse k\u00f5ige rohkem, sest see on v\u00e4ikese nimiv\u00e4\u00e4rtusega pangat\u00e4htede (5 ja 10 eurot) ja suure nimiv\u00e4\u00e4rtusega pangat\u00e4htede (100 eurot ja rohkem) vahepealne v\u00e4\u00e4rtus.<\/p>\n<p>HINNAD<br \/>\nMeie realistlikud, tuvastamatud v\u00f5ltsitud pangat\u00e4hed m\u00fc\u00fcakse nende hindadega:<br \/>\n250 = 1000 eurot (minimaalne tehing)<br \/>\n350\u20ac=1600\u20ac<br \/>\n450\u20ac=2200\u20ac<br \/>\n550\u20ac=2700\u20ac<br \/>\nK\u00f5ik maksed tehakse eurodes!<br \/>\n\u00dcle 5000-euroseid tellimusi arutatakse eraviisiliselt.<\/p>\n<p><a href=\"https:\/\/acheterbilletindetectable.com\/et\/contactez-nous\/\">V\u00f5tke meiega \u00fchendust<\/a><\/p>","protected":false},"featured_media":103,"comment_status":"open","ping_status":"closed","template":"","meta":{"_joinchat":[]},"product_cat":[18],"product_tag":[51,48,46,54,50,52,53,49,47],"class_list":["post-101","product","type-product","status-publish","has-post-thumbnail","hentry","product_cat-monnaie","product_tag-billet-50","product_tag-billet-50-euros","product_tag-billet-de-50-euros","product_tag-faux-billet-50-euros","product_tag-faux-billet-de-50","product_tag-faux-billet-de-50-euros","product_tag-nouveau-billet-50","product_tag-nouveau-billet-de-50","product_tag-nouveau-billet-de-50-euros"],"yoast_head":"<!-- This site is optimized with the Yoast SEO plugin v20.11 - https:\/\/yoast.com\/wordpress\/plugins\/seo\/ -->\n<title>billet de 50 euros, nouveau billet de 50 euros, billet 50 euros<\/title>\n<meta name=\"description\" content=\"billet de 50 euros, nouveau billet de 50 euros, billet 50 euros, nouveau billet de 50, faux billet de 50, billet 50, faux billet de 50 euros\" \/>\n<meta name=\"robots\" content=\"index, follow, max-snippet:-1, max-image-preview:large, max-video-preview:-1\" \/>\n<link rel=\"canonical\" href=\"https:\/\/acheterbilletindetectable.com\/et\/product\/billet-de-50-euros\/\" \/>\n<meta property=\"og:locale\" content=\"et_EE\" \/>\n<meta property=\"og:type\" content=\"article\" \/>\n<meta property=\"og:title\" content=\"billet de 50 euros, nouveau billet de 50 euros, billet 50 euros\" \/>\n<meta property=\"og:description\" content=\"billet de 50 euros, nouveau billet de 50 euros, billet 50 euros, nouveau billet de 50, faux billet de 50, billet 50, faux billet de 50 euros\" \/>\n<meta property=\"og:url\" content=\"https:\/\/acheterbilletindetectable.com\/et\/product\/billet-de-50-euros\/\" \/>\n<meta property=\"og:site_name\" content=\"Acheter Billet Indetectable\" \/>\n<meta property=\"article:modified_time\" content=\"2024-08-09T23:05:59+00:00\" \/>\n<meta property=\"og:image\" content=\"https:\/\/acheterbilletindetectable.com\/wp-content\/uploads\/2019\/08\/billet-de-50-euros.jpg\" \/>\n\t<meta property=\"og:image:width\" content=\"1280\" \/>\n\t<meta property=\"og:image:height\" content=\"720\" \/>\n\t<meta property=\"og:image:type\" content=\"image\/jpeg\" \/>\n<meta name=\"twitter:card\" content=\"summary_large_image\" \/>\n<meta name=\"twitter:label1\" content=\"Est. reading time\" \/>\n\t<meta name=\"twitter:data1\" content=\"2 minutit\" \/>\n<script type=\"application\/ld+json\" class=\"yoast-schema-graph\">{\"@context\":\"https:\/\/schema.org\",\"@graph\":[{\"@type\":\"WebPage\",\"@id\":\"https:\/\/acheterbilletindetectable.com\/product\/billet-de-50-euros\/\",\"url\":\"https:\/\/acheterbilletindetectable.com\/product\/billet-de-50-euros\/\",\"name\":\"billet de 50 euros, nouveau billet de 50 euros, billet 50 euros\",\"isPartOf\":{\"@id\":\"https:\/\/acheterbilletindetectable.com\/#website\"},\"datePublished\":\"2019-08-21T14:28:57+00:00\",\"dateModified\":\"2024-08-09T23:05:59+00:00\",\"description\":\"billet de 50 euros, nouveau billet de 50 euros, billet 50 euros, nouveau billet de 50, faux billet de 50, billet 50, faux billet de 50 euros\",\"breadcrumb\":{\"@id\":\"https:\/\/acheterbilletindetectable.com\/product\/billet-de-50-euros\/#breadcrumb\"},\"inLanguage\":\"et\",\"potentialAction\":[{\"@type\":\"ReadAction\",\"target\":[\"https:\/\/acheterbilletindetectable.com\/product\/billet-de-50-euros\/\"]}]},{\"@type\":\"BreadcrumbList\",\"@id\":\"https:\/\/acheterbilletindetectable.com\/product\/billet-de-50-euros\/#breadcrumb\",\"itemListElement\":[{\"@type\":\"ListItem\",\"position\":1,\"name\":\"Accueil\",\"item\":\"https:\/\/acheterbilletindetectable.com\/\"},{\"@type\":\"ListItem\",\"position\":2,\"name\":\"Boutique\",\"item\":\"https:\/\/acheterbilletindetectable.com\/boutique\/\"},{\"@type\":\"ListItem\",\"position\":3,\"name\":\"Billet de 50 euros\"}]},{\"@type\":\"WebSite\",\"@id\":\"https:\/\/acheterbilletindetectable.com\/#website\",\"url\":\"https:\/\/acheterbilletindetectable.com\/\",\"name\":\"Acheter Billet Indetectable\",\"description\":\"Acheter Billet Indetectable\",\"publisher\":{\"@id\":\"https:\/\/acheterbilletindetectable.com\/#organization\"},\"potentialAction\":[{\"@type\":\"SearchAction\",\"target\":{\"@type\":\"EntryPoint\",\"urlTemplate\":\"https:\/\/acheterbilletindetectable.com\/?s={search_term_string}\"},\"query-input\":\"required name=search_term_string\"}],\"inLanguage\":\"et\"},{\"@type\":\"Organization\",\"@id\":\"https:\/\/acheterbilletindetectable.com\/#organization\",\"name\":\"Acheter Billet Indetectable\",\"url\":\"https:\/\/acheterbilletindetectable.com\/\",\"logo\":{\"@type\":\"ImageObject\",\"inLanguage\":\"et\",\"@id\":\"https:\/\/acheterbilletindetectable.com\/#\/schema\/logo\/image\/\",\"url\":\"https:\/\/acheterbilletindetectable.com\/wp-content\/uploads\/2022\/01\/free-euro-1.png\",\"contentUrl\":\"https:\/\/acheterbilletindetectable.com\/wp-content\/uploads\/2022\/01\/free-euro-1.png\",\"width\":150,\"height\":150,\"caption\":\"Acheter Billet Indetectable\"},\"image\":{\"@id\":\"https:\/\/acheterbilletindetectable.com\/#\/schema\/logo\/image\/\"}}]}<\/script>\n<!-- \/ Yoast SEO plugin. -->","yoast_head_json":{"title":"billet de 50 euros, nouveau billet de 50 euros, billet 50 euros","description":"billet de 50 euros, nouveau billet de 50 euros, billet 50 euros, nouveau billet de 50, faux billet de 50, billet 50, faux billet de 50 euros","robots":{"index":"index","follow":"follow","max-snippet":"max-snippet:-1","max-image-preview":"max-image-preview:large","max-video-preview":"max-video-preview:-1"},"canonical":"https:\/\/acheterbilletindetectable.com\/et\/product\/billet-de-50-euros\/","og_locale":"et_EE","og_type":"article","og_title":"billet de 50 euros, nouveau billet de 50 euros, billet 50 euros","og_description":"billet de 50 euros, nouveau billet de 50 euros, billet 50 euros, nouveau billet de 50, faux billet de 50, billet 50, faux billet de 50 euros","og_url":"https:\/\/acheterbilletindetectable.com\/et\/product\/billet-de-50-euros\/","og_site_name":"Acheter Billet Indetectable","article_modified_time":"2024-08-09T23:05:59+00:00","og_image":[{"width":1280,"height":720,"url":"https:\/\/acheterbilletindetectable.com\/wp-content\/uploads\/2019\/08\/billet-de-50-euros.jpg","type":"image\/jpeg"}],"twitter_card":"summary_large_image","twitter_misc":{"Est. reading time":"2 minutit"},"schema":{"@context":"https:\/\/schema.org","@graph":[{"@type":"WebPage","@id":"https:\/\/acheterbilletindetectable.com\/product\/billet-de-50-euros\/","url":"https:\/\/acheterbilletindetectable.com\/product\/billet-de-50-euros\/","name":"billet de 50 euros, nouveau billet de 50 euros, billet 50 euros","isPartOf":{"@id":"https:\/\/acheterbilletindetectable.com\/#website"},"datePublished":"2019-08-21T14:28:57+00:00","dateModified":"2024-08-09T23:05:59+00:00","description":"billet de 50 euros, nouveau billet de 50 euros, billet 50 euros, nouveau billet de 50, faux billet de 50, billet 50, faux billet de 50 euros","breadcrumb":{"@id":"https:\/\/acheterbilletindetectable.com\/product\/billet-de-50-euros\/#breadcrumb"},"inLanguage":"et","potentialAction":[{"@type":"ReadAction","target":["https:\/\/acheterbilletindetectable.com\/product\/billet-de-50-euros\/"]}]},{"@type":"BreadcrumbList","@id":"https:\/\/acheterbilletindetectable.com\/product\/billet-de-50-euros\/#breadcrumb","itemListElement":[{"@type":"ListItem","position":1,"name":"Accueil","item":"https:\/\/acheterbilletindetectable.com\/"},{"@type":"ListItem","position":2,"name":"Boutique","item":"https:\/\/acheterbilletindetectable.com\/boutique\/"},{"@type":"ListItem","position":3,"name":"Billet de 50 euros"}]},{"@type":"WebSite","@id":"https:\/\/acheterbilletindetectable.com\/#website","url":"https:\/\/acheterbilletindetectable.com\/","name":"Acheter Billet Indetectable","description":"Acheter Billet Indetectable","publisher":{"@id":"https:\/\/acheterbilletindetectable.com\/#organization"},"potentialAction":[{"@type":"SearchAction","target":{"@type":"EntryPoint","urlTemplate":"https:\/\/acheterbilletindetectable.com\/?s={search_term_string}"},"query-input":"required name=search_term_string"}],"inLanguage":"et"},{"@type":"Organization","@id":"https:\/\/acheterbilletindetectable.com\/#organization","name":"Acheter Billet Indetectable","url":"https:\/\/acheterbilletindetectable.com\/","logo":{"@type":"ImageObject","inLanguage":"et","@id":"https:\/\/acheterbilletindetectable.com\/#\/schema\/logo\/image\/","url":"https:\/\/acheterbilletindetectable.com\/wp-content\/uploads\/2022\/01\/free-euro-1.png","contentUrl":"https:\/\/acheterbilletindetectable.com\/wp-content\/uploads\/2022\/01\/free-euro-1.png","width":150,"height":150,"caption":"Acheter Billet Indetectable"},"image":{"@id":"https:\/\/acheterbilletindetectable.com\/#\/schema\/logo\/image\/"}}]}},"_links":{"self":[{"href":"https:\/\/acheterbilletindetectable.com\/et\/wp-json\/wp\/v2\/product\/101","targetHints":{"allow":["GET"]}}],"collection":[{"href":"https:\/\/acheterbilletindetectable.com\/et\/wp-json\/wp\/v2\/product"}],"about":[{"href":"https:\/\/acheterbilletindetectable.com\/et\/wp-json\/wp\/v2\/types\/product"}],"replies":[{"embeddable":true,"href":"https:\/\/acheterbilletindetectable.com\/et\/wp-json\/wp\/v2\/comments?post=101"}],"wp:featuredmedia":[{"embeddable":true,"href":"https:\/\/acheterbilletindetectable.com\/et\/wp-json\/wp\/v2\/media\/103"}],"wp:attachment":[{"href":"https:\/\/acheterbilletindetectable.com\/et\/wp-json\/wp\/v2\/media?parent=101"}],"wp:term":[{"taxonomy":"product_cat","embeddable":true,"href":"https:\/\/acheterbilletindetectable.com\/et\/wp-json\/wp\/v2\/product_cat?post=101"},{"taxonomy":"product_tag","embeddable":true,"href":"https:\/\/acheterbilletindetectable.com\/et\/wp-json\/wp\/v2\/product_tag?post=101"}],"curies":[{"name":"wp","href":"https:\/\/api.w.org\/{rel}","templated":true}]}}