{"id":104,"date":"2019-08-21T15:03:50","date_gmt":"2019-08-21T15:03:50","guid":{"rendered":"https:\/\/acheterbilletindetectable.com\/?post_type=product&#038;p=104"},"modified":"2025-09-24T17:01:24","modified_gmt":"2025-09-24T17:01:24","slug":"billet-de-100-euros","status":"publish","type":"product","link":"https:\/\/acheterbilletindetectable.com\/et\/product\/billet-de-100-euros\/","title":{"rendered":"100 euro suurune pilet"},"content":{"rendered":"<p>100 m\u00e4rkus,\u00a0 <a href=\"\/\/acheterdesfauxbillets.com\/acheter-faux-billets\/\" target=\"_blank\" rel=\"noopener noreferrer\">v\u00f5ltsitud 100 euro pangat\u00e4ht<\/a><\/p>\n<p>100-eurone pangat\u00e4ht on suuruselt neljas pangat\u00e4ht ja seda peetakse suurtest nimiv\u00e4\u00e4rtustest (100, 200 ja 500 eurot) k\u00f5ige v\u00e4iksemaks. See on n\u00fc\u00fcd saadaval meie v\u00f5ltsitud pangat\u00e4hti m\u00fc\u00fcval veebilehel. Nagu k\u00f5ik teisedki meie poolt m\u00fc\u00fcdavad pangat\u00e4hed, j\u00e4rgivad ka 100-eurosed pangat\u00e4hed v\u00e4ga hoolikat tootmisprotsessi, mis tagab, et on v\u00f5imatu tuvastada, et tegemist on v\u00f5ltsitud pangat\u00e4htedega, sest need on igas m\u00f5ttes identsed emiteerivate pankade toodetud pangat\u00e4htedega. Arvestades k\u00f5iki ettevaatusabin\u00f5usid, mida me nende pangat\u00e4htede t\u00f5ep\u00e4raseks reprodutseerimiseks rakendame, on ainus v\u00f5imalus tuvastada, et need on v\u00f5ltsitud, kontrollida nende numbreid andmebaasides.<br \/>\nOstke 100-euroseid v\u00f5i suuremaid rahat\u00e4hti ja parandage oma ja oma l\u00e4hedaste igap\u00e4evaelu. Vaid paari klikiga saate k\u00f5ikides supermarketites ja kauplustes osta m\u00e4rkamatuid v\u00f5ltsitud rahat\u00e4hti.<\/p>\n<h2>HINNAD<\/h2>\n<p>Meie realistlikud, tuvastamatud v\u00f5ltsitud pangat\u00e4hed m\u00fc\u00fcakse nende hindadega:<br \/>\n250 = 1000 eurot (minimaalne tehing)<br \/>\n350\u20ac=1600\u20ac<br \/>\n450\u20ac=2200\u20ac<br \/>\n550\u20ac=2700\u20ac<br \/>\nK\u00f5ik maksed tehakse eurodes!<br \/>\nTellimusi \u00fcle 5000Euro arutatakse eraviisiliselt l\u00e4bi<\/p>\n<p><a href=\"https:\/\/acheterbilletindetectable.com\/et\/contactez-nous\/\">V\u00f5tke meiega \u00fchendust<\/a><\/p>","protected":false},"excerpt":{"rendered":"<p>100-eurone pangat\u00e4ht on suuruselt neljas pangat\u00e4ht ja seda peetakse suure nimiv\u00e4\u00e4rtusega pangat\u00e4htedest (100, 200 ja 500 eurot) k\u00f5ige v\u00e4iksema nimiv\u00e4\u00e4rtusega pangat\u00e4htedeks.<\/p>\n<h2>HINNAD<\/h2>\n<p>Meie realistlikud, tuvastamatud v\u00f5ltsitud pangat\u00e4hed m\u00fc\u00fcakse nende hindadega:<br \/>\n250 = 1000 eurot (minimaalne tehing)<br \/>\n350\u20ac=1600\u20ac<br \/>\n450\u20ac=2200\u20ac<br \/>\n550\u20ac=2700\u20ac<br \/>\nK\u00f5ik maksed tehakse eurodes!<br \/>\n\u00dcle 5000-euroseid tellimusi arutatakse eraviisiliselt.<\/p>\n<p><a href=\"https:\/\/acheterbilletindetectable.com\/et\/contactez-nous\/\">V\u00f5tke meiega \u00fchendust<\/a><\/p>","protected":false},"featured_media":105,"comment_status":"open","ping_status":"closed","template":"","meta":{"_joinchat":[]},"product_cat":[18],"product_tag":[57,62,58,55,60,59,36,33,61,56],"class_list":["post-104","product","type-product","status-publish","has-post-thumbnail","hentry","product_cat-monnaie","product_tag-billet-100-euros","product_tag-billet-100-euros-faux","product_tag-billet-de-100","product_tag-billet-de-100-euros","product_tag-billet-de-100-euros-a-imprimer","product_tag-faux-billet-de-100-euros","product_tag-les-billets-en-euros","product_tag-nouveau-billet","product_tag-nouveau-billet-100-euros","product_tag-nouveau-billet-de-100-euros"],"yoast_head":"<!-- This site is optimized with the Yoast SEO plugin v20.11 - https:\/\/yoast.com\/wordpress\/plugins\/seo\/ -->\n<title>billet de 100 euros, nouveau billet de 100 euros, billet 100 euros<\/title>\n<meta name=\"description\" content=\"billet de 100 euros, nouveau billet de 100 euros, billet 100 euros, nouveau billet, les billets en euros, billet de 100, faux billet de 100 euros\" \/>\n<meta name=\"robots\" content=\"index, follow, max-snippet:-1, max-image-preview:large, max-video-preview:-1\" \/>\n<link rel=\"canonical\" href=\"https:\/\/acheterbilletindetectable.com\/et\/product\/billet-de-100-euros\/\" \/>\n<meta property=\"og:locale\" content=\"et_EE\" \/>\n<meta property=\"og:type\" content=\"article\" \/>\n<meta property=\"og:title\" content=\"billet de 100 euros, nouveau billet de 100 euros, billet 100 euros\" \/>\n<meta property=\"og:description\" content=\"billet de 100 euros, nouveau billet de 100 euros, billet 100 euros, nouveau billet, les billets en euros, billet de 100, faux billet de 100 euros\" \/>\n<meta property=\"og:url\" content=\"https:\/\/acheterbilletindetectable.com\/et\/product\/billet-de-100-euros\/\" \/>\n<meta property=\"og:site_name\" content=\"Acheter Billet Indetectable\" \/>\n<meta property=\"article:modified_time\" content=\"2025-09-24T17:01:24+00:00\" \/>\n<meta property=\"og:image\" content=\"https:\/\/acheterbilletindetectable.com\/wp-content\/uploads\/2019\/08\/billet-de-100-euros.jpg\" \/>\n\t<meta property=\"og:image:width\" content=\"1280\" \/>\n\t<meta property=\"og:image:height\" content=\"720\" \/>\n\t<meta property=\"og:image:type\" content=\"image\/jpeg\" \/>\n<meta name=\"twitter:card\" content=\"summary_large_image\" \/>\n<meta name=\"twitter:label1\" content=\"Est. reading time\" \/>\n\t<meta name=\"twitter:data1\" content=\"2 minutit\" \/>\n<script type=\"application\/ld+json\" class=\"yoast-schema-graph\">{\"@context\":\"https:\/\/schema.org\",\"@graph\":[{\"@type\":\"WebPage\",\"@id\":\"https:\/\/acheterbilletindetectable.com\/product\/billet-de-100-euros\/\",\"url\":\"https:\/\/acheterbilletindetectable.com\/product\/billet-de-100-euros\/\",\"name\":\"billet de 100 euros, nouveau billet de 100 euros, billet 100 euros\",\"isPartOf\":{\"@id\":\"https:\/\/acheterbilletindetectable.com\/#website\"},\"datePublished\":\"2019-08-21T15:03:50+00:00\",\"dateModified\":\"2025-09-24T17:01:24+00:00\",\"description\":\"billet de 100 euros, nouveau billet de 100 euros, billet 100 euros, nouveau billet, les billets en euros, billet de 100, faux billet de 100 euros\",\"breadcrumb\":{\"@id\":\"https:\/\/acheterbilletindetectable.com\/product\/billet-de-100-euros\/#breadcrumb\"},\"inLanguage\":\"et\",\"potentialAction\":[{\"@type\":\"ReadAction\",\"target\":[\"https:\/\/acheterbilletindetectable.com\/product\/billet-de-100-euros\/\"]}]},{\"@type\":\"BreadcrumbList\",\"@id\":\"https:\/\/acheterbilletindetectable.com\/product\/billet-de-100-euros\/#breadcrumb\",\"itemListElement\":[{\"@type\":\"ListItem\",\"position\":1,\"name\":\"Accueil\",\"item\":\"https:\/\/acheterbilletindetectable.com\/\"},{\"@type\":\"ListItem\",\"position\":2,\"name\":\"Boutique\",\"item\":\"https:\/\/acheterbilletindetectable.com\/boutique\/\"},{\"@type\":\"ListItem\",\"position\":3,\"name\":\"Billet de 100 euros\"}]},{\"@type\":\"WebSite\",\"@id\":\"https:\/\/acheterbilletindetectable.com\/#website\",\"url\":\"https:\/\/acheterbilletindetectable.com\/\",\"name\":\"Acheter Billet Indetectable\",\"description\":\"Acheter Billet Indetectable\",\"publisher\":{\"@id\":\"https:\/\/acheterbilletindetectable.com\/#organization\"},\"potentialAction\":[{\"@type\":\"SearchAction\",\"target\":{\"@type\":\"EntryPoint\",\"urlTemplate\":\"https:\/\/acheterbilletindetectable.com\/?s={search_term_string}\"},\"query-input\":\"required name=search_term_string\"}],\"inLanguage\":\"et\"},{\"@type\":\"Organization\",\"@id\":\"https:\/\/acheterbilletindetectable.com\/#organization\",\"name\":\"Acheter Billet Indetectable\",\"url\":\"https:\/\/acheterbilletindetectable.com\/\",\"logo\":{\"@type\":\"ImageObject\",\"inLanguage\":\"et\",\"@id\":\"https:\/\/acheterbilletindetectable.com\/#\/schema\/logo\/image\/\",\"url\":\"https:\/\/acheterbilletindetectable.com\/wp-content\/uploads\/2022\/01\/free-euro-1.png\",\"contentUrl\":\"https:\/\/acheterbilletindetectable.com\/wp-content\/uploads\/2022\/01\/free-euro-1.png\",\"width\":150,\"height\":150,\"caption\":\"Acheter Billet Indetectable\"},\"image\":{\"@id\":\"https:\/\/acheterbilletindetectable.com\/#\/schema\/logo\/image\/\"}}]}<\/script>\n<!-- \/ Yoast SEO plugin. -->","yoast_head_json":{"title":"billet de 100 euros, nouveau billet de 100 euros, billet 100 euros","description":"billet de 100 euros, nouveau billet de 100 euros, billet 100 euros, nouveau billet, les billets en euros, billet de 100, faux billet de 100 euros","robots":{"index":"index","follow":"follow","max-snippet":"max-snippet:-1","max-image-preview":"max-image-preview:large","max-video-preview":"max-video-preview:-1"},"canonical":"https:\/\/acheterbilletindetectable.com\/et\/product\/billet-de-100-euros\/","og_locale":"et_EE","og_type":"article","og_title":"billet de 100 euros, nouveau billet de 100 euros, billet 100 euros","og_description":"billet de 100 euros, nouveau billet de 100 euros, billet 100 euros, nouveau billet, les billets en euros, billet de 100, faux billet de 100 euros","og_url":"https:\/\/acheterbilletindetectable.com\/et\/product\/billet-de-100-euros\/","og_site_name":"Acheter Billet Indetectable","article_modified_time":"2025-09-24T17:01:24+00:00","og_image":[{"width":1280,"height":720,"url":"https:\/\/acheterbilletindetectable.com\/wp-content\/uploads\/2019\/08\/billet-de-100-euros.jpg","type":"image\/jpeg"}],"twitter_card":"summary_large_image","twitter_misc":{"Est. reading time":"2 minutit"},"schema":{"@context":"https:\/\/schema.org","@graph":[{"@type":"WebPage","@id":"https:\/\/acheterbilletindetectable.com\/product\/billet-de-100-euros\/","url":"https:\/\/acheterbilletindetectable.com\/product\/billet-de-100-euros\/","name":"billet de 100 euros, nouveau billet de 100 euros, billet 100 euros","isPartOf":{"@id":"https:\/\/acheterbilletindetectable.com\/#website"},"datePublished":"2019-08-21T15:03:50+00:00","dateModified":"2025-09-24T17:01:24+00:00","description":"billet de 100 euros, nouveau billet de 100 euros, billet 100 euros, nouveau billet, les billets en euros, billet de 100, faux billet de 100 euros","breadcrumb":{"@id":"https:\/\/acheterbilletindetectable.com\/product\/billet-de-100-euros\/#breadcrumb"},"inLanguage":"et","potentialAction":[{"@type":"ReadAction","target":["https:\/\/acheterbilletindetectable.com\/product\/billet-de-100-euros\/"]}]},{"@type":"BreadcrumbList","@id":"https:\/\/acheterbilletindetectable.com\/product\/billet-de-100-euros\/#breadcrumb","itemListElement":[{"@type":"ListItem","position":1,"name":"Accueil","item":"https:\/\/acheterbilletindetectable.com\/"},{"@type":"ListItem","position":2,"name":"Boutique","item":"https:\/\/acheterbilletindetectable.com\/boutique\/"},{"@type":"ListItem","position":3,"name":"Billet de 100 euros"}]},{"@type":"WebSite","@id":"https:\/\/acheterbilletindetectable.com\/#website","url":"https:\/\/acheterbilletindetectable.com\/","name":"Acheter Billet Indetectable","description":"Acheter Billet Indetectable","publisher":{"@id":"https:\/\/acheterbilletindetectable.com\/#organization"},"potentialAction":[{"@type":"SearchAction","target":{"@type":"EntryPoint","urlTemplate":"https:\/\/acheterbilletindetectable.com\/?s={search_term_string}"},"query-input":"required name=search_term_string"}],"inLanguage":"et"},{"@type":"Organization","@id":"https:\/\/acheterbilletindetectable.com\/#organization","name":"Acheter Billet Indetectable","url":"https:\/\/acheterbilletindetectable.com\/","logo":{"@type":"ImageObject","inLanguage":"et","@id":"https:\/\/acheterbilletindetectable.com\/#\/schema\/logo\/image\/","url":"https:\/\/acheterbilletindetectable.com\/wp-content\/uploads\/2022\/01\/free-euro-1.png","contentUrl":"https:\/\/acheterbilletindetectable.com\/wp-content\/uploads\/2022\/01\/free-euro-1.png","width":150,"height":150,"caption":"Acheter Billet Indetectable"},"image":{"@id":"https:\/\/acheterbilletindetectable.com\/#\/schema\/logo\/image\/"}}]}},"_links":{"self":[{"href":"https:\/\/acheterbilletindetectable.com\/et\/wp-json\/wp\/v2\/product\/104","targetHints":{"allow":["GET"]}}],"collection":[{"href":"https:\/\/acheterbilletindetectable.com\/et\/wp-json\/wp\/v2\/product"}],"about":[{"href":"https:\/\/acheterbilletindetectable.com\/et\/wp-json\/wp\/v2\/types\/product"}],"replies":[{"embeddable":true,"href":"https:\/\/acheterbilletindetectable.com\/et\/wp-json\/wp\/v2\/comments?post=104"}],"wp:featuredmedia":[{"embeddable":true,"href":"https:\/\/acheterbilletindetectable.com\/et\/wp-json\/wp\/v2\/media\/105"}],"wp:attachment":[{"href":"https:\/\/acheterbilletindetectable.com\/et\/wp-json\/wp\/v2\/media?parent=104"}],"wp:term":[{"taxonomy":"product_cat","embeddable":true,"href":"https:\/\/acheterbilletindetectable.com\/et\/wp-json\/wp\/v2\/product_cat?post=104"},{"taxonomy":"product_tag","embeddable":true,"href":"https:\/\/acheterbilletindetectable.com\/et\/wp-json\/wp\/v2\/product_tag?post=104"}],"curies":[{"name":"wp","href":"https:\/\/api.w.org\/{rel}","templated":true}]}}