{"id":17,"date":"2019-08-17T14:39:34","date_gmt":"2019-08-17T14:39:34","guid":{"rendered":"https:\/\/acheterbilletindetectable.com\/?page_id=17"},"modified":"2022-01-18T13:30:15","modified_gmt":"2022-01-18T13:30:15","slug":"contactez-nous","status":"publish","type":"page","link":"https:\/\/acheterbilletindetectable.com\/it\/contactez-nous\/","title":{"rendered":"Contattateci"},"content":{"rendered":"<div class=\"vc_row wpb_row vc_row-fluid\"><div class=\"wpb_column vc_column_container vc_col-sm-12\"><div class=\"vc_column-inner\"><div class=\"wpb_wrapper\">\n\t<div class=\"wpb_text_column wpb_content_element\" >\n\t\t<div class=\"wpb_wrapper\">\n\t\t\t<p><strong>Compilare il modulo sottostante. Tutti i campi sono obbligatori.<\/strong><\/p>\n<p><strong>Toutes vos informations sont s\u00e9curis\u00e9es avec nous et elles sont utilis\u00e9es uniquement \u00e0 des fins d&rsquo;identification.<\/strong><\/p>\n\n\t\t<\/div>\n\t<\/div>\n<\/div><\/div><\/div><\/div><div class=\"vc_row wpb_row vc_row-fluid\"><div class=\"wpb_column vc_column_container vc_col-sm-8\"><div class=\"vc_column-inner\"><div class=\"wpb_wrapper\">\n\t<div class=\"wpb_text_column wpb_content_element\" >\n\t\t<div class=\"wpb_wrapper\">\n\t\t\t<div class=\"wpforms-container wpforms-container-full\" id=\"wpforms-16\"><form id=\"wpforms-form-16\" class=\"wpforms-validate wpforms-form\" data-formid=\"16\" method=\"post\" enctype=\"multipart\/form-data\" action=\"\/it\/wp-json\/wp\/v2\/pages\/17\" data-token=\"4f8522587ec0c88091340c4426d491b4\" data-trp-original-action=\"\/it\/wp-json\/wp\/v2\/pages\/17\"><noscript class=\"wpforms-error-noscript\">Abilita JavaScript nel browser per completare questo modulo.<\/noscript><div class=\"wpforms-field-container\"><div id=\"wpforms-16-field_0-container\" class=\"wpforms-field wpforms-field-name\" data-field-id=\"0\"><label class=\"wpforms-field-label\" for=\"wpforms-16-field_0\">Nome <span class=\"wpforms-required-label\">*<\/span><\/label><div class=\"wpforms-field-row wpforms-field-medium\"><div class=\"wpforms-field-row-block wpforms-first wpforms-one-half\"><input type=\"text\" id=\"wpforms-16-field_0\" class=\"wpforms-field-name-first wpforms-field-required\" name=\"wpforms[fields][0][first]\" required><label for=\"wpforms-16-field_0\" class=\"wpforms-field-sublabel after\">Nome<\/label><\/div><div class=\"wpforms-field-row-block wpforms-one-half\"><input type=\"text\" id=\"wpforms-16-field_0-last\" class=\"wpforms-field-name-last wpforms-field-required\" name=\"wpforms[fields][0][last]\" required><label for=\"wpforms-16-field_0-last\" class=\"wpforms-field-sublabel after\">Cognome<\/label><\/div><\/div><\/div><div id=\"wpforms-16-field_1-container\" class=\"wpforms-field wpforms-field-email\" data-field-id=\"1\"><label class=\"wpforms-field-label\" for=\"wpforms-16-field_1\">E-mail <span class=\"wpforms-required-label\">*<\/span><\/label><input type=\"email\" id=\"wpforms-16-field_1\" class=\"wpforms-field-medium wpforms-field-required\" name=\"wpforms[fields][1]\" required><\/div><div id=\"wpforms-16-field_4-container\" class=\"wpforms-field wpforms-field-phone\" data-field-id=\"4\"><label class=\"wpforms-field-label\" for=\"wpforms-16-field_4\">Numero di WhatsApp <span class=\"wpforms-required-label\">*<\/span><\/label><input type=\"tel\" id=\"wpforms-16-field_4\" class=\"wpforms-field-medium wpforms-field-required wpforms-smart-phone-field\" data-rule-smart-phone-field=\"true\" name=\"wpforms[fields][4]\" required><\/div><div id=\"wpforms-16-field_5-container\" class=\"wpforms-field wpforms-field-address\" data-field-id=\"5\"><label class=\"wpforms-field-label\" for=\"wpforms-16-field_5\">Indirizzo <span class=\"wpforms-required-label\">*<\/span><\/label><div class=\"wpforms-field-row wpforms-field-medium\"><div ><input type=\"text\" id=\"wpforms-16-field_5\" class=\"wpforms-field-address-address1 wpforms-field-required\" name=\"wpforms[fields][5][address1]\" placeholder=\"Adresse 1\" required><label for=\"wpforms-16-field_5\" class=\"wpforms-field-sublabel after wpforms-sublabel-hide\">Address Line 1<\/label><\/div><\/div><div class=\"wpforms-field-row wpforms-field-medium\"><div class=\"wpforms-field-row-block wpforms-one-half wpforms-first\"><input type=\"text\" id=\"wpforms-16-field_5-city\" class=\"wpforms-field-address-city wpforms-field-required\" name=\"wpforms[fields][5][city]\" placeholder=\"Ville\" required><label for=\"wpforms-16-field_5-city\" class=\"wpforms-field-sublabel after wpforms-sublabel-hide\">City<\/label><\/div><div class=\"wpforms-field-row-block wpforms-one-half\"><input type=\"text\" id=\"wpforms-16-field_5-state\" class=\"wpforms-field-address-state wpforms-field-required\" name=\"wpforms[fields][5][state]\" placeholder=\"Etat \/ Province \/ R\u00e9gion\" required><label for=\"wpforms-16-field_5-state\" class=\"wpforms-field-sublabel after wpforms-sublabel-hide\">State \/ Province \/ Region<\/label><\/div><\/div><div class=\"wpforms-field-row wpforms-field-medium\"><div class=\"wpforms-field-row-block wpforms-one-half wpforms-first\"><input type=\"text\" id=\"wpforms-16-field_5-postal\" class=\"wpforms-field-address-postal wpforms-field-required\" name=\"wpforms[fields][5][postal]\" placeholder=\"Code postal\" required><label for=\"wpforms-16-field_5-postal\" class=\"wpforms-field-sublabel after wpforms-sublabel-hide\">Postal Code<\/label><\/div><div class=\"wpforms-field-row-block wpforms-one-half\"><select id=\"wpforms-16-field_5-country\" class=\"wpforms-field-address-country wpforms-field-required\" name=\"wpforms[fields][5][country]\" value=\"France\" placeholder=\"Pays\" required><option value=\"AF\" >Afghanistan<\/option><option value=\"AL\" >Albania<\/option><option value=\"DZ\" >Algeria<\/option><option value=\"AD\" >Andorra<\/option><option value=\"AO\" >Angola<\/option><option value=\"AI\" >Anguilla<\/option><option value=\"AQ\" >Antartide<\/option><option value=\"AG\" >Antigua e Barbuda<\/option><option value=\"SA\" >Arabia Saudita<\/option><option value=\"AR\" >Argentina<\/option><option value=\"AM\" >Armenia<\/option><option value=\"AW\" >Aruba<\/option><option value=\"AU\" >Australia<\/option><option value=\"AT\" >Austria<\/option><option value=\"AZ\" >Azerbaijan<\/option><option value=\"BS\" >Bahamas<\/option><option value=\"BH\" >Bahrain<\/option><option value=\"BD\" >Bangladesh<\/option><option value=\"BB\" >Barbados<\/option><option value=\"BE\" >Belgio<\/option><option value=\"BZ\" >Belize<\/option><option value=\"BJ\" >Benin<\/option><option value=\"BM\" >Bermuda<\/option><option value=\"BT\" >Bhutan<\/option><option value=\"BY\" >Bielorussia<\/option><option value=\"MM\" >Birmania<\/option><option value=\"BO\" >Bolivia (Stato plurinazionale della)<\/option><option value=\"BQ\" >Bonaire, Saint Eustatius and Saba<\/option><option value=\"BA\" >Bosnia-Erzegovina<\/option><option value=\"BW\" >Botswana<\/option><option value=\"BR\" >Brasile<\/option><option value=\"BN\" >Brunei Darrussalam<\/option><option value=\"BG\" >Bulgaria<\/option><option value=\"BF\" >Burkina Faso<\/option><option value=\"BI\" >Burundi<\/option><option value=\"KH\" >Cambogia<\/option><option value=\"CM\" >Camerun<\/option><option value=\"CA\" >Canada<\/option><option value=\"CV\" >Capo Verde<\/option><option value=\"TD\" >Chad<\/option><option value=\"CL\" >Cile<\/option><option value=\"CN\" >Cina<\/option><option value=\"CY\" >Cipro<\/option><option value=\"CO\" >Colombia<\/option><option value=\"KM\" >Comore<\/option><option value=\"CG\" >Congo<\/option><option value=\"CD\" >Congo (Repubblica Democratica del)<\/option><option value=\"CR\" >Costa Rica<\/option><option value=\"CI\" >Costa d&#039;Avorio<\/option><option value=\"HR\" >Croazia<\/option><option value=\"CU\" >Cuba<\/option><option value=\"CW\" >Cura\u00e7ao<\/option><option value=\"DK\" >Danimarca<\/option><option value=\"DM\" >Dominica<\/option><option value=\"EC\" >Ecuador<\/option><option value=\"EG\" >Egitto<\/option><option value=\"SV\" >El Salvador<\/option><option value=\"AE\" >Emirati Arabi Uniti<\/option><option value=\"ER\" >Eritrea<\/option><option value=\"EE\" >Estonia<\/option><option value=\"ET\" >Etiopia<\/option><option value=\"RU\" >Federazione Russa<\/option><option value=\"FJ\" >Fiji<\/option><option value=\"PH\" >Filippine<\/option><option value=\"FI\" >Finlandia<\/option><option value=\"FR\" >Francia<\/option><option value=\"GA\" >Gabon<\/option><option value=\"GM\" >Gambia<\/option><option value=\"GE\" >Georgia<\/option><option value=\"GS\" >Georgia del Sud e Isole Sandwich Australi<\/option><option value=\"DE\" >Germania<\/option><option value=\"GH\" >Ghana<\/option><option value=\"JM\" >Giamaica<\/option><option value=\"JP\" >Giappone<\/option><option value=\"GI\" >Gibilterra<\/option><option value=\"DJ\" >Gibuti<\/option><option value=\"JO\" >Giordania<\/option><option value=\"GR\" >Grecia<\/option><option value=\"GD\" >Grenada<\/option><option value=\"GL\" >Groenlandia<\/option><option value=\"GP\" >Guadalupa<\/option><option value=\"GU\" >Guam<\/option><option value=\"GT\" >Guatemala<\/option><option value=\"GG\" >Guernsey<\/option><option value=\"GF\" >Guiana Francese<\/option><option value=\"GN\" >Guinea<\/option><option value=\"GQ\" >Guinea Equatoriale<\/option><option value=\"GW\" >Guinea-Bissau<\/option><option value=\"GY\" >Guyana<\/option><option value=\"HT\" >Haiti<\/option><option value=\"HN\" >Honduras<\/option><option value=\"HK\" >Hong Kong<\/option><option value=\"IN\" >India<\/option><option value=\"ID\" >Indonesia<\/option><option value=\"IR\" >Iran (Repubblica Islamica dell&#039;)<\/option><option value=\"IQ\" >Iraq<\/option><option value=\"IE\" >Irlanda (Repubblica dell&#039;)<\/option><option value=\"IS\" >Islanda<\/option><option value=\"BV\" >Isola di Bouvet<\/option><option value=\"IM\" >Isola di Man<\/option><option value=\"CX\" >Isola di Natale<\/option><option value=\"BL\" >Isola di Saint Barth\u00e9lemy<\/option><option value=\"AX\" >Isole Aland<\/option><option value=\"KY\" >Isole Cayman<\/option><option value=\"CC\" >Isole Cocos (Keeling)<\/option><option value=\"CK\" >Isole Cook<\/option><option value=\"FK\" >Isole Falkland (Malvinas)<\/option><option value=\"FO\" >Isole Faroe<\/option><option value=\"HM\" >Isole Heard e McDonald<\/option><option value=\"MP\" >Isole Marianne Settentrionali<\/option><option value=\"MH\" >Isole Marshall<\/option><option value=\"NF\" >Isole Norfolk<\/option><option value=\"PM\" >Isole Saint Pierre e Miquelon<\/option><option value=\"SB\" >Isole Salomone<\/option><option value=\"SJ\" >Isole Svalbard e Jan Mayen<\/option><option value=\"TC\" >Isole Turks e Caicos<\/option><option value=\"VI\" >Isole Vergini (americane)<\/option><option value=\"VG\" >Isole Vergini (britanniche)<\/option><option value=\"UM\" >Isole minori esterne degli Stati Uniti d&#039;America<\/option><option value=\"IL\" >Israele<\/option><option value=\"IT\" >Italia<\/option><option value=\"KZ\" >Kazakistan<\/option><option value=\"KE\" >Kenya<\/option><option value=\"KG\" >Kirghizistan<\/option><option value=\"KI\" >Kiribati<\/option><option value=\"KP\" >Korea (Repubblica Democratica del Popolo della)<\/option><option value=\"KR\" >Korea (Repubblica della)<\/option><option value=\"XK\" >Kosovo<\/option><option value=\"KW\" >Kuwait<\/option><option value=\"LS\" >Lesotho<\/option><option value=\"LV\" >Lettonia<\/option><option value=\"LB\" >Libano<\/option><option value=\"LR\" >Liberia<\/option><option value=\"LY\" >Libia<\/option><option value=\"LI\" >Liechtenstein<\/option><option value=\"LT\" >Lituania<\/option><option value=\"LU\" >Lussemburgo<\/option><option value=\"MO\" >Macao<\/option><option value=\"MK\" >Macedonia del nord (Repubblica di)<\/option><option value=\"MG\" >Madagascar<\/option><option value=\"JE\" >Maglia<\/option><option value=\"MW\" >Malawi<\/option><option value=\"MV\" >Maldive<\/option><option value=\"MY\" >Malesia<\/option><option value=\"ML\" >Mali<\/option><option value=\"MT\" >Malta<\/option><option value=\"MA\" >Marocco<\/option><option value=\"MQ\" >Martinica<\/option><option value=\"MR\" >Mauritania<\/option><option value=\"MU\" >Mauritius<\/option><option value=\"YT\" >Mayotte<\/option><option value=\"MX\" >Messico<\/option><option value=\"FM\" >Micronesia (Confederazione di stati della)<\/option><option value=\"MD\" >Moldova (Repubblica della)<\/option><option value=\"MC\" >Monaco<\/option><option value=\"MN\" >Mongolia<\/option><option value=\"ME\" >Montenegro<\/option><option value=\"MS\" >Montserrat<\/option><option value=\"MZ\" >Mozambico<\/option><option value=\"NA\" >Namibia<\/option><option value=\"NR\" >Nauru<\/option><option value=\"NP\" >Nepal<\/option><option value=\"NI\" >Nicaragua<\/option><option value=\"NE\" >Niger<\/option><option value=\"NG\" >Nigeria<\/option><option value=\"NU\" >Niue<\/option><option value=\"NO\" >Norvegia<\/option><option value=\"NC\" >Nuova Caledonia<\/option><option value=\"NZ\" >Nuova Zelanda<\/option><option value=\"OM\" >Oman<\/option><option value=\"NL\" >Paesi Bassi<\/option><option value=\"PK\" >Pakistan<\/option><option value=\"PW\" >Palau<\/option><option value=\"PS\" >Palestina (Stato della)<\/option><option value=\"PA\" >Panama<\/option><option value=\"PG\" >Papua Nuova Guinea<\/option><option value=\"PY\" >Paraguay<\/option><option value=\"PE\" >Per\u00f9<\/option><option value=\"PN\" >Pitcairn<\/option><option value=\"PL\" >Polonia<\/option><option value=\"PF\" >Polynesia Francese<\/option><option value=\"PR\" >Porto Rico<\/option><option value=\"PT\" >Portogallo<\/option><option value=\"QA\" >Qatar<\/option><option value=\"GB\" >Regno Unito della Gran Bretagna e dell&#039;Irlanda del Nord<\/option><option value=\"SY\" >Repubblica Araba della Siria<\/option><option value=\"CZ\" >Repubblica Ceca<\/option><option value=\"CF\" >Repubblica Centrafricana<\/option><option value=\"LA\" >Repubblica Democratica Popolare del Laos<\/option><option value=\"DO\" >Repubblica Dominicana<\/option><option value=\"RE\" >Riunione (Isola della)<\/option><option value=\"RO\" >Romania<\/option><option value=\"RW\" >Ruanda<\/option><option value=\"EH\" >Sahara Occidentale<\/option><option value=\"KN\" >Saint Kitts e Nevis<\/option><option value=\"VC\" >Saint Vincent e Grenadine<\/option><option value=\"MF\" >Saint-Martin (parte Francese)<\/option><option value=\"WS\" >Samoa<\/option><option value=\"AS\" >Samoa americane<\/option><option value=\"SM\" >San Marino<\/option><option value=\"SH\" >Sant&#039;Elena, Ascensione e Tristan da Cunha<\/option><option value=\"LC\" >Santa Lucia<\/option><option value=\"ST\" >Sao Tome e Pr\u00edncipe<\/option><option value=\"SN\" >Senegal<\/option><option value=\"RS\" >Serbia<\/option><option value=\"SC\" >Seychelles<\/option><option value=\"SL\" >Sierra Leone<\/option><option value=\"SG\" >Singapore<\/option><option value=\"SX\" >Sint Maarten (parte dei Paesi Bassi)<\/option><option value=\"SK\" >Slovacchia<\/option><option value=\"SI\" >Slovenia<\/option><option value=\"SO\" >Somalia<\/option><option value=\"ES\" >Spagna<\/option><option value=\"LK\" >Sri Lanka<\/option><option value=\"US\" >Stati Uniti d&#039;America<\/option><option value=\"VA\" >Stato della Citt\u00e0 del Vaticano<\/option><option value=\"ZA\" >Sudafrica<\/option><option value=\"SD\" >Sudan<\/option><option value=\"SS\" >Sudan del Sud<\/option><option value=\"SR\" >Suriname<\/option><option value=\"SE\" >Svezia<\/option><option value=\"CH\" >Svizzera<\/option><option value=\"TJ\" >Tagikistan<\/option><option value=\"TW\" >Taiwan, Province of China<\/option><option value=\"TZ\" >Tanzania (Repubblica Unita della)<\/option><option value=\"TF\" >Territori Meridionali Francesi <\/option><option value=\"IO\" >Territorio Britannico nell&#039;Oceano Indiano<\/option><option value=\"TH\" >Thailandia<\/option><option value=\"TL\" >Timor Est<\/option><option value=\"TG\" >Togo<\/option><option value=\"TK\" >Tokelau<\/option><option value=\"TO\" >Tonga<\/option><option value=\"TT\" >Trinidad e Tobago<\/option><option value=\"TN\" >Tunisia<\/option><option value=\"TR\" >Turkey<\/option><option value=\"TM\" >Turkmenistan<\/option><option value=\"TV\" >Tuvalu<\/option><option value=\"UA\" >Ucraina<\/option><option value=\"UG\" >Uganda<\/option><option value=\"HU\" >Ungheria<\/option><option value=\"UY\" >Uruguay<\/option><option value=\"UZ\" >Uzbekistan<\/option><option value=\"VU\" >Vanuatu<\/option><option value=\"VE\" >Venezuela (Repubblica Bolliviana del)<\/option><option value=\"VN\" >Vietnam<\/option><option value=\"WF\" >Wallis e Futuna<\/option><option value=\"YE\" >Yemen<\/option><option value=\"ZM\" >Zambia<\/option><option value=\"ZW\" >Zimbabwe<\/option><option value=\"SZ\" >eSwatini (Regno di)<\/option><\/select><label for=\"wpforms-16-field_5-country\" class=\"wpforms-field-sublabel after wpforms-sublabel-hide\">Country<\/label><\/div><\/div><\/div><div id=\"wpforms-16-field_3-container\" class=\"wpforms-field wpforms-field-text\" data-field-id=\"3\"><label class=\"wpforms-field-label\" for=\"wpforms-16-field_3\">Oggetto <span class=\"wpforms-required-label\">*<\/span><\/label><input type=\"text\" id=\"wpforms-16-field_3\" class=\"wpforms-field-medium wpforms-field-required\" name=\"wpforms[fields][3]\" required><\/div><div id=\"wpforms-16-field_2-container\" class=\"wpforms-field wpforms-field-textarea\" data-field-id=\"2\"><label class=\"wpforms-field-label\" for=\"wpforms-16-field_2\">Commento o messaggio <span class=\"wpforms-required-label\">*<\/span><\/label><textarea id=\"wpforms-16-field_2\" class=\"wpforms-field-medium wpforms-field-required\" name=\"wpforms[fields][2]\" required><\/textarea><\/div><\/div><div class=\"wpforms-field wpforms-field-hp\"><label for=\"wpforms-16-field-hp\" class=\"wpforms-field-label\">Comment<\/label><input type=\"text\" name=\"wpforms[hp]\" id=\"wpforms-16-field-hp\" class=\"wpforms-field-medium\"><\/div><div class=\"wpforms-submit-container\" ><input type=\"hidden\" name=\"wpforms[id]\" value=\"16\"><input type=\"hidden\" name=\"wpforms[author]\" value=\"1\"><button type=\"submit\" name=\"wpforms[submit]\" class=\"wpforms-submit\" id=\"wpforms-submit-16\" value=\"wpforms-submit\" aria-live=\"assertive\" data-alt-text=\"Envoi...\" data-submit-text=\"Envoyer\">Inviare<\/button><\/div><input type=\"hidden\" name=\"trp-form-language\" value=\"it\"\/><\/form><\/div>  <!-- .wpforms-container -->\n\n\t\t<\/div>\n\t<\/div>\n<\/div><\/div><\/div><div class=\"wpb_column vc_column_container vc_col-sm-4\"><div class=\"vc_column-inner\"><div class=\"wpb_wrapper\"><\/div><\/div><\/div><\/div>","protected":false},"excerpt":{"rendered":"Veuillez remplir le formulaire ci-dessous, Tous les champs sont obligatoires. Toutes vos informations sont s\u00e9curis\u00e9es avec nous et elles sont utilis\u00e9es uniquement \u00e0 des fins d'identification. Abilita JavaScript nel browser per completare questo modulo.Nom *NomeCognomeE-mail *Num\u00e9ro WhatsApp *Addresse *Address Line 1CityState \/ Province \/ RegionPostal CodeAfghanistanAlbaniaAlgeriaAndorraAngolaAnguillaAntartideAntigua e BarbudaArabia SauditaArgentinaArmeniaArubaAustraliaAustriaAzerbaijanBahamasBahrainBangladeshBarbadosBelgioBelizeBeninBermudaBhutanBielorussiaBirmaniaBolivia (Stato plurinazionale della)Bonaire, Saint Eustatius and [...]","protected":false},"author":1,"featured_media":0,"parent":0,"menu_order":0,"comment_status":"closed","ping_status":"closed","template":"template-contact.php","meta":{"_joinchat":[],"footnotes":""},"class_list":["post-17","page","type-page","status-publish","hentry"],"yoast_head":"<!-- This site is optimized with the Yoast SEO plugin v20.11 - https:\/\/yoast.com\/wordpress\/plugins\/seo\/ -->\n<title>Contactez Nous - Acheter Billet Indetectable<\/title>\n<meta name=\"robots\" content=\"index, follow, max-snippet:-1, max-image-preview:large, max-video-preview:-1\" \/>\n<link rel=\"canonical\" href=\"https:\/\/acheterbilletindetectable.com\/it\/contactez-nous\/\" \/>\n<meta property=\"og:locale\" content=\"it_IT\" \/>\n<meta property=\"og:type\" content=\"article\" \/>\n<meta property=\"og:title\" content=\"Contactez Nous - Acheter Billet Indetectable\" \/>\n<meta property=\"og:url\" content=\"https:\/\/acheterbilletindetectable.com\/it\/contactez-nous\/\" \/>\n<meta property=\"og:site_name\" content=\"Acheter Billet Indetectable\" \/>\n<meta property=\"article:modified_time\" content=\"2022-01-18T13:30:15+00:00\" \/>\n<meta name=\"twitter:card\" content=\"summary_large_image\" \/>\n<script type=\"application\/ld+json\" class=\"yoast-schema-graph\">{\"@context\":\"https:\/\/schema.org\",\"@graph\":[{\"@type\":\"WebPage\",\"@id\":\"https:\/\/acheterbilletindetectable.com\/contactez-nous\/\",\"url\":\"https:\/\/acheterbilletindetectable.com\/contactez-nous\/\",\"name\":\"Contactez Nous - Acheter Billet Indetectable\",\"isPartOf\":{\"@id\":\"https:\/\/acheterbilletindetectable.com\/#website\"},\"datePublished\":\"2019-08-17T14:39:34+00:00\",\"dateModified\":\"2022-01-18T13:30:15+00:00\",\"breadcrumb\":{\"@id\":\"https:\/\/acheterbilletindetectable.com\/contactez-nous\/#breadcrumb\"},\"inLanguage\":\"it-IT\",\"potentialAction\":[{\"@type\":\"ReadAction\",\"target\":[\"https:\/\/acheterbilletindetectable.com\/contactez-nous\/\"]}]},{\"@type\":\"BreadcrumbList\",\"@id\":\"https:\/\/acheterbilletindetectable.com\/contactez-nous\/#breadcrumb\",\"itemListElement\":[{\"@type\":\"ListItem\",\"position\":1,\"name\":\"Accueil\",\"item\":\"https:\/\/acheterbilletindetectable.com\/\"},{\"@type\":\"ListItem\",\"position\":2,\"name\":\"Contactez Nous\"}]},{\"@type\":\"WebSite\",\"@id\":\"https:\/\/acheterbilletindetectable.com\/#website\",\"url\":\"https:\/\/acheterbilletindetectable.com\/\",\"name\":\"Acheter Billet Indetectable\",\"description\":\"Acheter Billet Indetectable\",\"publisher\":{\"@id\":\"https:\/\/acheterbilletindetectable.com\/#organization\"},\"potentialAction\":[{\"@type\":\"SearchAction\",\"target\":{\"@type\":\"EntryPoint\",\"urlTemplate\":\"https:\/\/acheterbilletindetectable.com\/?s={search_term_string}\"},\"query-input\":\"required name=search_term_string\"}],\"inLanguage\":\"it-IT\"},{\"@type\":\"Organization\",\"@id\":\"https:\/\/acheterbilletindetectable.com\/#organization\",\"name\":\"Acheter Billet Indetectable\",\"url\":\"https:\/\/acheterbilletindetectable.com\/\",\"logo\":{\"@type\":\"ImageObject\",\"inLanguage\":\"it-IT\",\"@id\":\"https:\/\/acheterbilletindetectable.com\/#\/schema\/logo\/image\/\",\"url\":\"https:\/\/acheterbilletindetectable.com\/wp-content\/uploads\/2022\/01\/free-euro-1.png\",\"contentUrl\":\"https:\/\/acheterbilletindetectable.com\/wp-content\/uploads\/2022\/01\/free-euro-1.png\",\"width\":150,\"height\":150,\"caption\":\"Acheter Billet Indetectable\"},\"image\":{\"@id\":\"https:\/\/acheterbilletindetectable.com\/#\/schema\/logo\/image\/\"}}]}<\/script>\n<!-- \/ Yoast SEO plugin. -->","yoast_head_json":{"title":"Contactez Nous - Acheter Billet Indetectable","robots":{"index":"index","follow":"follow","max-snippet":"max-snippet:-1","max-image-preview":"max-image-preview:large","max-video-preview":"max-video-preview:-1"},"canonical":"https:\/\/acheterbilletindetectable.com\/it\/contactez-nous\/","og_locale":"it_IT","og_type":"article","og_title":"Contactez Nous - Acheter Billet Indetectable","og_url":"https:\/\/acheterbilletindetectable.com\/it\/contactez-nous\/","og_site_name":"Acheter Billet Indetectable","article_modified_time":"2022-01-18T13:30:15+00:00","twitter_card":"summary_large_image","schema":{"@context":"https:\/\/schema.org","@graph":[{"@type":"WebPage","@id":"https:\/\/acheterbilletindetectable.com\/contactez-nous\/","url":"https:\/\/acheterbilletindetectable.com\/contactez-nous\/","name":"Contactez Nous - Acheter Billet Indetectable","isPartOf":{"@id":"https:\/\/acheterbilletindetectable.com\/#website"},"datePublished":"2019-08-17T14:39:34+00:00","dateModified":"2022-01-18T13:30:15+00:00","breadcrumb":{"@id":"https:\/\/acheterbilletindetectable.com\/contactez-nous\/#breadcrumb"},"inLanguage":"it-IT","potentialAction":[{"@type":"ReadAction","target":["https:\/\/acheterbilletindetectable.com\/contactez-nous\/"]}]},{"@type":"BreadcrumbList","@id":"https:\/\/acheterbilletindetectable.com\/contactez-nous\/#breadcrumb","itemListElement":[{"@type":"ListItem","position":1,"name":"Accueil","item":"https:\/\/acheterbilletindetectable.com\/"},{"@type":"ListItem","position":2,"name":"Contactez Nous"}]},{"@type":"WebSite","@id":"https:\/\/acheterbilletindetectable.com\/#website","url":"https:\/\/acheterbilletindetectable.com\/","name":"Acheter Billet Indetectable","description":"Acheter Billet Indetectable","publisher":{"@id":"https:\/\/acheterbilletindetectable.com\/#organization"},"potentialAction":[{"@type":"SearchAction","target":{"@type":"EntryPoint","urlTemplate":"https:\/\/acheterbilletindetectable.com\/?s={search_term_string}"},"query-input":"required name=search_term_string"}],"inLanguage":"it-IT"},{"@type":"Organization","@id":"https:\/\/acheterbilletindetectable.com\/#organization","name":"Acheter Billet Indetectable","url":"https:\/\/acheterbilletindetectable.com\/","logo":{"@type":"ImageObject","inLanguage":"it-IT","@id":"https:\/\/acheterbilletindetectable.com\/#\/schema\/logo\/image\/","url":"https:\/\/acheterbilletindetectable.com\/wp-content\/uploads\/2022\/01\/free-euro-1.png","contentUrl":"https:\/\/acheterbilletindetectable.com\/wp-content\/uploads\/2022\/01\/free-euro-1.png","width":150,"height":150,"caption":"Acheter Billet Indetectable"},"image":{"@id":"https:\/\/acheterbilletindetectable.com\/#\/schema\/logo\/image\/"}}]}},"_links":{"self":[{"href":"https:\/\/acheterbilletindetectable.com\/it\/wp-json\/wp\/v2\/pages\/17","targetHints":{"allow":["GET"]}}],"collection":[{"href":"https:\/\/acheterbilletindetectable.com\/it\/wp-json\/wp\/v2\/pages"}],"about":[{"href":"https:\/\/acheterbilletindetectable.com\/it\/wp-json\/wp\/v2\/types\/page"}],"author":[{"embeddable":true,"href":"https:\/\/acheterbilletindetectable.com\/it\/wp-json\/wp\/v2\/users\/1"}],"replies":[{"embeddable":true,"href":"https:\/\/acheterbilletindetectable.com\/it\/wp-json\/wp\/v2\/comments?post=17"}],"version-history":[{"count":2,"href":"https:\/\/acheterbilletindetectable.com\/it\/wp-json\/wp\/v2\/pages\/17\/revisions"}],"predecessor-version":[{"id":2496,"href":"https:\/\/acheterbilletindetectable.com\/it\/wp-json\/wp\/v2\/pages\/17\/revisions\/2496"}],"wp:attachment":[{"href":"https:\/\/acheterbilletindetectable.com\/it\/wp-json\/wp\/v2\/media?parent=17"}],"curies":[{"name":"wp","href":"https:\/\/api.w.org\/{rel}","templated":true}]}}