{"id":94,"date":"2019-08-21T13:16:32","date_gmt":"2019-08-21T13:16:32","guid":{"rendered":"https:\/\/acheterbilletindetectable.com\/?post_type=product&#038;p=94"},"modified":"2025-10-05T00:00:14","modified_gmt":"2025-10-05T00:00:14","slug":"billet-de-20-euros","status":"publish","type":"product","link":"https:\/\/acheterbilletindetectable.com\/it\/product\/billet-de-20-euros\/","title":{"rendered":"20 euro di biglietto"},"content":{"rendered":"<p>Banconota da 20 euro, banconota falsa, banconota in euro falsa, banconota da 20 euro falsa, banconota da 20 euro vecchia, banconota da 20 euro falsa, banconota da 20 euro falsa, banconota da 20 euro nuova, <a href=\"https:\/\/acheterbilletindetectable.com\/it\/\" target=\"_blank\" rel=\"noopener noreferrer\">banconota da 20 euro falsa stampabile<\/a><\/p>\n<p>\u00c8 il taglio di valore pi\u00f9 basso che produciamo per motivi di redditivit\u00e0. \u00c8 impercettibile come gli altri tagli che produciamo e incorpora tutte le caratteristiche di sicurezza (stampa calcografica, filigrana, filo di sicurezza, registro trasparente, lamina speciale, strisce iridescenti\/cambi di colore).<\/p>\n<h2>I PREZZI<\/h2>\n<p>Le nostre banconote false realistiche e non rilevabili sono vendute a questi prezzi:<br \/>\n250 = \u20ac 1000 (transazione minima)<br \/>\n350\u20ac=1600\u20ac<br \/>\n450\u20ac=2200\u20ac<br \/>\n550\u20ac=2700\u20ac<br \/>\nTutti i pagamenti saranno effettuati in \u20ac!<br \/>\nGli ordini superiori a 5000 euro saranno discussi privatamente via EMAIL.<\/p>\n<p><a href=\"https:\/\/acheterbilletindetectable.com\/it\/contactez-nous\/\">ORDINA ORA!<\/a><\/p>","protected":false},"excerpt":{"rendered":"<p>\u00c8 il taglio di valore pi\u00f9 basso che produciamo per garantire la redditivit\u00e0 della nostra attivit\u00e0.<\/p>\n<h2>I PREZZI<\/h2>\n<p>Le nostre banconote false realistiche e non rilevabili sono vendute a questi prezzi:<br \/>\n250 = \u20ac 1000 (transazione minima)<br \/>\n350\u20ac=1600\u20ac<br \/>\n450\u20ac=2200\u20ac<br \/>\n550\u20ac=2700\u20ac<br \/>\nTutti i pagamenti saranno effettuati in \u20ac!<br \/>\nGli ordini superiori a 5000 euro saranno discussi privatamente via EMAIL.<\/p>\n<p><a href=\"https:\/\/acheterbilletindetectable.com\/it\/contactez-nous\/\">ORDINA ORA!<\/a><\/p>\n<p>&nbsp;<\/p>","protected":false},"featured_media":100,"comment_status":"open","ping_status":"closed","template":"","meta":{"_joinchat":[]},"product_cat":[18],"product_tag":[40,23,44,25,19,31,37,43,38,41,35,34,30,20,32,28,22,24,45,21,42,36,33,29,27,26,39],"class_list":["post-94","product","type-product","status-publish","has-post-thumbnail","hentry","product_cat-monnaie","product_tag-acheter-faux-billet-20-euros","product_tag-ancien-billet-de-20-euros","product_tag-billet-20-euros-nouveau","product_tag-billet-de-20","product_tag-billet-de-20-euros","product_tag-billet-de-20-euros-a-imprimer","product_tag-billet-de-20-euros-ancien","product_tag-billet-de-20-euros-faux","product_tag-billet-de-20-euros-nouveau","product_tag-billet-de-20-euros-rare","product_tag-billet-de-vingt-euros","product_tag-couleur-billet-euro","product_tag-euro-billet","product_tag-faux-billet","product_tag-faux-billet-20","product_tag-faux-billet-20-euros","product_tag-faux-billet-de-20","product_tag-faux-billet-de-20-euros","product_tag-faux-billet-de-20-euros-a-imprimer","product_tag-faux-billet-euro","product_tag-les-billets-de-20-euros","product_tag-les-billets-en-euros","product_tag-nouveau-billet","product_tag-nouveau-billet-20-euros","product_tag-nouveau-billet-de-20","product_tag-nouveau-billet-de-20-euros","product_tag-vingt-euros"],"yoast_head":"<!-- This site is optimized with the Yoast SEO plugin v20.11 - https:\/\/yoast.com\/wordpress\/plugins\/seo\/ -->\n<title>billet de 20 euros, faux billet, faux billet euro, faux billet de 20<\/title>\n<meta name=\"description\" content=\"billet de 20 euros, faux billet, faux billet euro, faux billet de 20, ancien billet de 20 euros, faux billet de 20 euros, billet de 20\" \/>\n<meta name=\"robots\" content=\"index, follow, max-snippet:-1, max-image-preview:large, max-video-preview:-1\" \/>\n<link rel=\"canonical\" href=\"https:\/\/acheterbilletindetectable.com\/it\/product\/billet-de-20-euros\/\" \/>\n<meta property=\"og:locale\" content=\"it_IT\" \/>\n<meta property=\"og:type\" content=\"article\" \/>\n<meta property=\"og:title\" content=\"billet de 20 euros, faux billet, faux billet euro, faux billet de 20\" \/>\n<meta property=\"og:description\" content=\"billet de 20 euros, faux billet, faux billet euro, faux billet de 20, ancien billet de 20 euros, faux billet de 20 euros, billet de 20\" \/>\n<meta property=\"og:url\" content=\"https:\/\/acheterbilletindetectable.com\/it\/product\/billet-de-20-euros\/\" \/>\n<meta property=\"og:site_name\" content=\"Acheter Billet Indetectable\" \/>\n<meta property=\"article:modified_time\" content=\"2025-10-05T00:00:14+00:00\" \/>\n<meta property=\"og:image\" content=\"https:\/\/acheterbilletindetectable.com\/wp-content\/uploads\/2019\/08\/billet-de-20-euros.jpg\" \/>\n\t<meta property=\"og:image:width\" content=\"1280\" \/>\n\t<meta property=\"og:image:height\" content=\"719\" \/>\n\t<meta property=\"og:image:type\" content=\"image\/jpeg\" \/>\n<meta name=\"twitter:card\" content=\"summary_large_image\" \/>\n<meta name=\"twitter:label1\" content=\"Tempo di lettura stimato\" \/>\n\t<meta name=\"twitter:data1\" content=\"1 minuto\" \/>\n<script type=\"application\/ld+json\" class=\"yoast-schema-graph\">{\"@context\":\"https:\/\/schema.org\",\"@graph\":[{\"@type\":\"WebPage\",\"@id\":\"https:\/\/acheterbilletindetectable.com\/product\/billet-de-20-euros\/\",\"url\":\"https:\/\/acheterbilletindetectable.com\/product\/billet-de-20-euros\/\",\"name\":\"billet de 20 euros, faux billet, faux billet euro, faux billet de 20\",\"isPartOf\":{\"@id\":\"https:\/\/acheterbilletindetectable.com\/#website\"},\"datePublished\":\"2019-08-21T13:16:32+00:00\",\"dateModified\":\"2025-10-05T00:00:14+00:00\",\"description\":\"billet de 20 euros, faux billet, faux billet euro, faux billet de 20, ancien billet de 20 euros, faux billet de 20 euros, billet de 20\",\"breadcrumb\":{\"@id\":\"https:\/\/acheterbilletindetectable.com\/product\/billet-de-20-euros\/#breadcrumb\"},\"inLanguage\":\"it-IT\",\"potentialAction\":[{\"@type\":\"ReadAction\",\"target\":[\"https:\/\/acheterbilletindetectable.com\/product\/billet-de-20-euros\/\"]}]},{\"@type\":\"BreadcrumbList\",\"@id\":\"https:\/\/acheterbilletindetectable.com\/product\/billet-de-20-euros\/#breadcrumb\",\"itemListElement\":[{\"@type\":\"ListItem\",\"position\":1,\"name\":\"Accueil\",\"item\":\"https:\/\/acheterbilletindetectable.com\/\"},{\"@type\":\"ListItem\",\"position\":2,\"name\":\"Boutique\",\"item\":\"https:\/\/acheterbilletindetectable.com\/boutique\/\"},{\"@type\":\"ListItem\",\"position\":3,\"name\":\"Billet de 20 euros\"}]},{\"@type\":\"WebSite\",\"@id\":\"https:\/\/acheterbilletindetectable.com\/#website\",\"url\":\"https:\/\/acheterbilletindetectable.com\/\",\"name\":\"Acheter Billet Indetectable\",\"description\":\"Acheter Billet Indetectable\",\"publisher\":{\"@id\":\"https:\/\/acheterbilletindetectable.com\/#organization\"},\"potentialAction\":[{\"@type\":\"SearchAction\",\"target\":{\"@type\":\"EntryPoint\",\"urlTemplate\":\"https:\/\/acheterbilletindetectable.com\/?s={search_term_string}\"},\"query-input\":\"required name=search_term_string\"}],\"inLanguage\":\"it-IT\"},{\"@type\":\"Organization\",\"@id\":\"https:\/\/acheterbilletindetectable.com\/#organization\",\"name\":\"Acheter Billet Indetectable\",\"url\":\"https:\/\/acheterbilletindetectable.com\/\",\"logo\":{\"@type\":\"ImageObject\",\"inLanguage\":\"it-IT\",\"@id\":\"https:\/\/acheterbilletindetectable.com\/#\/schema\/logo\/image\/\",\"url\":\"https:\/\/acheterbilletindetectable.com\/wp-content\/uploads\/2022\/01\/free-euro-1.png\",\"contentUrl\":\"https:\/\/acheterbilletindetectable.com\/wp-content\/uploads\/2022\/01\/free-euro-1.png\",\"width\":150,\"height\":150,\"caption\":\"Acheter Billet Indetectable\"},\"image\":{\"@id\":\"https:\/\/acheterbilletindetectable.com\/#\/schema\/logo\/image\/\"}}]}<\/script>\n<!-- \/ Yoast SEO plugin. -->","yoast_head_json":{"title":"billet de 20 euros, faux billet, faux billet euro, faux billet de 20","description":"billet de 20 euros, faux billet, faux billet euro, faux billet de 20, ancien billet de 20 euros, faux billet de 20 euros, billet de 20","robots":{"index":"index","follow":"follow","max-snippet":"max-snippet:-1","max-image-preview":"max-image-preview:large","max-video-preview":"max-video-preview:-1"},"canonical":"https:\/\/acheterbilletindetectable.com\/it\/product\/billet-de-20-euros\/","og_locale":"it_IT","og_type":"article","og_title":"billet de 20 euros, faux billet, faux billet euro, faux billet de 20","og_description":"billet de 20 euros, faux billet, faux billet euro, faux billet de 20, ancien billet de 20 euros, faux billet de 20 euros, billet de 20","og_url":"https:\/\/acheterbilletindetectable.com\/it\/product\/billet-de-20-euros\/","og_site_name":"Acheter Billet Indetectable","article_modified_time":"2025-10-05T00:00:14+00:00","og_image":[{"width":1280,"height":719,"url":"https:\/\/acheterbilletindetectable.com\/wp-content\/uploads\/2019\/08\/billet-de-20-euros.jpg","type":"image\/jpeg"}],"twitter_card":"summary_large_image","twitter_misc":{"Tempo di lettura stimato":"1 minuto"},"schema":{"@context":"https:\/\/schema.org","@graph":[{"@type":"WebPage","@id":"https:\/\/acheterbilletindetectable.com\/product\/billet-de-20-euros\/","url":"https:\/\/acheterbilletindetectable.com\/product\/billet-de-20-euros\/","name":"billet de 20 euros, faux billet, faux billet euro, faux billet de 20","isPartOf":{"@id":"https:\/\/acheterbilletindetectable.com\/#website"},"datePublished":"2019-08-21T13:16:32+00:00","dateModified":"2025-10-05T00:00:14+00:00","description":"billet de 20 euros, faux billet, faux billet euro, faux billet de 20, ancien billet de 20 euros, faux billet de 20 euros, billet de 20","breadcrumb":{"@id":"https:\/\/acheterbilletindetectable.com\/product\/billet-de-20-euros\/#breadcrumb"},"inLanguage":"it-IT","potentialAction":[{"@type":"ReadAction","target":["https:\/\/acheterbilletindetectable.com\/product\/billet-de-20-euros\/"]}]},{"@type":"BreadcrumbList","@id":"https:\/\/acheterbilletindetectable.com\/product\/billet-de-20-euros\/#breadcrumb","itemListElement":[{"@type":"ListItem","position":1,"name":"Accueil","item":"https:\/\/acheterbilletindetectable.com\/"},{"@type":"ListItem","position":2,"name":"Boutique","item":"https:\/\/acheterbilletindetectable.com\/boutique\/"},{"@type":"ListItem","position":3,"name":"Billet de 20 euros"}]},{"@type":"WebSite","@id":"https:\/\/acheterbilletindetectable.com\/#website","url":"https:\/\/acheterbilletindetectable.com\/","name":"Acheter Billet Indetectable","description":"Acheter Billet Indetectable","publisher":{"@id":"https:\/\/acheterbilletindetectable.com\/#organization"},"potentialAction":[{"@type":"SearchAction","target":{"@type":"EntryPoint","urlTemplate":"https:\/\/acheterbilletindetectable.com\/?s={search_term_string}"},"query-input":"required name=search_term_string"}],"inLanguage":"it-IT"},{"@type":"Organization","@id":"https:\/\/acheterbilletindetectable.com\/#organization","name":"Acheter Billet Indetectable","url":"https:\/\/acheterbilletindetectable.com\/","logo":{"@type":"ImageObject","inLanguage":"it-IT","@id":"https:\/\/acheterbilletindetectable.com\/#\/schema\/logo\/image\/","url":"https:\/\/acheterbilletindetectable.com\/wp-content\/uploads\/2022\/01\/free-euro-1.png","contentUrl":"https:\/\/acheterbilletindetectable.com\/wp-content\/uploads\/2022\/01\/free-euro-1.png","width":150,"height":150,"caption":"Acheter Billet Indetectable"},"image":{"@id":"https:\/\/acheterbilletindetectable.com\/#\/schema\/logo\/image\/"}}]}},"_links":{"self":[{"href":"https:\/\/acheterbilletindetectable.com\/it\/wp-json\/wp\/v2\/product\/94","targetHints":{"allow":["GET"]}}],"collection":[{"href":"https:\/\/acheterbilletindetectable.com\/it\/wp-json\/wp\/v2\/product"}],"about":[{"href":"https:\/\/acheterbilletindetectable.com\/it\/wp-json\/wp\/v2\/types\/product"}],"replies":[{"embeddable":true,"href":"https:\/\/acheterbilletindetectable.com\/it\/wp-json\/wp\/v2\/comments?post=94"}],"wp:featuredmedia":[{"embeddable":true,"href":"https:\/\/acheterbilletindetectable.com\/it\/wp-json\/wp\/v2\/media\/100"}],"wp:attachment":[{"href":"https:\/\/acheterbilletindetectable.com\/it\/wp-json\/wp\/v2\/media?parent=94"}],"wp:term":[{"taxonomy":"product_cat","embeddable":true,"href":"https:\/\/acheterbilletindetectable.com\/it\/wp-json\/wp\/v2\/product_cat?post=94"},{"taxonomy":"product_tag","embeddable":true,"href":"https:\/\/acheterbilletindetectable.com\/it\/wp-json\/wp\/v2\/product_tag?post=94"}],"curies":[{"name":"wp","href":"https:\/\/api.w.org\/{rel}","templated":true}]}}