{"id":104,"date":"2019-08-21T15:03:50","date_gmt":"2019-08-21T15:03:50","guid":{"rendered":"https:\/\/acheterbilletindetectable.com\/?post_type=product&#038;p=104"},"modified":"2025-09-24T17:01:24","modified_gmt":"2025-09-24T17:01:24","slug":"billet-de-100-euros","status":"publish","type":"product","link":"https:\/\/acheterbilletindetectable.com\/pt\/product\/billet-de-100-euros\/","title":{"rendered":"Bilhete de 100 euros"},"content":{"rendered":"<p>Nota 100,\u00a0 <a href=\"\/\/acheterdesfauxbillets.com\/acheter-faux-billets\/\" target=\"_blank\" rel=\"noopener noreferrer\">nota de 100 euros falsa<\/a><\/p>\n<p>A nota de 100 euros \u00e9 a quarta nota de denomina\u00e7\u00e3o mais elevada e \u00e9 considerada a mais pequena das notas de denomina\u00e7\u00e3o elevada (100, 200 e 500 euros). Est\u00e1 agora dispon\u00edvel no nosso s\u00edtio de venda de notas falsas. Tal como todas as outras notas que vendemos, as notas de 100 euros que aqui compra seguem um processo de fabrico muito meticuloso, que garante a impossibilidade de detetar que se trata de notas falsas, uma vez que s\u00e3o id\u00eanticas em todos os aspectos \u00e0s notas produzidas pelos bancos emissores. Com todas as precau\u00e7\u00f5es que tomamos para reproduzir fielmente estas notas, a \u00fanica forma de detetar que s\u00e3o falsas \u00e9 verificar os seus n\u00fameros nas bases de dados.<br \/>\nCompre notas de 100 euros ou mais e melhore a sua vida quotidiana e a dos seus entes queridos. Com apenas alguns cliques, pode comprar notas falsas indetect\u00e1veis em todos os supermercados e lojas.<\/p>\n<h2>OS PRE\u00c7OS<\/h2>\n<p>As nossas notas falsas realistas e indetect\u00e1veis s\u00e3o vendidas a estes pre\u00e7os:<br \/>\n250 = 1000 euros (transa\u00e7\u00e3o m\u00ednima)<br \/>\n350\u20ac=1600\u20ac<br \/>\n450\u20ac=2200\u20ac<br \/>\n550\u20ac=2700\u20ac<br \/>\nTodos os pagamentos ser\u00e3o efectuados em euros!<br \/>\nLes commandes sup\u00e9rieures \u00e0 5000Euro seront discut\u00e9es en priv\u00e9 via<\/p>\n<p><a href=\"https:\/\/acheterbilletindetectable.com\/pt\/contactez-nous\/\">Contactar-nos<\/a><\/p>","protected":false},"excerpt":{"rendered":"<p>A nota de 100 euros \u00e9 a quarta nota de denomina\u00e7\u00e3o mais elevada e \u00e9 considerada a mais pequena das notas de denomina\u00e7\u00e3o elevada (100, 200 e 500 euros).<\/p>\n<h2>OS PRE\u00c7OS<\/h2>\n<p>As nossas notas falsas realistas e indetect\u00e1veis s\u00e3o vendidas a estes pre\u00e7os:<br \/>\n250 = 1000 euros (transa\u00e7\u00e3o m\u00ednima)<br \/>\n350\u20ac=1600\u20ac<br \/>\n450\u20ac=2200\u20ac<br \/>\n550\u20ac=2700\u20ac<br \/>\nTodos os pagamentos ser\u00e3o efectuados em euros!<br \/>\nAs encomendas superiores a 5000 euros ser\u00e3o discutidas em privado.<\/p>\n<p><a href=\"https:\/\/acheterbilletindetectable.com\/pt\/contactez-nous\/\">Contactar-nos<\/a><\/p>","protected":false},"featured_media":105,"comment_status":"open","ping_status":"closed","template":"","meta":{"_joinchat":[]},"product_cat":[18],"product_tag":[57,62,58,55,60,59,36,33,61,56],"class_list":["post-104","product","type-product","status-publish","has-post-thumbnail","hentry","product_cat-monnaie","product_tag-billet-100-euros","product_tag-billet-100-euros-faux","product_tag-billet-de-100","product_tag-billet-de-100-euros","product_tag-billet-de-100-euros-a-imprimer","product_tag-faux-billet-de-100-euros","product_tag-les-billets-en-euros","product_tag-nouveau-billet","product_tag-nouveau-billet-100-euros","product_tag-nouveau-billet-de-100-euros"],"yoast_head":"<!-- This site is optimized with the Yoast SEO plugin v20.11 - https:\/\/yoast.com\/wordpress\/plugins\/seo\/ -->\n<title>billet de 100 euros, nouveau billet de 100 euros, billet 100 euros<\/title>\n<meta name=\"description\" content=\"billet de 100 euros, nouveau billet de 100 euros, billet 100 euros, nouveau billet, les billets en euros, billet de 100, faux billet de 100 euros\" \/>\n<meta name=\"robots\" content=\"index, follow, max-snippet:-1, max-image-preview:large, max-video-preview:-1\" \/>\n<link rel=\"canonical\" href=\"https:\/\/acheterbilletindetectable.com\/pt\/product\/billet-de-100-euros\/\" \/>\n<meta property=\"og:locale\" content=\"pt_PT\" \/>\n<meta property=\"og:type\" content=\"article\" \/>\n<meta property=\"og:title\" content=\"billet de 100 euros, nouveau billet de 100 euros, billet 100 euros\" \/>\n<meta property=\"og:description\" content=\"billet de 100 euros, nouveau billet de 100 euros, billet 100 euros, nouveau billet, les billets en euros, billet de 100, faux billet de 100 euros\" \/>\n<meta property=\"og:url\" content=\"https:\/\/acheterbilletindetectable.com\/pt\/product\/billet-de-100-euros\/\" \/>\n<meta property=\"og:site_name\" content=\"Acheter Billet Indetectable\" \/>\n<meta property=\"article:modified_time\" content=\"2025-09-24T17:01:24+00:00\" \/>\n<meta property=\"og:image\" content=\"https:\/\/acheterbilletindetectable.com\/wp-content\/uploads\/2019\/08\/billet-de-100-euros.jpg\" \/>\n\t<meta property=\"og:image:width\" content=\"1280\" \/>\n\t<meta property=\"og:image:height\" content=\"720\" \/>\n\t<meta property=\"og:image:type\" content=\"image\/jpeg\" \/>\n<meta name=\"twitter:card\" content=\"summary_large_image\" \/>\n<meta name=\"twitter:label1\" content=\"Tempo estimado de leitura\" \/>\n\t<meta name=\"twitter:data1\" content=\"2 minutos\" \/>\n<script type=\"application\/ld+json\" class=\"yoast-schema-graph\">{\"@context\":\"https:\/\/schema.org\",\"@graph\":[{\"@type\":\"WebPage\",\"@id\":\"https:\/\/acheterbilletindetectable.com\/product\/billet-de-100-euros\/\",\"url\":\"https:\/\/acheterbilletindetectable.com\/product\/billet-de-100-euros\/\",\"name\":\"billet de 100 euros, nouveau billet de 100 euros, billet 100 euros\",\"isPartOf\":{\"@id\":\"https:\/\/acheterbilletindetectable.com\/#website\"},\"datePublished\":\"2019-08-21T15:03:50+00:00\",\"dateModified\":\"2025-09-24T17:01:24+00:00\",\"description\":\"billet de 100 euros, nouveau billet de 100 euros, billet 100 euros, nouveau billet, les billets en euros, billet de 100, faux billet de 100 euros\",\"breadcrumb\":{\"@id\":\"https:\/\/acheterbilletindetectable.com\/product\/billet-de-100-euros\/#breadcrumb\"},\"inLanguage\":\"pt-PT\",\"potentialAction\":[{\"@type\":\"ReadAction\",\"target\":[\"https:\/\/acheterbilletindetectable.com\/product\/billet-de-100-euros\/\"]}]},{\"@type\":\"BreadcrumbList\",\"@id\":\"https:\/\/acheterbilletindetectable.com\/product\/billet-de-100-euros\/#breadcrumb\",\"itemListElement\":[{\"@type\":\"ListItem\",\"position\":1,\"name\":\"Accueil\",\"item\":\"https:\/\/acheterbilletindetectable.com\/\"},{\"@type\":\"ListItem\",\"position\":2,\"name\":\"Boutique\",\"item\":\"https:\/\/acheterbilletindetectable.com\/boutique\/\"},{\"@type\":\"ListItem\",\"position\":3,\"name\":\"Billet de 100 euros\"}]},{\"@type\":\"WebSite\",\"@id\":\"https:\/\/acheterbilletindetectable.com\/#website\",\"url\":\"https:\/\/acheterbilletindetectable.com\/\",\"name\":\"Acheter Billet Indetectable\",\"description\":\"Acheter Billet Indetectable\",\"publisher\":{\"@id\":\"https:\/\/acheterbilletindetectable.com\/#organization\"},\"potentialAction\":[{\"@type\":\"SearchAction\",\"target\":{\"@type\":\"EntryPoint\",\"urlTemplate\":\"https:\/\/acheterbilletindetectable.com\/?s={search_term_string}\"},\"query-input\":\"required name=search_term_string\"}],\"inLanguage\":\"pt-PT\"},{\"@type\":\"Organization\",\"@id\":\"https:\/\/acheterbilletindetectable.com\/#organization\",\"name\":\"Acheter Billet Indetectable\",\"url\":\"https:\/\/acheterbilletindetectable.com\/\",\"logo\":{\"@type\":\"ImageObject\",\"inLanguage\":\"pt-PT\",\"@id\":\"https:\/\/acheterbilletindetectable.com\/#\/schema\/logo\/image\/\",\"url\":\"https:\/\/acheterbilletindetectable.com\/wp-content\/uploads\/2022\/01\/free-euro-1.png\",\"contentUrl\":\"https:\/\/acheterbilletindetectable.com\/wp-content\/uploads\/2022\/01\/free-euro-1.png\",\"width\":150,\"height\":150,\"caption\":\"Acheter Billet Indetectable\"},\"image\":{\"@id\":\"https:\/\/acheterbilletindetectable.com\/#\/schema\/logo\/image\/\"}}]}<\/script>\n<!-- \/ Yoast SEO plugin. -->","yoast_head_json":{"title":"billet de 100 euros, nouveau billet de 100 euros, billet 100 euros","description":"billet de 100 euros, nouveau billet de 100 euros, billet 100 euros, nouveau billet, les billets en euros, billet de 100, faux billet de 100 euros","robots":{"index":"index","follow":"follow","max-snippet":"max-snippet:-1","max-image-preview":"max-image-preview:large","max-video-preview":"max-video-preview:-1"},"canonical":"https:\/\/acheterbilletindetectable.com\/pt\/product\/billet-de-100-euros\/","og_locale":"pt_PT","og_type":"article","og_title":"billet de 100 euros, nouveau billet de 100 euros, billet 100 euros","og_description":"billet de 100 euros, nouveau billet de 100 euros, billet 100 euros, nouveau billet, les billets en euros, billet de 100, faux billet de 100 euros","og_url":"https:\/\/acheterbilletindetectable.com\/pt\/product\/billet-de-100-euros\/","og_site_name":"Acheter Billet Indetectable","article_modified_time":"2025-09-24T17:01:24+00:00","og_image":[{"width":1280,"height":720,"url":"https:\/\/acheterbilletindetectable.com\/wp-content\/uploads\/2019\/08\/billet-de-100-euros.jpg","type":"image\/jpeg"}],"twitter_card":"summary_large_image","twitter_misc":{"Tempo estimado de leitura":"2 minutos"},"schema":{"@context":"https:\/\/schema.org","@graph":[{"@type":"WebPage","@id":"https:\/\/acheterbilletindetectable.com\/product\/billet-de-100-euros\/","url":"https:\/\/acheterbilletindetectable.com\/product\/billet-de-100-euros\/","name":"billet de 100 euros, nouveau billet de 100 euros, billet 100 euros","isPartOf":{"@id":"https:\/\/acheterbilletindetectable.com\/#website"},"datePublished":"2019-08-21T15:03:50+00:00","dateModified":"2025-09-24T17:01:24+00:00","description":"billet de 100 euros, nouveau billet de 100 euros, billet 100 euros, nouveau billet, les billets en euros, billet de 100, faux billet de 100 euros","breadcrumb":{"@id":"https:\/\/acheterbilletindetectable.com\/product\/billet-de-100-euros\/#breadcrumb"},"inLanguage":"pt-PT","potentialAction":[{"@type":"ReadAction","target":["https:\/\/acheterbilletindetectable.com\/product\/billet-de-100-euros\/"]}]},{"@type":"BreadcrumbList","@id":"https:\/\/acheterbilletindetectable.com\/product\/billet-de-100-euros\/#breadcrumb","itemListElement":[{"@type":"ListItem","position":1,"name":"Accueil","item":"https:\/\/acheterbilletindetectable.com\/"},{"@type":"ListItem","position":2,"name":"Boutique","item":"https:\/\/acheterbilletindetectable.com\/boutique\/"},{"@type":"ListItem","position":3,"name":"Billet de 100 euros"}]},{"@type":"WebSite","@id":"https:\/\/acheterbilletindetectable.com\/#website","url":"https:\/\/acheterbilletindetectable.com\/","name":"Acheter Billet Indetectable","description":"Acheter Billet Indetectable","publisher":{"@id":"https:\/\/acheterbilletindetectable.com\/#organization"},"potentialAction":[{"@type":"SearchAction","target":{"@type":"EntryPoint","urlTemplate":"https:\/\/acheterbilletindetectable.com\/?s={search_term_string}"},"query-input":"required name=search_term_string"}],"inLanguage":"pt-PT"},{"@type":"Organization","@id":"https:\/\/acheterbilletindetectable.com\/#organization","name":"Acheter Billet Indetectable","url":"https:\/\/acheterbilletindetectable.com\/","logo":{"@type":"ImageObject","inLanguage":"pt-PT","@id":"https:\/\/acheterbilletindetectable.com\/#\/schema\/logo\/image\/","url":"https:\/\/acheterbilletindetectable.com\/wp-content\/uploads\/2022\/01\/free-euro-1.png","contentUrl":"https:\/\/acheterbilletindetectable.com\/wp-content\/uploads\/2022\/01\/free-euro-1.png","width":150,"height":150,"caption":"Acheter Billet Indetectable"},"image":{"@id":"https:\/\/acheterbilletindetectable.com\/#\/schema\/logo\/image\/"}}]}},"_links":{"self":[{"href":"https:\/\/acheterbilletindetectable.com\/pt\/wp-json\/wp\/v2\/product\/104","targetHints":{"allow":["GET"]}}],"collection":[{"href":"https:\/\/acheterbilletindetectable.com\/pt\/wp-json\/wp\/v2\/product"}],"about":[{"href":"https:\/\/acheterbilletindetectable.com\/pt\/wp-json\/wp\/v2\/types\/product"}],"replies":[{"embeddable":true,"href":"https:\/\/acheterbilletindetectable.com\/pt\/wp-json\/wp\/v2\/comments?post=104"}],"wp:featuredmedia":[{"embeddable":true,"href":"https:\/\/acheterbilletindetectable.com\/pt\/wp-json\/wp\/v2\/media\/105"}],"wp:attachment":[{"href":"https:\/\/acheterbilletindetectable.com\/pt\/wp-json\/wp\/v2\/media?parent=104"}],"wp:term":[{"taxonomy":"product_cat","embeddable":true,"href":"https:\/\/acheterbilletindetectable.com\/pt\/wp-json\/wp\/v2\/product_cat?post=104"},{"taxonomy":"product_tag","embeddable":true,"href":"https:\/\/acheterbilletindetectable.com\/pt\/wp-json\/wp\/v2\/product_tag?post=104"}],"curies":[{"name":"wp","href":"https:\/\/api.w.org\/{rel}","templated":true}]}}